{"id":3277,"date":"2019-09-27T18:56:14","date_gmt":"2019-09-27T16:56:14","guid":{"rendered":"http:\/\/pc-direkthandel.de\/wordpress\/?post_type=product&#038;p=3277"},"modified":"2019-09-27T18:59:19","modified_gmt":"2019-09-27T16:59:19","slug":"medion-erazer-p15805","status":"publish","type":"product","link":"http:\/\/pc-direkthandel.de\/wordpress\/product\/medion-erazer-p15805\/","title":{"rendered":"MEDION Erazer P15805"},"content":{"rendered":"<p><strong>Starker Kern f\u00fcr starken Spielspa\u00df<\/strong><br \/>\nDu m\u00f6chtest auch unterwegs Deine Lieblings-Games genie\u00dfen? Dann bietet Dir das MEDION ERAZER P15805 Gaming-Notebook was Du suchst. Die Kombination aus dem Intel\u00ae Core\u2122 i7-9750H Sechskern-Prozessor und der NVIDIA\u00ae GeForce\u00ae GTX 1660 Ti Grafikkarte begleiten Dich und Deine Lieblingsspiele \u00fcberall hin. Die inneren Werte sind dem Notebook nur bedingt anzusehen: Das Geh\u00e4use ist mit nahezu randlosem Design schlicht gestaltet, setzt jedoch durch die in 15 Farben hintergrundbeleuchtete RGB Tastatur Akzente.<\/p>\n<p><strong>So sieht Gaming aus<\/strong><br \/>\nMit dem MEDION ERAZER P15805 musst Du auch unterwegs nicht auf blitzschnelle Reaktionszeiten eines Gaming-Displays verzichten. Nat\u00fcrlich ist das Display matt. Dich sollen schlie\u00dflich keine st\u00f6renden Reflexionen ablenken.<\/p>\n<p><strong>Auch multimedial gut aufgestellt<\/strong><br \/>\nM\u00f6chtest Du Deine Spielepartien aufzeichnen und Videos schneiden? Mit dem MEDION ERAZER P15805 ist das kein Problem! Die schnelle Hardware wird mit 16 GB DDR4-Arbeitsspeicher, 512 GB PCIe SSD und 1 TB HDD Festplattenspeicher komplettiert. Wartezeiten oder Speicherplatz-Sorgen geh\u00f6ren somit der Vergangenheit an. Die Dolby Audio\u2122 Technologie sorgt zudem f\u00fcr packenden Klang in deinen Gaming Partien.<\/p>\n","protected":false},"excerpt":{"rendered":"<p>Starker Kern f\u00fcr starken Spielspa\u00df Du m\u00f6chtest auch unterwegs Deine Lieblings-Games genie\u00dfen? Dann bietet Dir das MEDION ERAZER P15805 Gaming-Notebook was Du suchst. Die Kombination aus dem Intel\u00ae Core\u2122 i7-9750H Sechskern-Prozessor und der NVIDIA\u00ae GeForce\u00ae GTX 1660 Ti Grafikkarte begleiten Dich und Deine Lieblingsspiele \u00fcberall hin. Die inneren Werte sind dem Notebook nur bedingt anzusehen: [&hellip;]<\/p>\n","protected":false},"featured_media":3278,"comment_status":"open","ping_status":"closed","template":"","meta":{"_acf_changed":false},"product_cat":[247],"product_tag":[],"acf":[],"jetpack_sharing_enabled":true,"_links":{"self":[{"href":"http:\/\/pc-direkthandel.de\/wordpress\/wp-json\/wp\/v2\/product\/3277"}],"collection":[{"href":"http:\/\/pc-direkthandel.de\/wordpress\/wp-json\/wp\/v2\/product"}],"about":[{"href":"http:\/\/pc-direkthandel.de\/wordpress\/wp-json\/wp\/v2\/types\/product"}],"replies":[{"embeddable":true,"href":"http:\/\/pc-direkthandel.de\/wordpress\/wp-json\/wp\/v2\/comments?post=3277"}],"wp:featuredmedia":[{"embeddable":true,"href":"http:\/\/pc-direkthandel.de\/wordpress\/wp-json\/wp\/v2\/media\/3278"}],"wp:attachment":[{"href":"http:\/\/pc-direkthandel.de\/wordpress\/wp-json\/wp\/v2\/media?parent=3277"}],"wp:term":[{"taxonomy":"product_cat","embeddable":true,"href":"http:\/\/pc-direkthandel.de\/wordpress\/wp-json\/wp\/v2\/product_cat?post=3277"},{"taxonomy":"product_tag","embeddable":true,"href":"http:\/\/pc-direkthandel.de\/wordpress\/wp-json\/wp\/v2\/product_tag?post=3277"}],"curies":[{"name":"wp","href":"https:\/\/api.w.org\/{rel}","templated":true}]}}