{"id":3271,"date":"2019-09-27T18:43:57","date_gmt":"2019-09-27T16:43:57","guid":{"rendered":"http:\/\/pc-direkthandel.de\/wordpress\/?post_type=product&#038;p=3271"},"modified":"2019-09-27T18:47:45","modified_gmt":"2019-09-27T16:47:45","slug":"medion-erazer-p6605","status":"publish","type":"product","link":"http:\/\/pc-direkthandel.de\/wordpress\/product\/medion-erazer-p6605\/","title":{"rendered":"MEDION Erazer P6605"},"content":{"rendered":"<p><strong>Multimedia und Gaming unterwegs<br \/>\n<\/strong>Mit dem g\u00fcnstigen MEDION ERAZER P6605 hast Du gen\u00fcgend Performance, um Deine Lieblings-Games auch unterwegs zu spielen. Der starke Core i7 Prozessor bringt Deine Games flott voran und die NVIDIA\u00ae GTX 1050 Grafikkarte sorgt f\u00fcr eine gute Darstellung. Das Gaming Notebook sieht mit seiner Backlit-Tastatur stark aus und greift Dir unter die Arme: So triffst Du auch bei schlechter Beleuchtung immer die richtigen Tasten.<\/p>\n<p><strong>Jedes Level ein Erfolg<\/strong><br \/>\nDas Gaming Notebook MEDION ERAZER P6605 ist Dein idealer Begleiter f\u00fcr Spiele und mehr! Ob Anwendung oder Surfen. Dieses Notebook l\u00e4sst Dich nie im Stich. Auf dem 15,6&#8220; Full HD Display hast Du die volle Kontrolle und siehst alles in scharfen Farben. Mit 1.920 x 1.080 Pixeln kommen Deine Games erst richtig zur Geltung. Mit dem edlen schwarzen Metall-Cover hast Du immer einen starken Auftritt.<\/p>\n<p><strong>Alltagstauglich f\u00fcr alle Anwendungen<\/strong><br \/>\nDas g\u00fcnstige Gaming Notebook MEDION ERAZER P6605 ist ein alltagstauglicher Wegbegleiter. Damit bew\u00e4ltigst Du auch Videoschnitt oder Fotobearbeitung. Durch die gro\u00dfe Festplatte mit 1.000 GB Speicherkapazit\u00e4t hast Du genug Platz f\u00fcr Spiele, Videos und Deine Musik. Mit dieser starken Performance und dem tollen Aussehen des Notebooks bist Du allen Anforderungen jederzeit gewappnet. Die 512 GB gro\u00dfe PCIe SSD sorgt daf\u00fcr, dass das Notebook und alle Anwendungen flink starten. Mit dieser starken Performance und dem tollen Aussehen des Notebooks bist Du allen Anforderungen jederzeit gewappnet.<\/p>\n","protected":false},"excerpt":{"rendered":"<p>Multimedia und Gaming unterwegs Mit dem g\u00fcnstigen MEDION ERAZER P6605 hast Du gen\u00fcgend Performance, um Deine Lieblings-Games auch unterwegs zu spielen. Der starke Core i7 Prozessor bringt Deine Games flott voran und die NVIDIA\u00ae GTX 1050 Grafikkarte sorgt f\u00fcr eine gute Darstellung. Das Gaming Notebook sieht mit seiner Backlit-Tastatur stark aus und greift Dir unter [&hellip;]<\/p>\n","protected":false},"featured_media":3272,"comment_status":"open","ping_status":"closed","template":"","meta":{"_acf_changed":false},"product_cat":[247],"product_tag":[],"acf":[],"jetpack_sharing_enabled":true,"_links":{"self":[{"href":"http:\/\/pc-direkthandel.de\/wordpress\/wp-json\/wp\/v2\/product\/3271"}],"collection":[{"href":"http:\/\/pc-direkthandel.de\/wordpress\/wp-json\/wp\/v2\/product"}],"about":[{"href":"http:\/\/pc-direkthandel.de\/wordpress\/wp-json\/wp\/v2\/types\/product"}],"replies":[{"embeddable":true,"href":"http:\/\/pc-direkthandel.de\/wordpress\/wp-json\/wp\/v2\/comments?post=3271"}],"wp:featuredmedia":[{"embeddable":true,"href":"http:\/\/pc-direkthandel.de\/wordpress\/wp-json\/wp\/v2\/media\/3272"}],"wp:attachment":[{"href":"http:\/\/pc-direkthandel.de\/wordpress\/wp-json\/wp\/v2\/media?parent=3271"}],"wp:term":[{"taxonomy":"product_cat","embeddable":true,"href":"http:\/\/pc-direkthandel.de\/wordpress\/wp-json\/wp\/v2\/product_cat?post=3271"},{"taxonomy":"product_tag","embeddable":true,"href":"http:\/\/pc-direkthandel.de\/wordpress\/wp-json\/wp\/v2\/product_tag?post=3271"}],"curies":[{"name":"wp","href":"https:\/\/api.w.org\/{rel}","templated":true}]}}