{"id":3269,"date":"2019-09-27T18:41:19","date_gmt":"2019-09-27T16:41:19","guid":{"rendered":"http:\/\/pc-direkthandel.de\/wordpress\/?post_type=product&#038;p=3269"},"modified":"2019-09-27T18:43:30","modified_gmt":"2019-09-27T16:43:30","slug":"medion-erazer-x17801","status":"publish","type":"product","link":"http:\/\/pc-direkthandel.de\/wordpress\/product\/medion-erazer-x17801\/","title":{"rendered":"MEDION Erazer X17801"},"content":{"rendered":"<p><strong>High-End-Gaming f\u00fcr unterwegs<\/strong><\/p>\n<p>Das ERAZER-Notebook von MEDION bietet passionierten Gamern aktuelle und leistungsf\u00e4hige Hardware f\u00fcr bequemes Zocken auf Reisen. Der Intel Core i7-9750H-Prozessor stellt die erforderliche Rechenpower f\u00fcr anspruchsvolle Spiele zur Verf\u00fcgung \u2013 inklusive Intel-Turbo-Boost-Technologie. Die NVIDIA GeForce GTX 1660 Ti erlaubt Gaming auf hohem Niveau in vollen Details und optimierter Aufl\u00f6sung.<\/p>\n<p><strong>Top-Display f\u00fcr echte Gamer<\/strong><\/p>\n<p>Mit einer Diagonale von 17,3 Zoll bietet das Full-HD-Display des ERAZER-Notebooks von MEDION den bestm\u00f6glichen \u00dcberblick \u00fcber das Spielgeschehen. Die IPS-Technologie und der extrem schmale Displayrahmen erg\u00e4nzen das auf Gaming-Bed\u00fcrfnisse angepasste Gesamtkonzept.<\/p>\n<p><strong>Schnell, schneller, SSD<\/strong><\/p>\n<p>Weil das ERAZER-Notebook \u00fcber einen vorinstallierten Steam-Client verf\u00fcgt, k\u00f6nnen Spieler besonders einfach auf Ihre Games-Bibliothek zugreifen. Die integrierte SSD mit gro\u00dfz\u00fcgig bemessenem Speicherplatz sorgt f\u00fcr besonders kurze Ladezeiten und mehr Spa\u00df beim Zocken, w\u00e4hrend die 1TB-HDD jede Menge Platz f\u00fcr Daten, Fotos und Videos bietet.<\/p>\n","protected":false},"excerpt":{"rendered":"<p>High-End-Gaming f\u00fcr unterwegs Das ERAZER-Notebook von MEDION bietet passionierten Gamern aktuelle und leistungsf\u00e4hige Hardware f\u00fcr bequemes Zocken auf Reisen. Der Intel Core i7-9750H-Prozessor stellt die erforderliche Rechenpower f\u00fcr anspruchsvolle Spiele zur Verf\u00fcgung \u2013 inklusive Intel-Turbo-Boost-Technologie. Die NVIDIA GeForce GTX 1660 Ti erlaubt Gaming auf hohem Niveau in vollen Details und optimierter Aufl\u00f6sung. Top-Display f\u00fcr echte [&hellip;]<\/p>\n","protected":false},"featured_media":3270,"comment_status":"open","ping_status":"closed","template":"","meta":{"_acf_changed":false},"product_cat":[247],"product_tag":[],"acf":[],"jetpack_sharing_enabled":true,"_links":{"self":[{"href":"http:\/\/pc-direkthandel.de\/wordpress\/wp-json\/wp\/v2\/product\/3269"}],"collection":[{"href":"http:\/\/pc-direkthandel.de\/wordpress\/wp-json\/wp\/v2\/product"}],"about":[{"href":"http:\/\/pc-direkthandel.de\/wordpress\/wp-json\/wp\/v2\/types\/product"}],"replies":[{"embeddable":true,"href":"http:\/\/pc-direkthandel.de\/wordpress\/wp-json\/wp\/v2\/comments?post=3269"}],"wp:featuredmedia":[{"embeddable":true,"href":"http:\/\/pc-direkthandel.de\/wordpress\/wp-json\/wp\/v2\/media\/3270"}],"wp:attachment":[{"href":"http:\/\/pc-direkthandel.de\/wordpress\/wp-json\/wp\/v2\/media?parent=3269"}],"wp:term":[{"taxonomy":"product_cat","embeddable":true,"href":"http:\/\/pc-direkthandel.de\/wordpress\/wp-json\/wp\/v2\/product_cat?post=3269"},{"taxonomy":"product_tag","embeddable":true,"href":"http:\/\/pc-direkthandel.de\/wordpress\/wp-json\/wp\/v2\/product_tag?post=3269"}],"curies":[{"name":"wp","href":"https:\/\/api.w.org\/{rel}","templated":true}]}}