{"id":3267,"date":"2019-09-27T18:36:36","date_gmt":"2019-09-27T16:36:36","guid":{"rendered":"http:\/\/pc-direkthandel.de\/wordpress\/?post_type=product&#038;p=3267"},"modified":"2019-09-27T18:38:20","modified_gmt":"2019-09-27T16:38:20","slug":"medion-erazer-x17805-2","status":"publish","type":"product","link":"http:\/\/pc-direkthandel.de\/wordpress\/product\/medion-erazer-x17805-2\/","title":{"rendered":"MEDION Erazer X17805"},"content":{"rendered":"<p><strong>Mobiles Gaming neu erleben<\/strong><br \/>\nDas MEDION ERAZER X17805 Gaming-Notebook bietet Dir das volle Spiele-Erlebnis \u2013 egal wo Du bist. Die Gaming-Allzweckwaffe ist von Kopf bis Fu\u00df auf Performance eingestellt und liefert Dir mit dem b\u00e4renstarken Intel\u00ae Core\u2122 i7-9750H Prozessor satte Performance auf Desktop-Niveau in einem absolut schnittigen Geh\u00e4use: Der extra schmale Rahmen bringt das brillante 144Hz Full-HD-Display mit 17,3 Zoll besonders gut zur Geltung und l\u00e4sst Dich noch intensiver in Gaming-Welten abtauchen. Die topaktuelle NVIDIA\u00ae GeForce RTX\u2122 2070 im Max-Q Design Grafikkarte stellt auch aktuelle Blockbuster butterweich dar und ist fit f\u00fcrs Gaming von morgen: Durch die Unterst\u00fctzung von Echtzeit-Raytracing f\u00fcr umwerfend realistische Lichteffekte und genug Performance f\u00fcr Virtual Reality freust Du Dich schon jetzt auf die Spiele der n\u00e4chsten Generation.<\/p>\n<p><strong>Gib Dich nicht mit weniger zufrieden<\/strong><br \/>\nSpiele sehen auf dem MEDION ERAZER X17805 bombastisch aus \u2013 und steuern sich noch besser. In diesem Gaming-Notebook ist eine mechanische Tastatur verbaut, mit der Du durch pr\u00e4zise Druckpunkte und schnelle Reaktionszeiten jeder Herausforderung gewachsen bist. Den Anschluss einer externen Tastatur kannst Du Dir sparen und direkt ganz oben mitspielen.<\/p>\n<p><strong>Rundum auf Gaming eingestellt<\/strong><br \/>\nDie schnellen 32 GB DDR4 RAM runden diese mobile Gaming-Maschine ab, schmelzen Ladezeiten und bieten Dir auch ausreichend Arbeitskraft f\u00fcr anspruchsvolle Grafik- oder Videobearbeitung. Viel Platz f\u00fcr Spiele, Dokumente und aufgezeichnete Gaming-Highlights hast Du auf der Festplatten-Kombination aus 512 GB SSD sowie 2.000 GB HDD.<\/p>\n","protected":false},"excerpt":{"rendered":"<p>Mobiles Gaming neu erleben Das MEDION ERAZER X17805 Gaming-Notebook bietet Dir das volle Spiele-Erlebnis \u2013 egal wo Du bist. Die Gaming-Allzweckwaffe ist von Kopf bis Fu\u00df auf Performance eingestellt und liefert Dir mit dem b\u00e4renstarken Intel\u00ae Core\u2122 i7-9750H Prozessor satte Performance auf Desktop-Niveau in einem absolut schnittigen Geh\u00e4use: Der extra schmale Rahmen bringt das brillante [&hellip;]<\/p>\n","protected":false},"featured_media":3266,"comment_status":"open","ping_status":"closed","template":"","meta":{"_acf_changed":false},"product_cat":[247],"product_tag":[],"acf":[],"jetpack_sharing_enabled":true,"_links":{"self":[{"href":"http:\/\/pc-direkthandel.de\/wordpress\/wp-json\/wp\/v2\/product\/3267"}],"collection":[{"href":"http:\/\/pc-direkthandel.de\/wordpress\/wp-json\/wp\/v2\/product"}],"about":[{"href":"http:\/\/pc-direkthandel.de\/wordpress\/wp-json\/wp\/v2\/types\/product"}],"replies":[{"embeddable":true,"href":"http:\/\/pc-direkthandel.de\/wordpress\/wp-json\/wp\/v2\/comments?post=3267"}],"wp:featuredmedia":[{"embeddable":true,"href":"http:\/\/pc-direkthandel.de\/wordpress\/wp-json\/wp\/v2\/media\/3266"}],"wp:attachment":[{"href":"http:\/\/pc-direkthandel.de\/wordpress\/wp-json\/wp\/v2\/media?parent=3267"}],"wp:term":[{"taxonomy":"product_cat","embeddable":true,"href":"http:\/\/pc-direkthandel.de\/wordpress\/wp-json\/wp\/v2\/product_cat?post=3267"},{"taxonomy":"product_tag","embeddable":true,"href":"http:\/\/pc-direkthandel.de\/wordpress\/wp-json\/wp\/v2\/product_tag?post=3267"}],"curies":[{"name":"wp","href":"https:\/\/api.w.org\/{rel}","templated":true}]}}