{"id":3264,"date":"2019-09-27T18:31:52","date_gmt":"2019-09-27T16:31:52","guid":{"rendered":"http:\/\/pc-direkthandel.de\/wordpress\/?post_type=product&#038;p=3264"},"modified":"2019-09-27T18:33:25","modified_gmt":"2019-09-27T16:33:25","slug":"medion-erazer-x15807-2","status":"publish","type":"product","link":"http:\/\/pc-direkthandel.de\/wordpress\/product\/medion-erazer-x15807-2\/","title":{"rendered":"MEDION Erazer X15807"},"content":{"rendered":"<p><strong>Volle Gaming-Power f\u00fcr den Rucksack<\/strong><br \/>\nMit dem MEDION ERAZER X15807 Gaming-Notebook begleiten Dich Deine Games \u00fcberall hin. Durch sein brillantes Full-HD-Display mit 15 Zoll ist Dein neuer Spielgef\u00e4hrte \u00e4u\u00dferst platzsparend und besonders gut zu transportieren. In dem kompakten Geh\u00e4use mit extra schmalem Rahmen steckt jedoch volle Gaming-Leistung auf Desktop-Niveau. Den Kern der High-End-Ausstattung bilden der potente Intel\u00ae Core\u2122 i7-9750H Prozessor der neunten Generation und die topaktuelle NVIDIA\u00ae GeForce RTX\u2122 2060 Grafikkarte. Mit diesem b\u00e4renstarken Gespann erlebst Du aktuelle Spiele in genialer Qualit\u00e4t absolut ruckelfrei und freust Dich bereits auf die Games von morgen: Mit genug Leistungsreserven f\u00fcr Virtual Reality und der modernen Echtzeit-Raytracing-Technologie f\u00fcr realistischere Grafik erwartet Dich eine bombige Spiele-Zukunft!<\/p>\n<p><strong>Einfach besser spielen<\/strong><br \/>\nDas MEDION ERAZER X15807 legt auf fantastische Grafik und Top-Performance noch einen drauf. Mit der verbauten mechanischen Tastatur liefert Dir das Notebook genau die Kontrolle und Pr\u00e4zision, die Du f\u00fcr vollen Genuss brauchst. Mit rasanten Reaktionszeiten und exakten Druckpunkten spielst Du \u00fcberall ganz oben mit.<\/p>\n<p><strong>H\u00f6chstleistung in allen Lebenslagen<\/strong><br \/>\nAbgerundet wird das MEDION ERAZER X15807 durch eine satte Speicher-Ausstattung. Die pfeilschnellen 16 GB DDR4 RAM sagen langen Ladezeiten den Kampf an und machen auch anspruchsvolle Grafik- oder Videobearbeitung zum Kinderspiel. Die 512 GB SSD bietet Dir mehr als genug digitalen Stauraum f\u00fcr Produktivit\u00e4t und Unterhaltung.<\/p>\n","protected":false},"excerpt":{"rendered":"<p>Volle Gaming-Power f\u00fcr den Rucksack Mit dem MEDION ERAZER X15807 Gaming-Notebook begleiten Dich Deine Games \u00fcberall hin. Durch sein brillantes Full-HD-Display mit 15 Zoll ist Dein neuer Spielgef\u00e4hrte \u00e4u\u00dferst platzsparend und besonders gut zu transportieren. In dem kompakten Geh\u00e4use mit extra schmalem Rahmen steckt jedoch volle Gaming-Leistung auf Desktop-Niveau. Den Kern der High-End-Ausstattung bilden der [&hellip;]<\/p>\n","protected":false},"featured_media":3263,"comment_status":"open","ping_status":"closed","template":"","meta":{"_acf_changed":false},"product_cat":[247],"product_tag":[],"acf":[],"jetpack_sharing_enabled":true,"_links":{"self":[{"href":"http:\/\/pc-direkthandel.de\/wordpress\/wp-json\/wp\/v2\/product\/3264"}],"collection":[{"href":"http:\/\/pc-direkthandel.de\/wordpress\/wp-json\/wp\/v2\/product"}],"about":[{"href":"http:\/\/pc-direkthandel.de\/wordpress\/wp-json\/wp\/v2\/types\/product"}],"replies":[{"embeddable":true,"href":"http:\/\/pc-direkthandel.de\/wordpress\/wp-json\/wp\/v2\/comments?post=3264"}],"wp:featuredmedia":[{"embeddable":true,"href":"http:\/\/pc-direkthandel.de\/wordpress\/wp-json\/wp\/v2\/media\/3263"}],"wp:attachment":[{"href":"http:\/\/pc-direkthandel.de\/wordpress\/wp-json\/wp\/v2\/media?parent=3264"}],"wp:term":[{"taxonomy":"product_cat","embeddable":true,"href":"http:\/\/pc-direkthandel.de\/wordpress\/wp-json\/wp\/v2\/product_cat?post=3264"},{"taxonomy":"product_tag","embeddable":true,"href":"http:\/\/pc-direkthandel.de\/wordpress\/wp-json\/wp\/v2\/product_tag?post=3264"}],"curies":[{"name":"wp","href":"https:\/\/api.w.org\/{rel}","templated":true}]}}