{"id":3260,"date":"2019-09-27T18:26:29","date_gmt":"2019-09-27T16:26:29","guid":{"rendered":"http:\/\/pc-direkthandel.de\/wordpress\/?post_type=product&#038;p=3260"},"modified":"2019-09-27T18:29:14","modified_gmt":"2019-09-27T16:29:14","slug":"medion-erazer-x15801","status":"publish","type":"product","link":"http:\/\/pc-direkthandel.de\/wordpress\/product\/medion-erazer-x15801\/","title":{"rendered":"MEDION Erazer X15801"},"content":{"rendered":"<p><strong>Volle Gaming-Power f\u00fcr den Rucksack<\/strong><br \/>\nMit dem MEDION ERAZER X15801 Gaming-Notebook begleiten Dich Deine Games \u00fcberall hin. Durch sein brillantes Full-HD-Display mit 15 Zoll ist Dein neuer Spielgef\u00e4hrte \u00e4u\u00dferst platzsparend und besonders gut zu transportieren. In dem kompakten Geh\u00e4use mit extra schmalem Rahmen steckt jedoch volle Gaming-Leistung auf Desktop-Niveau. Den Kern der Core-Gaming-Ausstattung bilden der potente Intel\u00ae Core\u2122 i5-9300H Prozessor und die NVIDIA\u00ae GeForce\u00ae GTX 1660 Ti Grafikkarte. Mit diesem b\u00e4renstarken Gespann erlebst Du aktuelle Spiele in hoher Qualit\u00e4t und freust Dich bereits auf die Games von morgen!<\/p>\n<p><strong>Einfach besser spielen<\/strong><br \/>\nDas MEDION ERAZER X15801 legt auf fantastische Grafik und Top-Performance noch einen drauf. Mit der verbauten mechanischen Tastatur liefert Dir das Notebook genau die Kontrolle und Pr\u00e4zision, die Du f\u00fcr vollen Genuss brauchst. Mit rasanten Reaktionszeiten und exakten Druckpunkten spielst Du \u00fcberall ganz oben mit.<\/p>\n<p><strong>H\u00f6chstleistung in allen Lebenslagen<\/strong><br \/>\nAbgerundet wird das MEDION ERAZER X15801 durch eine satte Speicher-Ausstattung. Die pfeilschnellen 16 GB DDR4 RAM sagen langen Ladezeiten den Kampf an und machen auch anspruchsvolle Grafik- oder Videobearbeitung zum Kinderspiel. Die Kombination aus 256 GB SSD sowie 1.000 GB HDD bietet Dir mehr als genug digitalen Stauraum f\u00fcr Produktivit\u00e4t und Unterhaltung.<\/p>\n","protected":false},"excerpt":{"rendered":"<p>Volle Gaming-Power f\u00fcr den Rucksack Mit dem MEDION ERAZER X15801 Gaming-Notebook begleiten Dich Deine Games \u00fcberall hin. Durch sein brillantes Full-HD-Display mit 15 Zoll ist Dein neuer Spielgef\u00e4hrte \u00e4u\u00dferst platzsparend und besonders gut zu transportieren. In dem kompakten Geh\u00e4use mit extra schmalem Rahmen steckt jedoch volle Gaming-Leistung auf Desktop-Niveau. Den Kern der Core-Gaming-Ausstattung bilden der [&hellip;]<\/p>\n","protected":false},"featured_media":3261,"comment_status":"open","ping_status":"closed","template":"","meta":{"_acf_changed":false},"product_cat":[247],"product_tag":[],"acf":[],"jetpack_sharing_enabled":true,"_links":{"self":[{"href":"http:\/\/pc-direkthandel.de\/wordpress\/wp-json\/wp\/v2\/product\/3260"}],"collection":[{"href":"http:\/\/pc-direkthandel.de\/wordpress\/wp-json\/wp\/v2\/product"}],"about":[{"href":"http:\/\/pc-direkthandel.de\/wordpress\/wp-json\/wp\/v2\/types\/product"}],"replies":[{"embeddable":true,"href":"http:\/\/pc-direkthandel.de\/wordpress\/wp-json\/wp\/v2\/comments?post=3260"}],"wp:featuredmedia":[{"embeddable":true,"href":"http:\/\/pc-direkthandel.de\/wordpress\/wp-json\/wp\/v2\/media\/3261"}],"wp:attachment":[{"href":"http:\/\/pc-direkthandel.de\/wordpress\/wp-json\/wp\/v2\/media?parent=3260"}],"wp:term":[{"taxonomy":"product_cat","embeddable":true,"href":"http:\/\/pc-direkthandel.de\/wordpress\/wp-json\/wp\/v2\/product_cat?post=3260"},{"taxonomy":"product_tag","embeddable":true,"href":"http:\/\/pc-direkthandel.de\/wordpress\/wp-json\/wp\/v2\/product_tag?post=3260"}],"curies":[{"name":"wp","href":"https:\/\/api.w.org\/{rel}","templated":true}]}}