{"id":3250,"date":"2019-09-27T13:18:55","date_gmt":"2019-09-27T11:18:55","guid":{"rendered":"http:\/\/pc-direkthandel.de\/wordpress\/?post_type=product&#038;p=3250"},"modified":"2019-09-27T13:20:59","modified_gmt":"2019-09-27T11:20:59","slug":"medion-akoya-e4272","status":"publish","type":"product","link":"http:\/\/pc-direkthandel.de\/wordpress\/product\/medion-akoya-e4272\/","title":{"rendered":"MEDION Akoya E4272"},"content":{"rendered":"<p><strong>Stilvoll unterwegs<\/strong><br \/>\nEgal wo Du bist: Mit dem Notebook MEDION AKOYA E4272 hast Du die Wahl, ob Du produktiv sein m\u00f6chtest, entspannt Bilder betrachtest, im Netz surfst oder Deine Lieblingsfilme genie\u00dft. Mit seinem schlanken Geh\u00e4use aus Aluminium sieht es nicht nur hervorragend aus, sondern wird Dich auch durch seine praktischen Funktionen begeistern.<\/p>\n<p><strong>Mehr als nur ein Notebook<\/strong><br \/>\nEntdecke die v\u00f6llige Flexibilit\u00e4t des 360-Grad-Scharniers und nutze das Notebook alternativ als vollwertiges Tablet oder sieh Dir Filme stilecht im Zelt- oder Standmodus komfortabel an. Letzteres ist au\u00dferdem besonders n\u00fctzlich, wenn Du unterwegs Deinen Kollegen eine Pr\u00e4sentation vorf\u00fchren m\u00f6chtest oder gemeinsam mit der Familie einen Film ansiehst.<\/p>\n","protected":false},"excerpt":{"rendered":"<p>Stilvoll unterwegs Egal wo Du bist: Mit dem Notebook MEDION AKOYA E4272 hast Du die Wahl, ob Du produktiv sein m\u00f6chtest, entspannt Bilder betrachtest, im Netz surfst oder Deine Lieblingsfilme genie\u00dft. Mit seinem schlanken Geh\u00e4use aus Aluminium sieht es nicht nur hervorragend aus, sondern wird Dich auch durch seine praktischen Funktionen begeistern. Mehr als nur [&hellip;]<\/p>\n","protected":false},"featured_media":3251,"comment_status":"open","ping_status":"closed","template":"","meta":{"_acf_changed":false},"product_cat":[248],"product_tag":[],"acf":[],"jetpack_sharing_enabled":true,"_links":{"self":[{"href":"http:\/\/pc-direkthandel.de\/wordpress\/wp-json\/wp\/v2\/product\/3250"}],"collection":[{"href":"http:\/\/pc-direkthandel.de\/wordpress\/wp-json\/wp\/v2\/product"}],"about":[{"href":"http:\/\/pc-direkthandel.de\/wordpress\/wp-json\/wp\/v2\/types\/product"}],"replies":[{"embeddable":true,"href":"http:\/\/pc-direkthandel.de\/wordpress\/wp-json\/wp\/v2\/comments?post=3250"}],"wp:featuredmedia":[{"embeddable":true,"href":"http:\/\/pc-direkthandel.de\/wordpress\/wp-json\/wp\/v2\/media\/3251"}],"wp:attachment":[{"href":"http:\/\/pc-direkthandel.de\/wordpress\/wp-json\/wp\/v2\/media?parent=3250"}],"wp:term":[{"taxonomy":"product_cat","embeddable":true,"href":"http:\/\/pc-direkthandel.de\/wordpress\/wp-json\/wp\/v2\/product_cat?post=3250"},{"taxonomy":"product_tag","embeddable":true,"href":"http:\/\/pc-direkthandel.de\/wordpress\/wp-json\/wp\/v2\/product_tag?post=3250"}],"curies":[{"name":"wp","href":"https:\/\/api.w.org\/{rel}","templated":true}]}}