{"id":3245,"date":"2019-09-27T13:11:07","date_gmt":"2019-09-27T11:11:07","guid":{"rendered":"http:\/\/pc-direkthandel.de\/wordpress\/?post_type=product&#038;p=3245"},"modified":"2019-09-27T13:13:49","modified_gmt":"2019-09-27T11:13:49","slug":"medion-akoya-s4401","status":"publish","type":"product","link":"http:\/\/pc-direkthandel.de\/wordpress\/product\/medion-akoya-s4401\/","title":{"rendered":"MEDION Akoya S4401"},"content":{"rendered":"<p><strong>Starke Eleganz<\/strong><br \/>\nWenn Du dieses MEDION Notebook aufklappst, sind Dir neidische Blicke gewiss. Das extrem schlanke Kraftpaket im schicken Aluminium-Geh\u00e4use ist nur 18 Millimeter d\u00fcnn und damit perfekt dazu geeignet, Dich wirklich \u00fcberallhin zu begleiten. Der besonders schmale Rahmen des 14-Zoll-Notebooks bringt das brillante Full HD-Display bestens zur Geltung, das produktiven Einsatz und Multimedia-Unterhaltung gleicherma\u00dfen zum Genuss macht. Da das mobile Kraftpaket mit dem Intel\u00ae Core\u2122 i5- 8250U Prozessor der 8. Generation ausgestattet ist, geht ihm auch bei anspruchsvolleren Anwendungen nicht die Puste aus.<\/p>\n<p><strong>Schlanke Form, starker Kern<\/strong><br \/>\nDie 256 GB gro\u00dfe SSD bietet Dir genug digitalen Stauraum f\u00fcr Deine Daten und Medien. Perfekt um beispielsweise auf langen Zugfahrten nicht nur zu arbeiten, sondern auch Deine Lieblingsfilme in Full HD-Qualit\u00e4t zu genie\u00dfen. Die Suche nach einer Netzsteckdose kannst Du Dir dabei sparen \u2013 das Notebook \u00fcberzeugt mit einer langen Laufzeit von bis zu 7.5 Stunden mit einer vollen Akkuladung.<\/p>\n","protected":false},"excerpt":{"rendered":"<p>Starke Eleganz Wenn Du dieses MEDION Notebook aufklappst, sind Dir neidische Blicke gewiss. Das extrem schlanke Kraftpaket im schicken Aluminium-Geh\u00e4use ist nur 18 Millimeter d\u00fcnn und damit perfekt dazu geeignet, Dich wirklich \u00fcberallhin zu begleiten. Der besonders schmale Rahmen des 14-Zoll-Notebooks bringt das brillante Full HD-Display bestens zur Geltung, das produktiven Einsatz und Multimedia-Unterhaltung gleicherma\u00dfen [&hellip;]<\/p>\n","protected":false},"featured_media":3246,"comment_status":"open","ping_status":"closed","template":"","meta":{"_acf_changed":false},"product_cat":[248],"product_tag":[],"acf":[],"jetpack_sharing_enabled":true,"_links":{"self":[{"href":"http:\/\/pc-direkthandel.de\/wordpress\/wp-json\/wp\/v2\/product\/3245"}],"collection":[{"href":"http:\/\/pc-direkthandel.de\/wordpress\/wp-json\/wp\/v2\/product"}],"about":[{"href":"http:\/\/pc-direkthandel.de\/wordpress\/wp-json\/wp\/v2\/types\/product"}],"replies":[{"embeddable":true,"href":"http:\/\/pc-direkthandel.de\/wordpress\/wp-json\/wp\/v2\/comments?post=3245"}],"wp:featuredmedia":[{"embeddable":true,"href":"http:\/\/pc-direkthandel.de\/wordpress\/wp-json\/wp\/v2\/media\/3246"}],"wp:attachment":[{"href":"http:\/\/pc-direkthandel.de\/wordpress\/wp-json\/wp\/v2\/media?parent=3245"}],"wp:term":[{"taxonomy":"product_cat","embeddable":true,"href":"http:\/\/pc-direkthandel.de\/wordpress\/wp-json\/wp\/v2\/product_cat?post=3245"},{"taxonomy":"product_tag","embeddable":true,"href":"http:\/\/pc-direkthandel.de\/wordpress\/wp-json\/wp\/v2\/product_tag?post=3245"}],"curies":[{"name":"wp","href":"https:\/\/api.w.org\/{rel}","templated":true}]}}