{"id":3243,"date":"2019-09-27T13:08:26","date_gmt":"2019-09-27T11:08:26","guid":{"rendered":"http:\/\/pc-direkthandel.de\/wordpress\/?post_type=product&#038;p=3243"},"modified":"2019-09-27T13:10:55","modified_gmt":"2019-09-27T11:10:55","slug":"medion-akoya-e3216-b-ware","status":"publish","type":"product","link":"http:\/\/pc-direkthandel.de\/wordpress\/product\/medion-akoya-e3216-b-ware\/","title":{"rendered":"MEDION Akoya E3216 (B-Ware)"},"content":{"rendered":"<p><b>Bitte beachten Sie, dass dieser Artikel als B-Ware angeboten wird. B-Ware kann Gebrauchsspuren oder andere optische M\u00e4ngel aufweisen, wurde jedoch \u00fcberpr\u00fcft und ist technisch einwandfrei.<\/b><\/p>\n<p><strong>Vier Dinge auf einmal!<\/strong><br \/>\nGenie\u00dfe die Freiheit, denn das MEDION\u00ae AKOYA\u00ae E3216 ist mehr als nur ein Notebook. Du kannst es in vier verschiedenen Modi nutzen und damit mehrere Ger\u00e4te ersetzen. Der Tablet-Modus erlaubt Dir die Bedienung per Touch und somit hohen Komfort. Oder klappe die Tastatur aus und schreibe bequem l\u00e4ngere Texte. Im Pr\u00e4sentations-Modus zeigst Du Deinen Lieben Urlaubfotos. Der Zelt-Modus ist schlie\u00dflich optimal f\u00fcrs Schauen von Serien und Filmen geeignet.<\/p>\n<p><strong>Einfach per Sprache steuern<\/strong><br \/>\nNeben den klassischen Methoden kannst Du das MEDION\u00ae AKOYA\u00ae E3216 auch per Sprache steuern. Der Sprachassistent antwortet Dir auf Deine Fragen und hilft Dir unter anderem bei der Terminplanung. Vor Fremdzugriff sch\u00fctzt ein Fingerabdruck-Scanner: Nur Du kannst das Notebook entsperren.<\/p>\n","protected":false},"excerpt":{"rendered":"<p>Bitte beachten Sie, dass dieser Artikel als B-Ware angeboten wird. B-Ware kann Gebrauchsspuren oder andere optische M\u00e4ngel aufweisen, wurde jedoch \u00fcberpr\u00fcft und ist technisch einwandfrei. Vier Dinge auf einmal! Genie\u00dfe die Freiheit, denn das MEDION\u00ae AKOYA\u00ae E3216 ist mehr als nur ein Notebook. Du kannst es in vier verschiedenen Modi nutzen und damit mehrere Ger\u00e4te [&hellip;]<\/p>\n","protected":false},"featured_media":3244,"comment_status":"open","ping_status":"closed","template":"","meta":{"_acf_changed":false},"product_cat":[248],"product_tag":[],"acf":[],"jetpack_sharing_enabled":true,"_links":{"self":[{"href":"http:\/\/pc-direkthandel.de\/wordpress\/wp-json\/wp\/v2\/product\/3243"}],"collection":[{"href":"http:\/\/pc-direkthandel.de\/wordpress\/wp-json\/wp\/v2\/product"}],"about":[{"href":"http:\/\/pc-direkthandel.de\/wordpress\/wp-json\/wp\/v2\/types\/product"}],"replies":[{"embeddable":true,"href":"http:\/\/pc-direkthandel.de\/wordpress\/wp-json\/wp\/v2\/comments?post=3243"}],"wp:featuredmedia":[{"embeddable":true,"href":"http:\/\/pc-direkthandel.de\/wordpress\/wp-json\/wp\/v2\/media\/3244"}],"wp:attachment":[{"href":"http:\/\/pc-direkthandel.de\/wordpress\/wp-json\/wp\/v2\/media?parent=3243"}],"wp:term":[{"taxonomy":"product_cat","embeddable":true,"href":"http:\/\/pc-direkthandel.de\/wordpress\/wp-json\/wp\/v2\/product_cat?post=3243"},{"taxonomy":"product_tag","embeddable":true,"href":"http:\/\/pc-direkthandel.de\/wordpress\/wp-json\/wp\/v2\/product_tag?post=3243"}],"curies":[{"name":"wp","href":"https:\/\/api.w.org\/{rel}","templated":true}]}}