{"id":3240,"date":"2019-09-27T13:03:41","date_gmt":"2019-09-27T11:03:41","guid":{"rendered":"http:\/\/pc-direkthandel.de\/wordpress\/?post_type=product&#038;p=3240"},"modified":"2019-09-27T13:05:19","modified_gmt":"2019-09-27T11:05:19","slug":"medion-akoya-e3222","status":"publish","type":"product","link":"http:\/\/pc-direkthandel.de\/wordpress\/product\/medion-akoya-e3222\/","title":{"rendered":"MEDION Akoya E3222"},"content":{"rendered":"<p><strong>Stilvoll unterwegs<\/strong><br \/>\nEgal wo Du bist: Mit dem Notebook MEDION AKOYA E3221 hast Du die Wahl, ob Du produktiv sein m\u00f6chtest, entspannt Bilder betrachtest, im Netz surfst oder Deine Lieblingsfilme genie\u00dft. Mit seinem schlanken Geh\u00e4use aus Aluminium und seinem schmalen Displayrahmen sieht es nicht nur hervorragend aus, sondern wird Dich auch durch seine praktischen Funktionen begeistern.<\/p>\n<p><strong>Mehr als nur ein Notebook<\/strong><br \/>\nEntdecke die v\u00f6llige Flexibilit\u00e4t des 360-Grad-Scharniers und nutze das Notebook alternativ als vollwertiges Tablet oder sieh Dir Filme stilecht im Zelt- oder Standmodus komfortabel an. Letzteres ist au\u00dferdem besonders n\u00fctzlich, wenn Du unterwegs Deinen Kollegen eine Pr\u00e4sentation vorf\u00fchren m\u00f6chtest oder gemeinsam mit der Familie einen Film ansiehst.<\/p>\n<p><strong>Einfach erweiterbar<\/strong><br \/>\nDu denkst langfristig und m\u00f6chtest Dein Notebook m\u00f6glichst lange nutzen? Der zus\u00e4tzliche SSD-Schacht erlaubt es Dir, jederzeit m\u00fchelos eine SSD-Festplatte bis 512 Gigabyte einzubauen und so noch mehr Platz f\u00fcr Filme, Fotos und Dateien zu nutzen.<\/p>\n","protected":false},"excerpt":{"rendered":"<p>Stilvoll unterwegs Egal wo Du bist: Mit dem Notebook MEDION AKOYA E3221 hast Du die Wahl, ob Du produktiv sein m\u00f6chtest, entspannt Bilder betrachtest, im Netz surfst oder Deine Lieblingsfilme genie\u00dft. Mit seinem schlanken Geh\u00e4use aus Aluminium und seinem schmalen Displayrahmen sieht es nicht nur hervorragend aus, sondern wird Dich auch durch seine praktischen Funktionen [&hellip;]<\/p>\n","protected":false},"featured_media":3239,"comment_status":"open","ping_status":"closed","template":"","meta":{"_acf_changed":false},"product_cat":[248],"product_tag":[],"acf":[],"jetpack_sharing_enabled":true,"_links":{"self":[{"href":"http:\/\/pc-direkthandel.de\/wordpress\/wp-json\/wp\/v2\/product\/3240"}],"collection":[{"href":"http:\/\/pc-direkthandel.de\/wordpress\/wp-json\/wp\/v2\/product"}],"about":[{"href":"http:\/\/pc-direkthandel.de\/wordpress\/wp-json\/wp\/v2\/types\/product"}],"replies":[{"embeddable":true,"href":"http:\/\/pc-direkthandel.de\/wordpress\/wp-json\/wp\/v2\/comments?post=3240"}],"wp:featuredmedia":[{"embeddable":true,"href":"http:\/\/pc-direkthandel.de\/wordpress\/wp-json\/wp\/v2\/media\/3239"}],"wp:attachment":[{"href":"http:\/\/pc-direkthandel.de\/wordpress\/wp-json\/wp\/v2\/media?parent=3240"}],"wp:term":[{"taxonomy":"product_cat","embeddable":true,"href":"http:\/\/pc-direkthandel.de\/wordpress\/wp-json\/wp\/v2\/product_cat?post=3240"},{"taxonomy":"product_tag","embeddable":true,"href":"http:\/\/pc-direkthandel.de\/wordpress\/wp-json\/wp\/v2\/product_tag?post=3240"}],"curies":[{"name":"wp","href":"https:\/\/api.w.org\/{rel}","templated":true}]}}