{"id":3230,"date":"2019-09-27T12:45:13","date_gmt":"2019-09-27T10:45:13","guid":{"rendered":"http:\/\/pc-direkthandel.de\/wordpress\/?post_type=product&#038;p=3230"},"modified":"2019-09-27T12:47:05","modified_gmt":"2019-09-27T10:47:05","slug":"medion-akoya-p6645-3","status":"publish","type":"product","link":"http:\/\/pc-direkthandel.de\/wordpress\/product\/medion-akoya-p6645-3\/","title":{"rendered":"MEDION Akoya P6645"},"content":{"rendered":"<p><strong>Schlank, stark, flexibel<\/strong><br \/>\nMit diesem Notebook von MEDION schnappst Du Dir einen gut ausgestatteten Alltagsbegleiter, der obendrein unversch\u00e4mt gut aussieht. Der Laptop mit edler Aluminium-Oberfl\u00e4che ist lediglich 17,9 Millimeter d\u00fcnn und durch ein Gewicht von gerade einmal 1,85 Kilogramm problemlos \u00fcberall dabei. Auf starke Rechenleistung musst Du dabei nicht verzichten. Der Intel\u00ae Core\u2122 i7-8565U Prozessor und die NVIDIA\u00ae GeForce\u00ae MX150 Grafikkarte machen auch anspruchsvollere Bild- oder Videobearbeitung zum Genuss. Multimedia-Unterhaltung in Full HD-Qualit\u00e4t genie\u00dft Du auf dem brillanten, klaren 15-Zoll-Display.<\/p>\n<p><strong>Allzeit bereit<\/strong><br \/>\nDu hast keine Lust auf Ladepausen? Die verk\u00fcrzt Dir dieses Notebook durch seine Schnellladefunktion. In 60 Minuten ist der Akku um bis zu 80 Prozent geladen. Durch die rasant schnelle PCIe SSD mit 256 GByte geh\u00f6ren auch Wartezeiten beim Systemstart oder beim Laden von Programmen der Vergangenheit an. So kannst Du Dich zum Beispiel auf Zugreisen entspannt zur\u00fccklehnen und Deine Lieblings-Medien genie\u00dfen. Die hast Du auf der zus\u00e4tzlich integrierten und 1.000 GByte starken Festplatte immer griffbereit. Produktiver arbeiten, besser genie\u00dfen oder hin und wieder mal ein Computerspiel wagen \u2013 mit diesem MEDION Notebook bist Du f\u00fcr alles ger\u00fcstet.<\/p>\n","protected":false},"excerpt":{"rendered":"<p>Schlank, stark, flexibel Mit diesem Notebook von MEDION schnappst Du Dir einen gut ausgestatteten Alltagsbegleiter, der obendrein unversch\u00e4mt gut aussieht. Der Laptop mit edler Aluminium-Oberfl\u00e4che ist lediglich 17,9 Millimeter d\u00fcnn und durch ein Gewicht von gerade einmal 1,85 Kilogramm problemlos \u00fcberall dabei. Auf starke Rechenleistung musst Du dabei nicht verzichten. Der Intel\u00ae Core\u2122 i7-8565U Prozessor [&hellip;]<\/p>\n","protected":false},"featured_media":3228,"comment_status":"open","ping_status":"closed","template":"","meta":{"_acf_changed":false},"product_cat":[246],"product_tag":[],"acf":[],"jetpack_sharing_enabled":true,"_links":{"self":[{"href":"http:\/\/pc-direkthandel.de\/wordpress\/wp-json\/wp\/v2\/product\/3230"}],"collection":[{"href":"http:\/\/pc-direkthandel.de\/wordpress\/wp-json\/wp\/v2\/product"}],"about":[{"href":"http:\/\/pc-direkthandel.de\/wordpress\/wp-json\/wp\/v2\/types\/product"}],"replies":[{"embeddable":true,"href":"http:\/\/pc-direkthandel.de\/wordpress\/wp-json\/wp\/v2\/comments?post=3230"}],"wp:featuredmedia":[{"embeddable":true,"href":"http:\/\/pc-direkthandel.de\/wordpress\/wp-json\/wp\/v2\/media\/3228"}],"wp:attachment":[{"href":"http:\/\/pc-direkthandel.de\/wordpress\/wp-json\/wp\/v2\/media?parent=3230"}],"wp:term":[{"taxonomy":"product_cat","embeddable":true,"href":"http:\/\/pc-direkthandel.de\/wordpress\/wp-json\/wp\/v2\/product_cat?post=3230"},{"taxonomy":"product_tag","embeddable":true,"href":"http:\/\/pc-direkthandel.de\/wordpress\/wp-json\/wp\/v2\/product_tag?post=3230"}],"curies":[{"name":"wp","href":"https:\/\/api.w.org\/{rel}","templated":true}]}}