{"id":3225,"date":"2019-09-27T12:34:55","date_gmt":"2019-09-27T10:34:55","guid":{"rendered":"http:\/\/pc-direkthandel.de\/wordpress\/?post_type=product&#038;p=3225"},"modified":"2019-09-27T12:39:01","modified_gmt":"2019-09-27T10:39:01","slug":"medion-akoya-s17402","status":"publish","type":"product","link":"http:\/\/pc-direkthandel.de\/wordpress\/product\/medion-akoya-s17402\/","title":{"rendered":"MEDION Akoya S17402"},"content":{"rendered":"<p><strong>Ganz nach Deinen W\u00fcnschen<\/strong><br \/>\nMit dem Notebook MEDION AKOYA S17402 kannst Du selbst entscheiden, ob Du produktiv arbeiten m\u00f6chtest, auf Facebook mit Freunden schreibst, im Netz surfst oder Deine Lieblingsserie via Netflix streamst. Das Notebook unterst\u00fctzt Dich in allem was Du tust und gibt Dir hierf\u00fcr die n\u00f6tige Ausdauer. Der Akku ist durch die Schnellladefunktion zudem nach nur einer Stunde Ladezeit wieder f\u00fcr mehrere Stunden einsatzbereit.<\/p>\n<p><strong>Der Blickfang unter den Notebooks<\/strong><br \/>\nDurch das elegante Aluminium-Geh\u00e4use ist das MEDION AKOYA S17402 Notebook ein absoluter Hingucker. Es \u00fcberzeugt optisch durch sein schlankes Geh\u00e4use, das trotz seiner kompakten Form und des schlanken Ramens keinerlei Komfort vermissen l\u00e4sst. Die gro\u00dfe Tastatur beispielsweise erm\u00f6glicht problemlos auch langes Tippen ganz bequem.<\/p>\n","protected":false},"excerpt":{"rendered":"<p>Ganz nach Deinen W\u00fcnschen Mit dem Notebook MEDION AKOYA S17402 kannst Du selbst entscheiden, ob Du produktiv arbeiten m\u00f6chtest, auf Facebook mit Freunden schreibst, im Netz surfst oder Deine Lieblingsserie via Netflix streamst. Das Notebook unterst\u00fctzt Dich in allem was Du tust und gibt Dir hierf\u00fcr die n\u00f6tige Ausdauer. Der Akku ist durch die Schnellladefunktion [&hellip;]<\/p>\n","protected":false},"featured_media":3226,"comment_status":"open","ping_status":"closed","template":"","meta":{"_acf_changed":false},"product_cat":[246],"product_tag":[],"acf":[],"jetpack_sharing_enabled":true,"_links":{"self":[{"href":"http:\/\/pc-direkthandel.de\/wordpress\/wp-json\/wp\/v2\/product\/3225"}],"collection":[{"href":"http:\/\/pc-direkthandel.de\/wordpress\/wp-json\/wp\/v2\/product"}],"about":[{"href":"http:\/\/pc-direkthandel.de\/wordpress\/wp-json\/wp\/v2\/types\/product"}],"replies":[{"embeddable":true,"href":"http:\/\/pc-direkthandel.de\/wordpress\/wp-json\/wp\/v2\/comments?post=3225"}],"wp:featuredmedia":[{"embeddable":true,"href":"http:\/\/pc-direkthandel.de\/wordpress\/wp-json\/wp\/v2\/media\/3226"}],"wp:attachment":[{"href":"http:\/\/pc-direkthandel.de\/wordpress\/wp-json\/wp\/v2\/media?parent=3225"}],"wp:term":[{"taxonomy":"product_cat","embeddable":true,"href":"http:\/\/pc-direkthandel.de\/wordpress\/wp-json\/wp\/v2\/product_cat?post=3225"},{"taxonomy":"product_tag","embeddable":true,"href":"http:\/\/pc-direkthandel.de\/wordpress\/wp-json\/wp\/v2\/product_tag?post=3225"}],"curies":[{"name":"wp","href":"https:\/\/api.w.org\/{rel}","templated":true}]}}