{"id":3206,"date":"2019-09-26T21:57:55","date_gmt":"2019-09-26T19:57:55","guid":{"rendered":"http:\/\/pc-direkthandel.de\/wordpress\/?post_type=product&#038;p=3206"},"modified":"2019-09-26T22:00:52","modified_gmt":"2019-09-26T20:00:52","slug":"medion-akoya-e6246-b-ware","status":"publish","type":"product","link":"http:\/\/pc-direkthandel.de\/wordpress\/product\/medion-akoya-e6246-b-ware\/","title":{"rendered":"MEDION Akoya E6246 (B-Ware)"},"content":{"rendered":"<p><b>Bitte beachten Sie, dass dieser Artikel als B-Ware angeboten wird. B-Ware kann Gebrauchsspuren oder andere optische M\u00e4ngel aufweisen, wurde jedoch \u00fcberpr\u00fcft und ist technisch einwandfrei.<\/b><\/p>\n","protected":false},"excerpt":{"rendered":"<p>Bitte beachten Sie, dass dieser Artikel als B-Ware angeboten wird. B-Ware kann Gebrauchsspuren oder andere optische M\u00e4ngel aufweisen, wurde jedoch \u00fcberpr\u00fcft und ist technisch einwandfrei.<\/p>\n","protected":false},"featured_media":3207,"comment_status":"open","ping_status":"closed","template":"","meta":{"_acf_changed":false},"product_cat":[245],"product_tag":[],"acf":[],"jetpack_sharing_enabled":true,"_links":{"self":[{"href":"http:\/\/pc-direkthandel.de\/wordpress\/wp-json\/wp\/v2\/product\/3206"}],"collection":[{"href":"http:\/\/pc-direkthandel.de\/wordpress\/wp-json\/wp\/v2\/product"}],"about":[{"href":"http:\/\/pc-direkthandel.de\/wordpress\/wp-json\/wp\/v2\/types\/product"}],"replies":[{"embeddable":true,"href":"http:\/\/pc-direkthandel.de\/wordpress\/wp-json\/wp\/v2\/comments?post=3206"}],"wp:featuredmedia":[{"embeddable":true,"href":"http:\/\/pc-direkthandel.de\/wordpress\/wp-json\/wp\/v2\/media\/3207"}],"wp:attachment":[{"href":"http:\/\/pc-direkthandel.de\/wordpress\/wp-json\/wp\/v2\/media?parent=3206"}],"wp:term":[{"taxonomy":"product_cat","embeddable":true,"href":"http:\/\/pc-direkthandel.de\/wordpress\/wp-json\/wp\/v2\/product_cat?post=3206"},{"taxonomy":"product_tag","embeddable":true,"href":"http:\/\/pc-direkthandel.de\/wordpress\/wp-json\/wp\/v2\/product_tag?post=3206"}],"curies":[{"name":"wp","href":"https:\/\/api.w.org\/{rel}","templated":true}]}}