{"id":3202,"date":"2019-09-26T21:51:15","date_gmt":"2019-09-26T19:51:15","guid":{"rendered":"http:\/\/pc-direkthandel.de\/wordpress\/?post_type=product&#038;p=3202"},"modified":"2019-09-26T21:53:52","modified_gmt":"2019-09-26T19:53:52","slug":"medion-akoya-e7419","status":"publish","type":"product","link":"http:\/\/pc-direkthandel.de\/wordpress\/product\/medion-akoya-e7419\/","title":{"rendered":"MEDION Akoya E7419"},"content":{"rendered":"<p>Das MEDION AKOYA E7419 ist dank ausgew\u00e4hlter und perfekt aufeinander abgestimmter Komponenten ein sehr kompaktes und vielseitiges Notebook. Dies wird bereits eindrucksvoll durch die Wahl des Intel\u00ae Celeron\u00ae 3855U Prozessors deutlich, welcher eine optimale Kombination aus Leistung und Energieeffizienz darstellt. Zusammen mit Windows 10 Home und der integrierten Intel HD-Grafikeinheit sorgt das AKOYA E7419 f\u00fcr Freude am Arbeiten. Office-Anwendungen, Internet-Surfen und E-Mail-Verwaltung erledigt das 17,3-Zoll-Notebook mit Leichtigkeit.<\/p>\n<p>Dokumente, Videos und Fotos finden mehr als genug Platz auf der 1.000 GB gro\u00dfen Festplatte. Abgerundet wird die \u00fcppige Speicherausstattung durch 4 GB RAM. F\u00fcr eine beeindruckende Darstellung sorgt das 17,3-Zoll-Display mit HD-Aufl\u00f6sung (1.600 x 900 Pixel) und besten Sound garantiert das Dolby Audio zertifizierte High-Definition-Audio-System mit zwei Lautsprechern.<\/p>\n","protected":false},"excerpt":{"rendered":"<p>Das MEDION AKOYA E7419 ist dank ausgew\u00e4hlter und perfekt aufeinander abgestimmter Komponenten ein sehr kompaktes und vielseitiges Notebook. Dies wird bereits eindrucksvoll durch die Wahl des Intel\u00ae Celeron\u00ae 3855U Prozessors deutlich, welcher eine optimale Kombination aus Leistung und Energieeffizienz darstellt. Zusammen mit Windows 10 Home und der integrierten Intel HD-Grafikeinheit sorgt das AKOYA E7419 f\u00fcr [&hellip;]<\/p>\n","protected":false},"featured_media":3203,"comment_status":"open","ping_status":"closed","template":"","meta":{"_acf_changed":false},"product_cat":[245],"product_tag":[],"acf":[],"jetpack_sharing_enabled":true,"_links":{"self":[{"href":"http:\/\/pc-direkthandel.de\/wordpress\/wp-json\/wp\/v2\/product\/3202"}],"collection":[{"href":"http:\/\/pc-direkthandel.de\/wordpress\/wp-json\/wp\/v2\/product"}],"about":[{"href":"http:\/\/pc-direkthandel.de\/wordpress\/wp-json\/wp\/v2\/types\/product"}],"replies":[{"embeddable":true,"href":"http:\/\/pc-direkthandel.de\/wordpress\/wp-json\/wp\/v2\/comments?post=3202"}],"wp:featuredmedia":[{"embeddable":true,"href":"http:\/\/pc-direkthandel.de\/wordpress\/wp-json\/wp\/v2\/media\/3203"}],"wp:attachment":[{"href":"http:\/\/pc-direkthandel.de\/wordpress\/wp-json\/wp\/v2\/media?parent=3202"}],"wp:term":[{"taxonomy":"product_cat","embeddable":true,"href":"http:\/\/pc-direkthandel.de\/wordpress\/wp-json\/wp\/v2\/product_cat?post=3202"},{"taxonomy":"product_tag","embeddable":true,"href":"http:\/\/pc-direkthandel.de\/wordpress\/wp-json\/wp\/v2\/product_tag?post=3202"}],"curies":[{"name":"wp","href":"https:\/\/api.w.org\/{rel}","templated":true}]}}