{"id":3196,"date":"2019-09-26T21:40:04","date_gmt":"2019-09-26T19:40:04","guid":{"rendered":"http:\/\/pc-direkthandel.de\/wordpress\/?post_type=product&#038;p=3196"},"modified":"2019-09-26T21:42:26","modified_gmt":"2019-09-26T19:42:26","slug":"medion-akoya-e6245-2","status":"publish","type":"product","link":"http:\/\/pc-direkthandel.de\/wordpress\/product\/medion-akoya-e6245-2\/","title":{"rendered":"MEDION Akoya E6245"},"content":{"rendered":"<p><strong>Schlanke Form, starke Leistung<\/strong><br \/>\nModern, vielseitig und edel \u2013 genau diese Qualit\u00e4ten bietet Dir dieses besonders schlanke MEDION Notebook. Lass Dich von diesem extra d\u00fcnnen Alltagsbegleiter verzaubern: Der verbl\u00fcffend schmale Display-Rahmen sorgt nicht nur f\u00fcr ein besonders edles Aussehen, sondern l\u00e4sst auch das brillante Full-HD-Display mit 15,6 Zoll noch besser wirken. So genie\u00dft Du auch unterwegs Multimedia-Unterhaltung in umwerfender Qualit\u00e4t oder bist einfach produktiver.<\/p>\n<p><strong>Allzeit bereit<\/strong><br \/>\nAuf das Kraftpaket kannst Du Dich auch in Sachen Ausdauer bestens verlassen. Mit einer Akkuladung unterst\u00fctzt Dich das Notebook bis zu sechs Stunden lang \u2013 und ist anschlie\u00dfend extrem flott wieder einsatzbereit. Durch die Schnellladefunktion f\u00fcllst Du in nur 60 Minuten rund 80 Prozent Ladestand wieder auf. So verbringst Du deutlich weniger Zeit an Steckdosen und bist flexibler.<\/p>\n","protected":false},"excerpt":{"rendered":"<p>Schlanke Form, starke Leistung Modern, vielseitig und edel \u2013 genau diese Qualit\u00e4ten bietet Dir dieses besonders schlanke MEDION Notebook. Lass Dich von diesem extra d\u00fcnnen Alltagsbegleiter verzaubern: Der verbl\u00fcffend schmale Display-Rahmen sorgt nicht nur f\u00fcr ein besonders edles Aussehen, sondern l\u00e4sst auch das brillante Full-HD-Display mit 15,6 Zoll noch besser wirken. So genie\u00dft Du auch [&hellip;]<\/p>\n","protected":false},"featured_media":3195,"comment_status":"open","ping_status":"closed","template":"","meta":{"_acf_changed":false},"product_cat":[245],"product_tag":[],"acf":[],"jetpack_sharing_enabled":true,"_links":{"self":[{"href":"http:\/\/pc-direkthandel.de\/wordpress\/wp-json\/wp\/v2\/product\/3196"}],"collection":[{"href":"http:\/\/pc-direkthandel.de\/wordpress\/wp-json\/wp\/v2\/product"}],"about":[{"href":"http:\/\/pc-direkthandel.de\/wordpress\/wp-json\/wp\/v2\/types\/product"}],"replies":[{"embeddable":true,"href":"http:\/\/pc-direkthandel.de\/wordpress\/wp-json\/wp\/v2\/comments?post=3196"}],"wp:featuredmedia":[{"embeddable":true,"href":"http:\/\/pc-direkthandel.de\/wordpress\/wp-json\/wp\/v2\/media\/3195"}],"wp:attachment":[{"href":"http:\/\/pc-direkthandel.de\/wordpress\/wp-json\/wp\/v2\/media?parent=3196"}],"wp:term":[{"taxonomy":"product_cat","embeddable":true,"href":"http:\/\/pc-direkthandel.de\/wordpress\/wp-json\/wp\/v2\/product_cat?post=3196"},{"taxonomy":"product_tag","embeddable":true,"href":"http:\/\/pc-direkthandel.de\/wordpress\/wp-json\/wp\/v2\/product_tag?post=3196"}],"curies":[{"name":"wp","href":"https:\/\/api.w.org\/{rel}","templated":true}]}}