{"id":3190,"date":"2019-09-26T21:30:16","date_gmt":"2019-09-26T19:30:16","guid":{"rendered":"http:\/\/pc-direkthandel.de\/wordpress\/?post_type=product&#038;p=3190"},"modified":"2019-09-26T21:33:24","modified_gmt":"2019-09-26T19:33:24","slug":"medion-akoya-e6429","status":"publish","type":"product","link":"http:\/\/pc-direkthandel.de\/wordpress\/product\/medion-akoya-e6429\/","title":{"rendered":"MEDION Akoya E6429"},"content":{"rendered":"<p><strong>Alles was ein Notebook braucht<\/strong><br \/>\nEntdecke die neue Art, produktiv zu sein: Mit dem vielseitigen Allround-Notebook MEDION AKOYA E6429 erledigst Du spielend alle Alltagsaufgaben und kannst komfortabel E-Mails bearbeiten, surfen und mit Deinen Freunden in Kontakt bleiben.<\/p>\n<p><strong>Das digitale Leben im Griff<\/strong><br \/>\nWenn Du ein gutes und zuverl\u00e4ssiges Notebook suchst, das Dir auch den Feierabend mit Filmen, Serien und Musik vers\u00fc\u00dft, dann ist dieser Allrounder von MEDION genau richtig. Die gro\u00dfz\u00fcgig dimensionierte Festplatte bietet Dir genug Platz, um all Deine Daten, Fotos, Videos und Alben zu archivieren. So kannst Du \u00fcberall flexibel auf Deinen digitalen Datenschatz zugreifen und mit anderen teilen.<\/p>\n<p><strong>Kreativ sein und Spa\u00df haben<\/strong><br \/>\nDurch sein faires Preis-Leistungs-Verh\u00e4ltnis, das gro\u00dfe HD-Display und die solide Ausstattung mit schnellem Prozessor und sattem Sound, ist das Notebook enorm vielseitig. Bilder oder Videos bearbeitest Du im Handumdrehen und stellst Deine kreativen Werke per WLAN auch von unterwegs m\u00fchelos ins Netz.<\/p>\n","protected":false},"excerpt":{"rendered":"<p>Alles was ein Notebook braucht Entdecke die neue Art, produktiv zu sein: Mit dem vielseitigen Allround-Notebook MEDION AKOYA E6429 erledigst Du spielend alle Alltagsaufgaben und kannst komfortabel E-Mails bearbeiten, surfen und mit Deinen Freunden in Kontakt bleiben. Das digitale Leben im Griff Wenn Du ein gutes und zuverl\u00e4ssiges Notebook suchst, das Dir auch den Feierabend [&hellip;]<\/p>\n","protected":false},"featured_media":3191,"comment_status":"open","ping_status":"closed","template":"","meta":{"_acf_changed":false},"product_cat":[245],"product_tag":[],"acf":[],"jetpack_sharing_enabled":true,"_links":{"self":[{"href":"http:\/\/pc-direkthandel.de\/wordpress\/wp-json\/wp\/v2\/product\/3190"}],"collection":[{"href":"http:\/\/pc-direkthandel.de\/wordpress\/wp-json\/wp\/v2\/product"}],"about":[{"href":"http:\/\/pc-direkthandel.de\/wordpress\/wp-json\/wp\/v2\/types\/product"}],"replies":[{"embeddable":true,"href":"http:\/\/pc-direkthandel.de\/wordpress\/wp-json\/wp\/v2\/comments?post=3190"}],"wp:featuredmedia":[{"embeddable":true,"href":"http:\/\/pc-direkthandel.de\/wordpress\/wp-json\/wp\/v2\/media\/3191"}],"wp:attachment":[{"href":"http:\/\/pc-direkthandel.de\/wordpress\/wp-json\/wp\/v2\/media?parent=3190"}],"wp:term":[{"taxonomy":"product_cat","embeddable":true,"href":"http:\/\/pc-direkthandel.de\/wordpress\/wp-json\/wp\/v2\/product_cat?post=3190"},{"taxonomy":"product_tag","embeddable":true,"href":"http:\/\/pc-direkthandel.de\/wordpress\/wp-json\/wp\/v2\/product_tag?post=3190"}],"curies":[{"name":"wp","href":"https:\/\/api.w.org\/{rel}","templated":true}]}}