{"id":3117,"date":"2019-09-25T17:56:11","date_gmt":"2019-09-25T15:56:11","guid":{"rendered":"http:\/\/pc-direkthandel.de\/wordpress\/?post_type=product&#038;p=3117"},"modified":"2019-09-25T18:02:25","modified_gmt":"2019-09-25T16:02:25","slug":"htc-u12","status":"publish","type":"product","link":"http:\/\/pc-direkthandel.de\/wordpress\/product\/htc-u12\/","title":{"rendered":"HTC U12+"},"content":{"rendered":"<p><b>Live on the Edge<\/b><\/p>\n<p>Das HTC U12+ beeindruckt in v\u00f6llig neuartigem Design mit druckempfindlichen Tasten, neuem Touch-Feedback-Erlebnis dank intelligentem, interaktivem Rahmen f\u00fcr eine noch komfortablere Bedienung mit nur einer Hand. Dazu bekommst Du das am h\u00f6chsten bewertete Dual-Kamera-System, beeindruckende Audioqualit\u00e4t bei Aufnahmen und beim Sound, sowie die neueste Snapdragon 845 Mobil-Plattform, die alle Erwartungen \u00fcbertrifft.<\/p>\n<p><b>Komfortable Bedienung \u2013 mit nur einer Hand<\/b><\/p>\n<p>Das Edge Sense der n\u00e4chsten Generation bietet noch mehr n\u00fctzliche Funktionen und wei\u00df jetzt sogar, welche Hand Du benutzt, so dass die einh\u00e4ndige Bedienung jetzt noch einfacher wird &#8211; egal f\u00fcr welche Hand.<\/p>\n<p><b>TIPPE, HALTE, DR\u00dcCKE<\/b><\/p>\n<p>Wie haben wir Edge Sense noch besser gemacht? Zus\u00e4tzlich zum Zusammendr\u00fccken des Rahmens haben wir neue Funktionen wie doppeltes Tippen und Halten eingef\u00fchrt. Schneller, besser und f\u00fcr eine noch komfortablere Bedienung mit einer Hand:<\/p>\n<ul>\n<li><b>Doppelt Tippen mit nur einer Hand<\/b><br \/>\nTippe doppelt an einer der beiden Seiten f\u00fcr eine komfortable Einhandbedienung. Dank dem anpassbaren Mini-Bildschirm kannst Du alles mit dem Daumen bedienen. Nutze den Screen als Zur\u00fcck-Taste oder als neue kleine Navigationsleiste, um mehr von dem 18:9-Bildschirm zu haben.<\/li>\n<li><b>Fixieren des Bildschirms f\u00fcr mehr Komfort<\/b><br \/>\nEin einfaches Halten gen\u00fcgt, um den Bildschirm selbst im Liegen genau so zu positionieren, wie es f\u00fcr Dich bequem ist. Kein st\u00f6rendes und unn\u00f6tiges Drehen oder Dimmen des Bildschirms mehr. Eines der n\u00fctzlichsten Features, das Du nicht mehr missen m\u00f6chtest.<\/li>\n<li><b>Dr\u00fccke Dein Rahmen Deines Smartphone ein wenig<\/b><br \/>\nDr\u00fccke Dein Smartphone einfach an den Seiten, um Fotos zu machen, den Sprachassistenten zu starten oder den Edge Launcher aufzurufen \u2013 eine benutzerdefinierbare Funktion, mit der Du schnell auf Deine bevorzugten Anwendungen, Kontakte und Einstellungen zugreifen kannst.<\/li>\n<\/ul>\n<p><b>Edge Sense 2 f\u00fcr Millionen von Apps<\/b><\/p>\n<p>Edge Sense 2 funktioniert mit nahezu jeder App im Google Play Store. Ja, das sind Millionen von Apps! Richte Edge Sense 2 ein, um in die Karte zu zoomen, zu spielen, Deine Musik zu pausieren und vieles mehr. Deine Apps, auf Deine Art.<\/p>\n<p><b>Freih\u00e4ndige Bedienung<\/b><\/p>\n<p>Mit Always-On oder durch Dr\u00fccken des Smartphones kannst Du auf Google Assistant oder Amazon Alexa zugreifen, um genau dann Hilfe zu erhalten, wenn Du sie brauchst.<\/p>\n<p><b>Ein einfaches Dr\u00fccken hilft nicht nur Dir<\/b><\/p>\n<p>Ein Dr\u00fccken hilft Dir nicht nur, Dinge schneller zu erledigen, es unterst\u00fctzt Menschen auf der ganzen Welt, Bedienungshilfen wie Google TalkBack einfacher nutzen zu k\u00f6nnen.<\/p>\n<p><b>Dual-Kameras. F\u00fcr Front- und Hauptkamera.<\/b><\/p>\n<p>Mit 4 Kameras bietet das HTC U12+ eine hervorragende Bildqualit\u00e4t und er\u00f6ffnet Dir v\u00f6llig neue Welten f\u00fcr k\u00fcnstlerische Kreativit\u00e4t.<\/p>\n<p><b>Der beste UltraSpeed Autofokus 2 seiner Klasse<\/b><\/p>\n<p>Genie\u00dfe beispiellose Detailtreue und Klarheit bei jedem Lichtverh\u00e4ltnis, auch wenn sich Dein Motiv bewegt. Wir haben die Kamera auch mit Laserfokus ausgestattet, so dass Du besonders bei ausgeschaltetem Licht genau fokussieren kannst.<\/p>\n<p><b>Vergr\u00f6\u00dfere Dein Sichtfeld mit unserem Zoom<\/b><\/p>\n<p>Mit einem 2fach optischem und 10fach digitalem Zoom kannst Du Dich wie ein Profi auf eine Szene und Details konzentrieren.<\/p>\n<p><b>Bokeh wie bei DSLR-Kameras. Professionelle Studioeffekte<\/b><\/p>\n<p>Der Bokeh-Effekt des HTC U12+ bietet den bisher nat\u00fcrlichsten, kunstvollsten und aufregendsten Hintergrund-Effekt \u2013 wie in einem professionellen Studio.<\/p>\n<p><b>Klarere Fotos &#8211; sogar bei grellem oder kaum vorhandenen Licht<\/b><\/p>\n<p>Mit dem neuen und verbesserten HDR Boost 2 erh\u00e4ltst Du fl\u00fcssigere, sch\u00e4rfere und detailliertere Fotos mit weniger Rauschen, auch wenn das Licht ausgeschaltet ist oder blendet.<\/p>\n<p><b>AR Stickers. Sticker, die Spa\u00df machen<\/b><\/p>\n<p>Peppe mit der neuen Sticker-Funktion Deine Fotos und Videos in Echtzeit mit lustigen Effekten und verspielten AR-Aufklebern auf.<\/p>\n<p><b>Erstelle mit dynamischem Audio professionelle Filme<\/b><\/p>\n<p>Mit Sonic Zoom kannst Du auf einen bestimmten Ton oder eine bestimmte Stimme in die Szene zoomen. Diese optimierte Version ist fast 60 % lauter und bietet 33 % mehr fokussierten Sound als die des HTC U11. Audio-Boost verst\u00e4rkt alle Stimmen und T\u00f6ne bis zum Maximum, ohne dass man in das Video hineinzoomen muss. Zus\u00e4tzlich kannst Du umfassende 3D-Audioaufnahmen erstellen. Der nat\u00fcrliche Sound macht Deine Videos au\u00dfergew\u00f6hnlich.<\/p>\n<p><b>Zoomen wie die Profis. Automatisch<\/b><\/p>\n<p>Werde zum Filmregisseur. Mit dem One-Touch-Autozoom kannst Du auf die Szene, die Beleuchtung und den Ton stufenlos heran zoomen \u2013 wie am Filmset f\u00fcr eine Videoproduktion. Es gibt nichts Vergleichbares auf dem Markt.<\/p>\n<p><b>Fange Szenen ohne Unsch\u00e4rfen ein<\/b><\/p>\n<p>Unsere beste und fortschrittlichste optische (OIS) und elektronische Bildstabilisierung (EIS) gibt Dir klare und stabilisierte Bilder f\u00fcr unterwegs. Nimm 1.080p HD Video mit 240 Bildern pro Sekunde auf, um aufsehenerregende, stabile Videos in Zeitlupe zu kreieren.<\/p>\n<p><b>Au\u00dfergew\u00f6hnlicher Sound &#8211; immer<\/b><\/p>\n<p>Das HTC U12+ liefert einen Klang, wie Du ihn noch nie zuvor geh\u00f6rt hast, sowohl auf den HTC USonic-Kopfh\u00f6rern als auch \u00fcber das HTC BoomSound Hi-Fi-Edition-Lautsprechersystem. Einmal in den Genuss gekommen, willst Du nicht mehr darauf verzichten.<\/p>\n<p><b>Audio, das Dich umhauen wird<\/b><\/p>\n<p>Unser bisher lautester, klarster und bester BoomSound! Die subtile Trennung von Tieft\u00f6ner und Hocht\u00f6ner sorgt f\u00fcr ungeahnte Kraft und Klarheit. Es ist der Klang, der Deine Welt ver\u00e4ndern wird.<\/p>\n<p><b>Schalte die Umgebung aus und die Musik an<\/b><\/p>\n<p>Die im Lieferumfang enthaltenen HTC USonic-Kopfh\u00f6rer verf\u00fcgen \u00fcber eine fortschrittliche Active Noise Cancellation, die sich automatisch einschaltet. Sie \u00fcberwacht kontinuierlich die Umgebungsger\u00e4usche und passt sich schnell an, um neue Ger\u00e4usche oder St\u00f6rungen auszugleichen.<\/p>\n<p><b>Die Sch\u00f6nheit einer fl\u00fcssig anmutenden Oberfl\u00e4che<\/b><\/p>\n<p>Das HTC U12+ zeigt eindrucksvoll, was mit Design m\u00f6glich ist. Dank Edge Sense 2.0 mit druckempfindlichen Tasten werden die Kanten zum Leben erweckt. Zusammen mit einer Auswahl von wundersch\u00f6nen Farben entsteht der dynamischste Look, den wir je entwickelt haben.<\/p>\n<p><b>Translucent Blue<\/b><\/p>\n<p>Bewundere die innere und \u00e4u\u00dfere Sch\u00f6nheit des HTC U12+ in Translucent Blue. Der zarte Farbton mit dem lichtdurchl\u00e4ssigen Design erlaubt Dir einen aufregenden Einblick in die raffinierte Handwerkskunst dieses Smartphones.<\/p>\n<p><b>18:9 mit superschmalem Rahmen<\/b><\/p>\n<p>Das neue 3D-Glas des HTC U12+ im 18:9-Format hat ultrad\u00fcnne R\u00e4nder, die 2 mm schmaler sind als die des HTC U11. Es liegt unglaublich angenehm in Deiner Hand und erm\u00f6glicht Dir eine perfekte \u00dcbersicht \u00fcber alles, was f\u00fcr Dich wichtig ist.<\/p>\n<p><b>\u00dcbertrifft Deine Erwartungen<\/b><\/p>\n<p>Die Qualcomm\u00ae Snapdragon 845 Mobile Plattform liefert schnellere Grafiken und h\u00f6here Geschwindigkeiten als je zuvor. Es ist die ultimative intelligente mobile Plattform, die Deine Wahrnehmung und die Interaktion mit Deiner Umwelt ver\u00e4ndern wird.<\/p>\n<p><b>Dieses Smartphone macht alles mit<\/b><\/p>\n<p>Dank der Schutzklasse IP68 kannst Du Dein Smartphone auch bei regnerischen oder staubigen Wetterbedingungen benutzen. Bei einem Wetterumschwung musst Du Dir also keine Sorgen machen.<\/p>\n<p><b>Herausragende, reibungslose Leistung<\/b><\/p>\n<p>Das HTC U12+ ist mit gro\u00dfz\u00fcgigen 6 GB RAM ausgestattet. Ein schneller Wechsel zwischen Apps ist also kein Problem. Das HTC U12+ bietet zudem volle 4G\/LTE-Unterst\u00fctzung.<\/p>\n<p><b>Ein Display wie eine Kinoleinwand<\/b><\/p>\n<p>Der DCI-P3 Ultra Weitwinkel-Farbraum liefert satte und pr\u00e4zise Bilder und Farben. Und die HDR 10-Unterst\u00fctzung f\u00fcr YouTube-Videos sorgt f\u00fcr lebendige Bilder, die Dich begeistern werden.<\/p>\n<p><b>\u00d6ffne Deine Welt mit nur einem Blick<\/b><\/p>\n<p>Face Unlock bietet Dir eine schnelle und bequeme M\u00f6glichkeit, Dein Smartphone zu entsperren. Ein einfacher Blick auf das Smartphone gen\u00fcgt.<\/p>\n","protected":false},"excerpt":{"rendered":"<p>Live on the Edge Das HTC U12+ beeindruckt in v\u00f6llig neuartigem Design mit druckempfindlichen Tasten, neuem Touch-Feedback-Erlebnis dank intelligentem, interaktivem Rahmen f\u00fcr eine noch komfortablere Bedienung mit nur einer Hand. Dazu bekommst Du das am h\u00f6chsten bewertete Dual-Kamera-System, beeindruckende Audioqualit\u00e4t bei Aufnahmen und beim Sound, sowie die neueste Snapdragon 845 Mobil-Plattform, die alle Erwartungen \u00fcbertrifft. [&hellip;]<\/p>\n","protected":false},"featured_media":3118,"comment_status":"open","ping_status":"closed","template":"","meta":{"_acf_changed":false},"product_cat":[222],"product_tag":[],"acf":[],"jetpack_sharing_enabled":true,"_links":{"self":[{"href":"http:\/\/pc-direkthandel.de\/wordpress\/wp-json\/wp\/v2\/product\/3117"}],"collection":[{"href":"http:\/\/pc-direkthandel.de\/wordpress\/wp-json\/wp\/v2\/product"}],"about":[{"href":"http:\/\/pc-direkthandel.de\/wordpress\/wp-json\/wp\/v2\/types\/product"}],"replies":[{"embeddable":true,"href":"http:\/\/pc-direkthandel.de\/wordpress\/wp-json\/wp\/v2\/comments?post=3117"}],"wp:featuredmedia":[{"embeddable":true,"href":"http:\/\/pc-direkthandel.de\/wordpress\/wp-json\/wp\/v2\/media\/3118"}],"wp:attachment":[{"href":"http:\/\/pc-direkthandel.de\/wordpress\/wp-json\/wp\/v2\/media?parent=3117"}],"wp:term":[{"taxonomy":"product_cat","embeddable":true,"href":"http:\/\/pc-direkthandel.de\/wordpress\/wp-json\/wp\/v2\/product_cat?post=3117"},{"taxonomy":"product_tag","embeddable":true,"href":"http:\/\/pc-direkthandel.de\/wordpress\/wp-json\/wp\/v2\/product_tag?post=3117"}],"curies":[{"name":"wp","href":"https:\/\/api.w.org\/{rel}","templated":true}]}}