{"id":3102,"date":"2019-09-25T17:36:33","date_gmt":"2019-09-25T15:36:33","guid":{"rendered":"http:\/\/pc-direkthandel.de\/wordpress\/?post_type=product&#038;p=3102"},"modified":"2019-09-25T17:38:24","modified_gmt":"2019-09-25T15:38:24","slug":"pei-tel-ptcarphone-510-gsm","status":"publish","type":"product","link":"http:\/\/pc-direkthandel.de\/wordpress\/product\/pei-tel-ptcarphone-510-gsm\/","title":{"rendered":"pei tel PTCarPhone 510 GSM"},"content":{"rendered":"<p><b>PTCarPhone &#8211; Das Telefon f\u00fcr Profis<\/b><\/p>\n<p>Wer nachtr\u00e4glich sein Fahrzeug mit einer Freisprecheinrichtung ausstatten m\u00f6chte und stets h\u00f6chste Anforderungen stellt, ist mit dem PTCarPhone optimal beraten. Der Anschluss einer Au\u00dfenantenne garantiert hervorragenden Empfang und verbannt gleichzeitig s\u00e4mtliche Strahlung aus dem Innenraum. Die Freisprecheinrichtung ist in Punkto Sprachqualit\u00e4t und Bedienkomfort konkurrenzlos und speziell f\u00fcr lange Telefonate der ideale Begleiter im Auto. Damit hebt sich das PTCarPhone deutlich von Bluetooth\u00ae-L\u00f6sungen ab.<\/p>\n<p><b>Zuverl\u00e4ssig und hochwertig<\/b><\/p>\n<p>Durch die wirkungsvolle Unterdr\u00fcckung von Echos sowie Umgebungs- und St\u00f6rger\u00e4uschen ist das PTCarPhone besonders f\u00fcr laute Fahrerkabinen geeignet und somit ideal f\u00fcr Flotten von Transport-, Logistik-, Taxi- und Busunternehmen, Autovermietungen sowie f\u00fcr Beh\u00f6rden und Organisationen mit Sicherheitsaufgaben. Neben der bew\u00e4hrten Clear Voice &amp; Sound Technology unterst\u00fctzt das PTCarPhone 5 auch HD- Voice. Hierdurch werden Telefongespr\u00e4che noch klarer und nat\u00fcrlicher \u00fcbertragen.<\/p>\n<p><b>Clear Voice &amp; Sound Technologie<\/b><\/p>\n<p>Mit der gezielten Kombination aus digitaler Signalverarbeitung und exakten akustischen Vermessungen haben wir das PTCarPhone zu dem gemacht was es heute ist: Ein hochwertiges Freisprechsystem f\u00fcr die Nachr\u00fcstung in verschiedensten Fahrzeugen. Das PTCarPhone stellt ein optimales Beispiel f\u00fcr unsere Mikrofontechnologien und Erfahrungen auf dem Gebiet der Fahrzeugakustik dar.<\/p>\n<p><b>Modernste Mikrofontechnologie<\/b><\/p>\n<p>Mikrofone f\u00fcr das Freisprechen im Fahrzeug geh\u00f6ren seit Anbeginn zum festen peiker und pei tel Portfolio. Mit den Fortschritten in der Mikrofontechnik entwickeln wir fortlaufend unsere akustischen Kompetenzen in Bezug auf Signalqualit\u00e4t und St\u00f6rger\u00e4uschunterdr\u00fcckung und zeichnen uns vor allem in folgenden Bereichen aus:<\/p>\n<ul>\n<li>Modernste Mikrofontechnologie basierend auf jahrzehntelanger Erfahrung und umfangreichem akustischen Know-How.<\/li>\n<li>Hohe Kompetenz in digitaler Signalverarbeitung.<\/li>\n<li>Akustisch optimierte und individuelle Designs im Einklang mit der Fahrzeugumgebung.<\/li>\n<\/ul>\n","protected":false},"excerpt":{"rendered":"<p>PTCarPhone &#8211; Das Telefon f\u00fcr Profis Wer nachtr\u00e4glich sein Fahrzeug mit einer Freisprecheinrichtung ausstatten m\u00f6chte und stets h\u00f6chste Anforderungen stellt, ist mit dem PTCarPhone optimal beraten. Der Anschluss einer Au\u00dfenantenne garantiert hervorragenden Empfang und verbannt gleichzeitig s\u00e4mtliche Strahlung aus dem Innenraum. Die Freisprecheinrichtung ist in Punkto Sprachqualit\u00e4t und Bedienkomfort konkurrenzlos und speziell f\u00fcr lange Telefonate [&hellip;]<\/p>\n","protected":false},"featured_media":3103,"comment_status":"open","ping_status":"closed","template":"","meta":{"_acf_changed":false},"product_cat":[222],"product_tag":[],"acf":[],"jetpack_sharing_enabled":true,"_links":{"self":[{"href":"http:\/\/pc-direkthandel.de\/wordpress\/wp-json\/wp\/v2\/product\/3102"}],"collection":[{"href":"http:\/\/pc-direkthandel.de\/wordpress\/wp-json\/wp\/v2\/product"}],"about":[{"href":"http:\/\/pc-direkthandel.de\/wordpress\/wp-json\/wp\/v2\/types\/product"}],"replies":[{"embeddable":true,"href":"http:\/\/pc-direkthandel.de\/wordpress\/wp-json\/wp\/v2\/comments?post=3102"}],"wp:featuredmedia":[{"embeddable":true,"href":"http:\/\/pc-direkthandel.de\/wordpress\/wp-json\/wp\/v2\/media\/3103"}],"wp:attachment":[{"href":"http:\/\/pc-direkthandel.de\/wordpress\/wp-json\/wp\/v2\/media?parent=3102"}],"wp:term":[{"taxonomy":"product_cat","embeddable":true,"href":"http:\/\/pc-direkthandel.de\/wordpress\/wp-json\/wp\/v2\/product_cat?post=3102"},{"taxonomy":"product_tag","embeddable":true,"href":"http:\/\/pc-direkthandel.de\/wordpress\/wp-json\/wp\/v2\/product_tag?post=3102"}],"curies":[{"name":"wp","href":"https:\/\/api.w.org\/{rel}","templated":true}]}}