{"id":3094,"date":"2019-09-25T16:56:55","date_gmt":"2019-09-25T14:56:55","guid":{"rendered":"http:\/\/pc-direkthandel.de\/wordpress\/?post_type=product&#038;p=3094"},"modified":"2019-09-25T16:58:02","modified_gmt":"2019-09-25T14:58:02","slug":"ruggear-rg100","status":"publish","type":"product","link":"http:\/\/pc-direkthandel.de\/wordpress\/product\/ruggear-rg100\/","title":{"rendered":"RugGear RG100"},"content":{"rendered":"<p>Das <b>RugGear RG100<\/b> ist ein zuverl\u00e4ssiges Mobiltelefon f\u00fcr den anspruchsvollen Outdoor-Einsatz.<br \/>\nDas kompakte Ger\u00e4t bietet eine integrierte Taschenlampe und einen leistungsstarken Lautsprecher mit bis zu 100 dB, damit Sie auch bei starker Ger\u00e4uschkulisse noch eingehende Anrufe wahrnehmen k\u00f6nnen.<\/p>\n<p>St\u00fcrze \u00fcbersteht das RG100 aus bis zu 2 Meter H\u00f6he problemlos und mit einem IP-Schutzgrad von IP68 ist es bis zu einer Tiefe von 2 Metern wasserdicht f\u00fcr bis zu 30 Minuten. Und auch Staub mach dem RG100 nichts aus. Damit eignet es sich ideal f\u00fcr anspruchsvolle Einsatzm\u00f6glichkeiten, wie Camping, Wandern, Bootstouren, Baustellen und mehr.<\/p>\n<p>Auch die weitere Funktionsausstattung kann sich sehen lassen: Dank Bluetooth lassen sich schnurlose Headsets mit dem RG100 verbinden und mit der integrierten 1,3 Megapixel-Kamera lasse sich spontane Schnappsch\u00fcsse aufnehmen.<br \/>\nDer integrierte Speicher l\u00e4sst sich mit einer MicroSD-Karte um bis zu 32 GB erweitern. Das kommt vor allem dem integrierten MP3-Player zugute, der zusammen mit dem UKW-Radio f\u00fcr Unterhaltung unterwegs sorgt.<\/p>\n<p>Eine weitere Besonderheit ist die Dual-SIM-F\u00e4higkeit des RG100. Nutzen Sie einfach zwei verschiedene SIM-Karten gleichzeitig und trennen Sie Ihre private und gesch\u00e4ftliche Kommunikation.<\/p>\n<p>Und damit das RG100 lange durchh\u00e4lt verf\u00fcgt es \u00fcber einen 2400 mAh starken Akku f\u00fcr den ausdauernden Einsatz.<\/p>\n","protected":false},"excerpt":{"rendered":"<p>Das RugGear RG100 ist ein zuverl\u00e4ssiges Mobiltelefon f\u00fcr den anspruchsvollen Outdoor-Einsatz. Das kompakte Ger\u00e4t bietet eine integrierte Taschenlampe und einen leistungsstarken Lautsprecher mit bis zu 100 dB, damit Sie auch bei starker Ger\u00e4uschkulisse noch eingehende Anrufe wahrnehmen k\u00f6nnen. St\u00fcrze \u00fcbersteht das RG100 aus bis zu 2 Meter H\u00f6he problemlos und mit einem IP-Schutzgrad von IP68 [&hellip;]<\/p>\n","protected":false},"featured_media":3095,"comment_status":"open","ping_status":"closed","template":"","meta":{"_acf_changed":false},"product_cat":[222],"product_tag":[],"acf":[],"jetpack_sharing_enabled":true,"_links":{"self":[{"href":"http:\/\/pc-direkthandel.de\/wordpress\/wp-json\/wp\/v2\/product\/3094"}],"collection":[{"href":"http:\/\/pc-direkthandel.de\/wordpress\/wp-json\/wp\/v2\/product"}],"about":[{"href":"http:\/\/pc-direkthandel.de\/wordpress\/wp-json\/wp\/v2\/types\/product"}],"replies":[{"embeddable":true,"href":"http:\/\/pc-direkthandel.de\/wordpress\/wp-json\/wp\/v2\/comments?post=3094"}],"wp:featuredmedia":[{"embeddable":true,"href":"http:\/\/pc-direkthandel.de\/wordpress\/wp-json\/wp\/v2\/media\/3095"}],"wp:attachment":[{"href":"http:\/\/pc-direkthandel.de\/wordpress\/wp-json\/wp\/v2\/media?parent=3094"}],"wp:term":[{"taxonomy":"product_cat","embeddable":true,"href":"http:\/\/pc-direkthandel.de\/wordpress\/wp-json\/wp\/v2\/product_cat?post=3094"},{"taxonomy":"product_tag","embeddable":true,"href":"http:\/\/pc-direkthandel.de\/wordpress\/wp-json\/wp\/v2\/product_tag?post=3094"}],"curies":[{"name":"wp","href":"https:\/\/api.w.org\/{rel}","templated":true}]}}