{"id":3090,"date":"2019-09-25T16:49:45","date_gmt":"2019-09-25T14:49:45","guid":{"rendered":"http:\/\/pc-direkthandel.de\/wordpress\/?post_type=product&#038;p=3090"},"modified":"2019-09-25T16:54:05","modified_gmt":"2019-09-25T14:54:05","slug":"cat-caterpillar-s60","status":"publish","type":"product","link":"http:\/\/pc-direkthandel.de\/wordpress\/product\/cat-caterpillar-s60\/","title":{"rendered":"CAT Caterpillar S60"},"content":{"rendered":"<p><b>EIN WENDEPUNKT DER SMARTPHONE-ENTWICKLUNG<\/b><\/p>\n<ul>\n<li>Revolutioniere wie Du mit der Welt um Dich herum in Kontakt trittst. Entdecke die thermische Leistung mit nur einer Ber\u00fchrung. Geh\u00f6re zu den ersten, die diese leicht verst\u00e4ndliche W\u00e4rmebildtechnologie mit dem Cat\u00ae S60 am Arbeitsplatz, zu Hause oder sogar unterwegs nutzen.<\/li>\n<li>Die W\u00e4rmebildtechnologie steht auf Knopfdruck zur Verf\u00fcgung. So kannst Du schnell L\u00fccken in der Isolierung oder elektrische M\u00e4ngel aufsp\u00fcren und die Leistung von Maschinen \u00fcberwachen. Du kannst sogar die F\u00fcllung der Gasbeh\u00e4lter f\u00fcr Deinen Grill \u00fcberpr\u00fcfen oder das frischeste Brot auf dem Markt finden. Die M\u00f6glichkeiten sind endlos&#8230; Wir z\u00e4hlen darauf, dass DU sie alle herausfindest.<\/li>\n<\/ul>\n<p><b>SIEH DIE WELT MIT ANDEREN AUGEN<\/b><\/p>\n<ul>\n<li>Das Cat\u00ae S60 ist das erste seiner Art. Damit kannst Du W\u00e4rmebildexpertise direkt \u00fcber dein Smartphone bekommen. Durch die MSX Technologie, die es exklusiv bei FLIR gibt, erstellt dieses Smartphone klare W\u00e4rmebilder, Videos und sogar Zeitrafferaufnahmen, die auch mit anderen geteilt werden k\u00f6nnen. Mehrfache Objektmessungen erm\u00f6glichen es Dir r\u00fcckwirkend, eine Temperatur in Deinem Bild zu bestimmen. Die W\u00e4rmebildtechnologie kann sogar verschleiernde Stoffe wie Rauch durchdringen.<\/li>\n<\/ul>\n<p><b>WIE EIN FISCH IM WASSER<\/b><\/p>\n<ul>\n<li>Das wasserfesteste Smartphone der Welt \u00fcbersteht sogar 60 Minuten lang Tiefen bis zu 5 Metern durch unseren einzigartigen Lockdown Schalter. Das S60 kann sogar unter Wasser Fotos und Videos aufnehmen. Dazu hat es noch einen Touchscreen aus Corning\u00ae Gorilla\u00ae Glas, der sogar mit Handschuhen oder nassen Fingern bedient werden kann.<\/li>\n<\/ul>\n<p><b>BLEIB AUCH IN DANN COOL, WENN ES HART KOMMT<\/b><\/p>\n<ul>\n<li>Das Cat\u00ae S60 h\u00e4lt St\u00fcrze bis zu 1,80 Metern aus, denn es ist mit und ist mit einem stabilen Druckgussrahmen verst\u00e4rkt. Es \u00fcbertrifft sogar Milit\u00e4rnormen und ist deshalb der perfekte Begleiter f\u00fcr alle, die gerne ein raues Leben f\u00fchren.<\/li>\n<\/ul>\n<hr \/>\n<p><b>Rugged-Eigenschaften<\/b><\/p>\n<ul>\n<li>IP Zertifizierung: IP68-zertifiziert<\/li>\n<li>Wasserdichtigkeit: Wasserdicht bis 5 m f\u00fcr 60 min<\/li>\n<li>Staubdichtigkeit: unempfindlich gegen Staub<\/li>\n<li>Sturzsicherheit: Bis 1,8 m (6 ft)<\/li>\n<li>Milit\u00e4rstandard: MIL-SPEC 810G, Sto\u00df und Sturz, Betriebstemperatur: \u201325 \u00b0C (\u201313 \u00b0F) bis 55 \u00b0C (131 \u00b0F), Kategorie-4-Vibration<\/li>\n<\/ul>\n","protected":false},"excerpt":{"rendered":"<p>EIN WENDEPUNKT DER SMARTPHONE-ENTWICKLUNG Revolutioniere wie Du mit der Welt um Dich herum in Kontakt trittst. Entdecke die thermische Leistung mit nur einer Ber\u00fchrung. Geh\u00f6re zu den ersten, die diese leicht verst\u00e4ndliche W\u00e4rmebildtechnologie mit dem Cat\u00ae S60 am Arbeitsplatz, zu Hause oder sogar unterwegs nutzen. Die W\u00e4rmebildtechnologie steht auf Knopfdruck zur Verf\u00fcgung. So kannst Du [&hellip;]<\/p>\n","protected":false},"featured_media":3091,"comment_status":"open","ping_status":"closed","template":"","meta":{"_acf_changed":false},"product_cat":[200],"product_tag":[],"acf":[],"jetpack_sharing_enabled":true,"_links":{"self":[{"href":"http:\/\/pc-direkthandel.de\/wordpress\/wp-json\/wp\/v2\/product\/3090"}],"collection":[{"href":"http:\/\/pc-direkthandel.de\/wordpress\/wp-json\/wp\/v2\/product"}],"about":[{"href":"http:\/\/pc-direkthandel.de\/wordpress\/wp-json\/wp\/v2\/types\/product"}],"replies":[{"embeddable":true,"href":"http:\/\/pc-direkthandel.de\/wordpress\/wp-json\/wp\/v2\/comments?post=3090"}],"wp:featuredmedia":[{"embeddable":true,"href":"http:\/\/pc-direkthandel.de\/wordpress\/wp-json\/wp\/v2\/media\/3091"}],"wp:attachment":[{"href":"http:\/\/pc-direkthandel.de\/wordpress\/wp-json\/wp\/v2\/media?parent=3090"}],"wp:term":[{"taxonomy":"product_cat","embeddable":true,"href":"http:\/\/pc-direkthandel.de\/wordpress\/wp-json\/wp\/v2\/product_cat?post=3090"},{"taxonomy":"product_tag","embeddable":true,"href":"http:\/\/pc-direkthandel.de\/wordpress\/wp-json\/wp\/v2\/product_tag?post=3090"}],"curies":[{"name":"wp","href":"https:\/\/api.w.org\/{rel}","templated":true}]}}