{"id":3088,"date":"2019-09-25T16:47:33","date_gmt":"2019-09-25T14:47:33","guid":{"rendered":"http:\/\/pc-direkthandel.de\/wordpress\/?post_type=product&#038;p=3088"},"modified":"2019-09-25T16:48:58","modified_gmt":"2019-09-25T14:48:58","slug":"cat-caterpillar-b25","status":"publish","type":"product","link":"http:\/\/pc-direkthandel.de\/wordpress\/product\/cat-caterpillar-b25\/","title":{"rendered":"CAT Caterpillar B25"},"content":{"rendered":"<p>Caterpillar kennt sich aus mit groben Arbeiten, gro\u00dfen Maschinen und ordentlich Power. Das Outdoorhandy <b>Caterpillar CAT B25<\/b> mit Dual-SIM Funktion ist daher an die t\u00e4glichen Anforderungen auf dem Bau perfekt angepasst und trotzt auch anderen schwierigen Umgebungsbedingungen. Mit der IP67 Zertifzierung kann das CAT B25 auch im Dauerregen oder in staubigen Baugruben eingesetzt werden.<\/p>\n<p>Das Outdoor-Mobiltelefon B25 konzentriert sich voll auf seine Aufgabe als Telefon und bietet dennoch n\u00fctzliche Zusatzfunktionen. Auf dem Display lassen sich die wichtigsten Anruferdaten bequem ablesen und auch die Suche im Telefonbuch nach Kontakten geht einfach von der Hand. F\u00fcr Schnappsch\u00fcsse von Problemen auf dem Bau steht eine 2 Megapixel Kamera zur Verf\u00fcgung. Mit bis zu 8 GB zus\u00e4tzlichem Speicherplatz mit einer optionalen microSD Speicherkarten lassen sich Fotoreihen oder auch Musiksammlungen problemlos abspeichern. Besonders hilfreich ist die Dual-SIM Funktion: CAT B25 erm\u00f6glicht die Kombination von Privat- und Gesch\u00e4ftsnummer in einem Handy. Dank Bluetooth kann das Caterpillar B25 mit einem Bluetooth-Headset genutzt werden und l\u00e4sst so die H\u00e4nde frei f\u00fcr Baupl\u00e4ne und Notizen. Ein rundum durchdachtes Outdoorhandy mit Telefonie-Kernfunktion von Caterpillar.<\/p>\n<p><b>Ausstattung im \u00dcberblick:<\/b><\/p>\n<ul>\n<li>IP67 zertifiziert*, integrierte Taschenlampe<\/li>\n<li>5,1 cm Diagonale Display mit 320 x 240 Pixel Aufl\u00f6sung<\/li>\n<li>MP3-Player, Radio, microSD Speichererweiterung um bis zu 8 GB<\/li>\n<li>2 Megapixel Kamera<\/li>\n<li>Dual-SIM (SIM1 Quadband-GSM SIM2 nur Dualband-GSM), Quadband-GSM (EDGE\/GPRS), Bluetooth<\/li>\n<\/ul>\n<p>* Der <b>IP67 Schutzgrad (Ingress Protection)<\/b> zeigt mit Hilfe der zwei Zahlen den Grad des Schutzes vor Staub (1. Zahl) und Wasser (2. Zahl) an. In diesem Fall IP67 bedeutet die 6 den h\u00f6chsten Grad des Schutzes gegen das Eindringen von Staub &gt;&gt; staubdicht. Die 7 steht f\u00fcr die dritth\u00f6chste Stufe des Wasserschutzes, d.h. kurzzeitiger Schutz vor dem Eindringen von Wasser bei vollst\u00e4ndigem Untertauchen des Handys.<\/p>\n<p><b>Wichtiger Hinweis<\/b> f\u00fcr die Nutzung von Zubeh\u00f6r, das nicht vom Hersteller Caterpillar stammt: Durch die IP67 Zertifizierung wurde der Micro-USB Anschluss sehr tief eingebaut und ben\u00f6tigt daher das spezielle CAT Micro-USB Kabel mit l\u00e4ngerem Micro-USB Stecker &#8211; Anderes Ladezubeh\u00f6r kann nur mit diesem Originalkabel genutzt werden!<\/p>\n","protected":false},"excerpt":{"rendered":"<p>Caterpillar kennt sich aus mit groben Arbeiten, gro\u00dfen Maschinen und ordentlich Power. Das Outdoorhandy Caterpillar CAT B25 mit Dual-SIM Funktion ist daher an die t\u00e4glichen Anforderungen auf dem Bau perfekt angepasst und trotzt auch anderen schwierigen Umgebungsbedingungen. Mit der IP67 Zertifzierung kann das CAT B25 auch im Dauerregen oder in staubigen Baugruben eingesetzt werden. Das [&hellip;]<\/p>\n","protected":false},"featured_media":3089,"comment_status":"open","ping_status":"closed","template":"","meta":{"_acf_changed":false},"product_cat":[200],"product_tag":[],"acf":[],"jetpack_sharing_enabled":true,"_links":{"self":[{"href":"http:\/\/pc-direkthandel.de\/wordpress\/wp-json\/wp\/v2\/product\/3088"}],"collection":[{"href":"http:\/\/pc-direkthandel.de\/wordpress\/wp-json\/wp\/v2\/product"}],"about":[{"href":"http:\/\/pc-direkthandel.de\/wordpress\/wp-json\/wp\/v2\/types\/product"}],"replies":[{"embeddable":true,"href":"http:\/\/pc-direkthandel.de\/wordpress\/wp-json\/wp\/v2\/comments?post=3088"}],"wp:featuredmedia":[{"embeddable":true,"href":"http:\/\/pc-direkthandel.de\/wordpress\/wp-json\/wp\/v2\/media\/3089"}],"wp:attachment":[{"href":"http:\/\/pc-direkthandel.de\/wordpress\/wp-json\/wp\/v2\/media?parent=3088"}],"wp:term":[{"taxonomy":"product_cat","embeddable":true,"href":"http:\/\/pc-direkthandel.de\/wordpress\/wp-json\/wp\/v2\/product_cat?post=3088"},{"taxonomy":"product_tag","embeddable":true,"href":"http:\/\/pc-direkthandel.de\/wordpress\/wp-json\/wp\/v2\/product_tag?post=3088"}],"curies":[{"name":"wp","href":"https:\/\/api.w.org\/{rel}","templated":true}]}}