{"id":3086,"date":"2019-09-25T16:19:00","date_gmt":"2019-09-25T14:19:00","guid":{"rendered":"http:\/\/pc-direkthandel.de\/wordpress\/?post_type=product&#038;p=3086"},"modified":"2019-09-25T16:21:32","modified_gmt":"2019-09-25T14:21:32","slug":"cat-caterpillar-b30","status":"publish","type":"product","link":"http:\/\/pc-direkthandel.de\/wordpress\/product\/cat-caterpillar-b30\/","title":{"rendered":"CAT Caterpillar B30"},"content":{"rendered":"<p><b>LANGLEBIG: IMMER GESCH\u00dcTZT<\/b><\/p>\n<p>Das robuste B30 l\u00e4sst Sie auch in schwierigen Umgebungen nicht im Stich. Dank den gummierten Grifffl\u00e4chen und dem strapazierf\u00e4higen Display ist es sto\u00dffest, wasserdicht und staubgesch\u00fctzt.<\/p>\n<p><b>IMMER VERBUNDEN<\/b><\/p>\n<p>Dieses robuste und doch elegante Telefon gl\u00e4nzt durch seine Ausstattung, seine Akkulaufzeit und durch 3G-Konnektivit\u00e4t.<\/p>\n<p><b>IMMER AUSGER\u00dcSTET<\/b><\/p>\n<p>Mit seinen zahlreichen Funktionen, darunter eine Kamera mit 2 MP, MP3\/MP4-Wiedergabe und eine Sicherheitstaschenlampe, ist das B30 f\u00fcr jede Situation ger\u00fcstet.<\/p>\n<p><b>KEINE GEFAHR DURCH STAUB UND WASSER<\/b><\/p>\n<p>Das B30 bringt jederzeit Bestleistungen. Und weil es staubgesch\u00fctzt, sto\u00dffest und wasserdicht ist, m\u00fcssen Sie nicht st\u00e4ndig Angst vor Sch\u00e4den haben.<\/p>\n","protected":false},"excerpt":{"rendered":"<p>LANGLEBIG: IMMER GESCH\u00dcTZT Das robuste B30 l\u00e4sst Sie auch in schwierigen Umgebungen nicht im Stich. Dank den gummierten Grifffl\u00e4chen und dem strapazierf\u00e4higen Display ist es sto\u00dffest, wasserdicht und staubgesch\u00fctzt. IMMER VERBUNDEN Dieses robuste und doch elegante Telefon gl\u00e4nzt durch seine Ausstattung, seine Akkulaufzeit und durch 3G-Konnektivit\u00e4t. IMMER AUSGER\u00dcSTET Mit seinen zahlreichen Funktionen, darunter eine Kamera [&hellip;]<\/p>\n","protected":false},"featured_media":3087,"comment_status":"open","ping_status":"closed","template":"","meta":{"_acf_changed":false},"product_cat":[200],"product_tag":[],"acf":[],"jetpack_sharing_enabled":true,"_links":{"self":[{"href":"http:\/\/pc-direkthandel.de\/wordpress\/wp-json\/wp\/v2\/product\/3086"}],"collection":[{"href":"http:\/\/pc-direkthandel.de\/wordpress\/wp-json\/wp\/v2\/product"}],"about":[{"href":"http:\/\/pc-direkthandel.de\/wordpress\/wp-json\/wp\/v2\/types\/product"}],"replies":[{"embeddable":true,"href":"http:\/\/pc-direkthandel.de\/wordpress\/wp-json\/wp\/v2\/comments?post=3086"}],"wp:featuredmedia":[{"embeddable":true,"href":"http:\/\/pc-direkthandel.de\/wordpress\/wp-json\/wp\/v2\/media\/3087"}],"wp:attachment":[{"href":"http:\/\/pc-direkthandel.de\/wordpress\/wp-json\/wp\/v2\/media?parent=3086"}],"wp:term":[{"taxonomy":"product_cat","embeddable":true,"href":"http:\/\/pc-direkthandel.de\/wordpress\/wp-json\/wp\/v2\/product_cat?post=3086"},{"taxonomy":"product_tag","embeddable":true,"href":"http:\/\/pc-direkthandel.de\/wordpress\/wp-json\/wp\/v2\/product_tag?post=3086"}],"curies":[{"name":"wp","href":"https:\/\/api.w.org\/{rel}","templated":true}]}}