{"id":3071,"date":"2019-09-25T15:19:36","date_gmt":"2019-09-25T13:19:36","guid":{"rendered":"http:\/\/pc-direkthandel.de\/wordpress\/?post_type=product&#038;p=3071"},"modified":"2019-09-25T15:21:11","modified_gmt":"2019-09-25T13:21:11","slug":"tiptel-ergophone-6120-gsm","status":"publish","type":"product","link":"http:\/\/pc-direkthandel.de\/wordpress\/product\/tiptel-ergophone-6120-gsm\/","title":{"rendered":"tiptel Ergophone 6120 GSM"},"content":{"rendered":"<p><b>Bedienung nach Ihren W\u00fcnschen<\/b><\/p>\n<p>Durch 2 unterschiedliche Men\u00fc-Ebenen (Einsteiger- oder Fortgeschrittenen-Modus), individuelle Sortierung der Hauptmen\u00fcpunkte, individuelle Reduzierung auf notwendige Funktionen im Hauptmen\u00fc und 3 Schriftgr\u00f6\u00dfen einstellbar (klein, mittel, gro\u00df), 3 Direktwahltasten f\u00fcr Kamera, SMS und Lupe.<\/p>\n<p><b>Anrufsignalisierung nach Ihren W\u00fcnschen<\/b><\/p>\n<p>Durch unterschiedliche Klingelt\u00f6ne, Rufnummernansage, Namensansage vom Rekorder (\u201eHorst ruft an\u201c), Fotoanzeige des Anrufers und Vibration.<\/p>\n<p><b>Anrufen nach Ihren W\u00fcnschen<\/b><\/p>\n<p>Durch Nummernwahl mit\/ohne sprechende Tasten, 8 Lieblingskontakte an oberster Stelle im Telefonbuch, Foto-Schnellwahl, Platz f\u00fcr 300 Telefonbucheintr\u00e4ge.<\/p>\n<p><b>Au\u00dferdem: <\/b><\/p>\n<p>Kamera- und Lupenfunktion, Rekorder f\u00fcr Sprachnotizen, kompatibel mit Bluetooth\u00ae-Ger\u00e4ten, H\u00f6rger\u00e4tekompatibel, Notruftaste mit Best\u00e4tigungsaufforderung, 2 SIM-Karten, z.B. f\u00fcr Vielreisende, Tischladestation inklusive.<\/p>\n","protected":false},"excerpt":{"rendered":"<p>Bedienung nach Ihren W\u00fcnschen Durch 2 unterschiedliche Men\u00fc-Ebenen (Einsteiger- oder Fortgeschrittenen-Modus), individuelle Sortierung der Hauptmen\u00fcpunkte, individuelle Reduzierung auf notwendige Funktionen im Hauptmen\u00fc und 3 Schriftgr\u00f6\u00dfen einstellbar (klein, mittel, gro\u00df), 3 Direktwahltasten f\u00fcr Kamera, SMS und Lupe. Anrufsignalisierung nach Ihren W\u00fcnschen Durch unterschiedliche Klingelt\u00f6ne, Rufnummernansage, Namensansage vom Rekorder (\u201eHorst ruft an\u201c), Fotoanzeige des Anrufers und Vibration. [&hellip;]<\/p>\n","protected":false},"featured_media":3072,"comment_status":"open","ping_status":"closed","template":"","meta":{"_acf_changed":false},"product_cat":[222],"product_tag":[],"acf":[],"jetpack_sharing_enabled":true,"_links":{"self":[{"href":"http:\/\/pc-direkthandel.de\/wordpress\/wp-json\/wp\/v2\/product\/3071"}],"collection":[{"href":"http:\/\/pc-direkthandel.de\/wordpress\/wp-json\/wp\/v2\/product"}],"about":[{"href":"http:\/\/pc-direkthandel.de\/wordpress\/wp-json\/wp\/v2\/types\/product"}],"replies":[{"embeddable":true,"href":"http:\/\/pc-direkthandel.de\/wordpress\/wp-json\/wp\/v2\/comments?post=3071"}],"wp:featuredmedia":[{"embeddable":true,"href":"http:\/\/pc-direkthandel.de\/wordpress\/wp-json\/wp\/v2\/media\/3072"}],"wp:attachment":[{"href":"http:\/\/pc-direkthandel.de\/wordpress\/wp-json\/wp\/v2\/media?parent=3071"}],"wp:term":[{"taxonomy":"product_cat","embeddable":true,"href":"http:\/\/pc-direkthandel.de\/wordpress\/wp-json\/wp\/v2\/product_cat?post=3071"},{"taxonomy":"product_tag","embeddable":true,"href":"http:\/\/pc-direkthandel.de\/wordpress\/wp-json\/wp\/v2\/product_tag?post=3071"}],"curies":[{"name":"wp","href":"https:\/\/api.w.org\/{rel}","templated":true}]}}