{"id":3063,"date":"2019-09-25T15:05:44","date_gmt":"2019-09-25T13:05:44","guid":{"rendered":"http:\/\/pc-direkthandel.de\/wordpress\/?post_type=product&#038;p=3063"},"modified":"2019-09-25T15:10:09","modified_gmt":"2019-09-25T13:10:09","slug":"cyrus-cs24-lte-outdoor-smartphone","status":"publish","type":"product","link":"http:\/\/pc-direkthandel.de\/wordpress\/product\/cyrus-cs24-lte-outdoor-smartphone\/","title":{"rendered":"CYRUS CS24 LTE Outdoor Smartphone"},"content":{"rendered":"<div>\n<p>Das CS 24 liefert durch seine kraftvollen Eigenschaften die besten Voraussetzungen f\u00fcr einen starken Begleiter im Outdoor- Bereich und ist zugleich optisch ansprechend und au\u00dfergew\u00f6hnlich.<\/p>\n<\/div>\n<div>\n<p>In dem schlanken und robusten Geh\u00e4use verbirgt sich ein starker 5000mAh Lithium-Ionen Akku, eine schnelle 1,5GHz Quadcore 64bit CPU, 2GB RAM und 16GB ROM. Das 5,0\u2018\u2018 gro\u00dfe Display bleibt bruchfest durch das verbaute Gorilla Glas 3 und macht eine Bedienung mit feuchtem Display m\u00f6glich. Eine 13,0MP Autofocus Kamera, MP3 Player, Internet, HD Display, GPS Funktion sind nur einige weitere Features, die dieses Outdoor- Smartphone f\u00fcr Sie bereith\u00e4lt.<\/p>\n<\/div>\n<div>\n<p><strong>Wasserdicht<br \/>\n<\/strong>Ihr Cyrus Outdoor-Smartphone h\u00e4lt einen Tauchgang bis zu 1m Tiefe permanent stand. Vor Regen, flie\u00dfendem Wasser, Schnee, Wasserdampf oder sonstigen Wasser bedingten Einfl\u00fcssen ist Ihr Cyrus Outdoor- Smartphone nat\u00fcrlich auch gesch\u00fctzt.<\/p>\n<\/div>\n<div>\n<p><strong>Schutz vor Staub und Schmutz<br \/>\n<\/strong>Starke Verunreinigungen durch Schmutz oder Matsch, sowie starke Staub-Einwirkungen k\u00f6nnen Ihrem Cyrus Outdoor- Smartphone nichts anhaben. Durch den IP 68 Standard kann nichts die Dichtungen durchdringen. Vielmehr k\u00f6nnen Sie die Verunreinigungen unter flie\u00dfendem Wasser s\u00e4ubern.<\/p>\n<\/div>\n<div>\n<p><strong>Sto\u00dffest<br \/>\n<\/strong>Ihr Cyrus Outdoor- Smartphone ist f\u00fcr einen Fall aus 1,50m H\u00f6he sto\u00dffest ausgelegt. Ein Sturz aus dieser H\u00f6he kann der Elektronik und der Technik keinen Schaden zuf\u00fcgen. Das spezielle Kunststoffgeh\u00e4use und eine Magnesiumplatte im Inneren leiten die kinetische Energie ab.<\/p>\n<\/div>\n","protected":false},"excerpt":{"rendered":"<p>Das CS 24 liefert durch seine kraftvollen Eigenschaften die besten Voraussetzungen f\u00fcr einen starken Begleiter im Outdoor- Bereich und ist zugleich optisch ansprechend und au\u00dfergew\u00f6hnlich. In dem schlanken und robusten Geh\u00e4use verbirgt sich ein starker 5000mAh Lithium-Ionen Akku, eine schnelle 1,5GHz Quadcore 64bit CPU, 2GB RAM und 16GB ROM. Das 5,0\u2018\u2018 gro\u00dfe Display bleibt bruchfest [&hellip;]<\/p>\n","protected":false},"featured_media":3064,"comment_status":"open","ping_status":"closed","template":"","meta":{"_acf_changed":false},"product_cat":[222],"product_tag":[],"acf":[],"jetpack_sharing_enabled":true,"_links":{"self":[{"href":"http:\/\/pc-direkthandel.de\/wordpress\/wp-json\/wp\/v2\/product\/3063"}],"collection":[{"href":"http:\/\/pc-direkthandel.de\/wordpress\/wp-json\/wp\/v2\/product"}],"about":[{"href":"http:\/\/pc-direkthandel.de\/wordpress\/wp-json\/wp\/v2\/types\/product"}],"replies":[{"embeddable":true,"href":"http:\/\/pc-direkthandel.de\/wordpress\/wp-json\/wp\/v2\/comments?post=3063"}],"wp:featuredmedia":[{"embeddable":true,"href":"http:\/\/pc-direkthandel.de\/wordpress\/wp-json\/wp\/v2\/media\/3064"}],"wp:attachment":[{"href":"http:\/\/pc-direkthandel.de\/wordpress\/wp-json\/wp\/v2\/media?parent=3063"}],"wp:term":[{"taxonomy":"product_cat","embeddable":true,"href":"http:\/\/pc-direkthandel.de\/wordpress\/wp-json\/wp\/v2\/product_cat?post=3063"},{"taxonomy":"product_tag","embeddable":true,"href":"http:\/\/pc-direkthandel.de\/wordpress\/wp-json\/wp\/v2\/product_tag?post=3063"}],"curies":[{"name":"wp","href":"https:\/\/api.w.org\/{rel}","templated":true}]}}