{"id":3007,"date":"2019-09-24T17:45:42","date_gmt":"2019-09-24T15:45:42","guid":{"rendered":"http:\/\/pc-direkthandel.de\/wordpress\/?post_type=product&#038;p=3007"},"modified":"2019-09-24T18:07:01","modified_gmt":"2019-09-24T16:07:01","slug":"one-gaming-notebook-k61-8nb-ai5","status":"publish","type":"product","link":"http:\/\/pc-direkthandel.de\/wordpress\/product\/one-gaming-notebook-k61-8nb-ai5\/","title":{"rendered":"ONE Gaming Notebook K61-8NB-AI5"},"content":{"rendered":"<p>https:\/\/youtu.be\/FXnB9mosSlQ<\/p>\n<div class=\"row\">\n<div class=\"col s12\">\n<div>\n<p><strong>Bildschirm und Kamera<\/strong>Der Full-HD-144hz-Narrow-Border-Bildschirm des Gaming-Notebooks (K61-8NB-Ai5) aus dem Hause ONE GAMING, dessen Aufl\u00f6sung bei 1920 x 1080 Bildpunkten liegt, sorgt f\u00fcr ausgezeichnete M\u00f6glichkeiten f\u00fcr die Darstellung von Pr\u00e4sentationen, Videos und Filmen. Das K61-8NB-Ai5 besitzt eine eingebaute Kamera, die mit 1 Mpx aufl\u00f6st.<\/p>\n<p><strong>Leistung, Speicherplatz und Sonstiges<\/strong><\/p>\n<p>Mit der GeForce-GTX-1060-NVIDIA-Grafikkarte, deren Speicherkapazit\u00e4t 6 GB betr\u00e4gt, ist f\u00fcr ausgezeichnete M\u00f6glichkeiten f\u00fcr grafisch komplexe Apps gesorgt. Der Computer stellt einen Prozessor mit einer Taktfrequenz von 4 x 2,3 GHz und dar\u00fcber hinaus einen DDR4-Arbeitsspeicher mit einer Kapazit\u00e4t von 4 GB bereit. Er bringt ein Solid-State-Laufwerk mit und ist damit f\u00fcr eine Verringerung der Latenz bei der Reaktivierung aus dem Standby geeignet. Das Speichervolumen von 240 GB sorgt f\u00fcr eine gute Grundlage f\u00fcr das Erstellen von Bilder- und Musikarchiven. Das ONE GAMING K61-8NB-Ai5 l\u00e4sst sich individuell konfigurieren.<\/p>\n<p><strong>Konnektivit\u00e4t<\/strong><\/p>\n<p>Das Notebook verf\u00fcgt sowohl \u00fcber eine Kopfh\u00f6rerbuchse als auch \u00fcber Bluetooth und \u00fcber einen USB-3.1-Port. Es ist nicht nur mit einer USB-3.0-, sondern auch mit einer USB-2.0-Schnittstelle versehen.<\/p>\n<\/div>\n<\/div>\n<\/div>\n","protected":false},"excerpt":{"rendered":"<p>https:\/\/youtu.be\/FXnB9mosSlQ Bildschirm und KameraDer Full-HD-144hz-Narrow-Border-Bildschirm des Gaming-Notebooks (K61-8NB-Ai5) aus dem Hause ONE GAMING, dessen Aufl\u00f6sung bei 1920 x 1080 Bildpunkten liegt, sorgt f\u00fcr ausgezeichnete M\u00f6glichkeiten f\u00fcr die Darstellung von Pr\u00e4sentationen, Videos und Filmen. Das K61-8NB-Ai5 besitzt eine eingebaute Kamera, die mit 1 Mpx aufl\u00f6st. Leistung, Speicherplatz und Sonstiges Mit der GeForce-GTX-1060-NVIDIA-Grafikkarte, deren Speicherkapazit\u00e4t 6 GB [&hellip;]<\/p>\n","protected":false},"featured_media":3008,"comment_status":"open","ping_status":"closed","template":"","meta":{"_acf_changed":false},"product_cat":[241],"product_tag":[],"acf":[],"jetpack_sharing_enabled":true,"_links":{"self":[{"href":"http:\/\/pc-direkthandel.de\/wordpress\/wp-json\/wp\/v2\/product\/3007"}],"collection":[{"href":"http:\/\/pc-direkthandel.de\/wordpress\/wp-json\/wp\/v2\/product"}],"about":[{"href":"http:\/\/pc-direkthandel.de\/wordpress\/wp-json\/wp\/v2\/types\/product"}],"replies":[{"embeddable":true,"href":"http:\/\/pc-direkthandel.de\/wordpress\/wp-json\/wp\/v2\/comments?post=3007"}],"wp:featuredmedia":[{"embeddable":true,"href":"http:\/\/pc-direkthandel.de\/wordpress\/wp-json\/wp\/v2\/media\/3008"}],"wp:attachment":[{"href":"http:\/\/pc-direkthandel.de\/wordpress\/wp-json\/wp\/v2\/media?parent=3007"}],"wp:term":[{"taxonomy":"product_cat","embeddable":true,"href":"http:\/\/pc-direkthandel.de\/wordpress\/wp-json\/wp\/v2\/product_cat?post=3007"},{"taxonomy":"product_tag","embeddable":true,"href":"http:\/\/pc-direkthandel.de\/wordpress\/wp-json\/wp\/v2\/product_tag?post=3007"}],"curies":[{"name":"wp","href":"https:\/\/api.w.org\/{rel}","templated":true}]}}