{"id":2906,"date":"2019-09-24T14:50:54","date_gmt":"2019-09-24T12:50:54","guid":{"rendered":"http:\/\/pc-direkthandel.de\/wordpress\/?post_type=product&#038;p=2906"},"modified":"2019-09-24T14:54:48","modified_gmt":"2019-09-24T12:54:48","slug":"speedlink-orios-rgb-gaming","status":"publish","type":"product","link":"http:\/\/pc-direkthandel.de\/wordpress\/product\/speedlink-orios-rgb-gaming\/","title":{"rendered":"speedlink Orios RGB Gaming"},"content":{"rendered":"<div class=\"row\">\n<div class=\"col s12\">\n<p>Von stylisher RGB-Beleuchtung in 16,7 Millionen Farben umgeben thront Ihre Maus in Zukunft auf peppigem Untergrund: Das ORIOS RGB Gaming Mousepad kombiniert angesagte Lichteffekte mit bestem Komfort beim Zocken. Die Mikrotextur-Oberfl\u00e4che l\u00e4sst die Maus beinahe widerstandslos dahingleiten und garantiert perfekte Beweglichkeit. Gleichzeitig sorgen Anti-Rutsch-Fl\u00e4chen auf der Unterseite f\u00fcr Halt. W\u00e4hrend es im Game zur Sache geht, tauchen die LEDs im Rand und Logo des Mauspads Ihre Umgebung in ein cooles Licht \u2013 und das ganz nach Ihrem Geschmack: Die neun Modi lassen sich per Software programmieren. Ob Sie sich in Schlachten und Gefechte st\u00fcrzt, oder in Ruhe die Umgebung erkunden: Ihr Mousepad sorgt f\u00fcr die passende Stimmung.<\/p>\n<\/div>\n<\/div>\n<div class=\"row\">\n<div class=\"col s12\">\n<ul>\n<li>Professionelles Gaming-Mauspad mit RGB-Beleuchtung<\/li>\n<li>Beleuchtung f\u00fcr Rand, Logo und Produktname in 9 verschiedenen Modi<\/li>\n<li>16,7 Millionen Farben per Software einstellbar<\/li>\n<li>Harte Mikrotextur-Oberfl\u00e4che f\u00fcr beste Kontrolle<\/li>\n<li>Optimiert f\u00fcr alle optischen und Laser-Sensoren<\/li>\n<li>Anti-Rutsch-Fl\u00e4chen auf der Unterseite<\/li>\n<li>Konfigurierbar \u00fcber Treiber<\/li>\n<\/ul>\n<\/div>\n<\/div>\n<p>&nbsp;<\/p>\n<p>&nbsp;<\/p>\n","protected":false},"excerpt":{"rendered":"<p>Von stylisher RGB-Beleuchtung in 16,7 Millionen Farben umgeben thront Ihre Maus in Zukunft auf peppigem Untergrund: Das ORIOS RGB Gaming Mousepad kombiniert angesagte Lichteffekte mit bestem Komfort beim Zocken. Die Mikrotextur-Oberfl\u00e4che l\u00e4sst die Maus beinahe widerstandslos dahingleiten und garantiert perfekte Beweglichkeit. Gleichzeitig sorgen Anti-Rutsch-Fl\u00e4chen auf der Unterseite f\u00fcr Halt. W\u00e4hrend es im Game zur Sache [&hellip;]<\/p>\n","protected":false},"featured_media":2907,"comment_status":"open","ping_status":"closed","template":"","meta":{"_acf_changed":false},"product_cat":[228],"product_tag":[],"acf":[],"jetpack_sharing_enabled":true,"_links":{"self":[{"href":"http:\/\/pc-direkthandel.de\/wordpress\/wp-json\/wp\/v2\/product\/2906"}],"collection":[{"href":"http:\/\/pc-direkthandel.de\/wordpress\/wp-json\/wp\/v2\/product"}],"about":[{"href":"http:\/\/pc-direkthandel.de\/wordpress\/wp-json\/wp\/v2\/types\/product"}],"replies":[{"embeddable":true,"href":"http:\/\/pc-direkthandel.de\/wordpress\/wp-json\/wp\/v2\/comments?post=2906"}],"wp:featuredmedia":[{"embeddable":true,"href":"http:\/\/pc-direkthandel.de\/wordpress\/wp-json\/wp\/v2\/media\/2907"}],"wp:attachment":[{"href":"http:\/\/pc-direkthandel.de\/wordpress\/wp-json\/wp\/v2\/media?parent=2906"}],"wp:term":[{"taxonomy":"product_cat","embeddable":true,"href":"http:\/\/pc-direkthandel.de\/wordpress\/wp-json\/wp\/v2\/product_cat?post=2906"},{"taxonomy":"product_tag","embeddable":true,"href":"http:\/\/pc-direkthandel.de\/wordpress\/wp-json\/wp\/v2\/product_tag?post=2906"}],"curies":[{"name":"wp","href":"https:\/\/api.w.org\/{rel}","templated":true}]}}