{"id":2901,"date":"2019-09-24T14:42:34","date_gmt":"2019-09-24T12:42:34","guid":{"rendered":"http:\/\/pc-direkthandel.de\/wordpress\/?post_type=product&#038;p=2901"},"modified":"2019-09-24T14:45:48","modified_gmt":"2019-09-24T12:45:48","slug":"one-gaming-grid","status":"publish","type":"product","link":"http:\/\/pc-direkthandel.de\/wordpress\/product\/one-gaming-grid\/","title":{"rendered":"ONE Gaming Grid"},"content":{"rendered":"<p><span class=\"stdblack\">Das ONE GAMING GRID ist eigens f\u00fcr Gamer entworfen worden aber nat\u00fcrlich auch f\u00fcr all diejenigen, die glatte und ebenm\u00e4\u00dfige Mausbewegungen genie\u00dfen wollen. Mit seinen Abma\u00dfen von\u00a0\u00a0 350 mm (L) x 450 mm (B) x 3 mm (H) kann es m\u00fchelos in jeden Arbeitsbereich eingef\u00fcgt werden. Eine aus rutschfestem Naturkautschuk bestehende Unterseite bietet den perfekten Halt ohne zu verrutschen. Der besonders hochwertige Jacquard Stoff sorgt f\u00fcr eine \u00e4u\u00dferst glatte Oberfl\u00e4che, sodass keine Reibung entstehen kann und die Maus optimal gleitet. Dar\u00fcber hinaus ist der Stoff wasserfest und l\u00e4sst Fl\u00fcssigkeiten nicht eindringen. Das ONE GAMING GRID ist f\u00fcr verschiedene Maus-Sensoren und Empfindlichkeiten optimiert worden. Durch eine Nahtlose Randverarbeitung entsteht kein l\u00e4stigen ausfransen und garantiert eine hohe Lebensdauer auch bei einer intensiven Nutzung. Auch das \u2013 in wei\u00df-blau \u2013 strahlende ONE GAMING Logo wurde mit einer der modernsten Heat Printing Methode auf das Mauspad aufgebrannt, um eine Langlebigkeit zu garantieren. Somit ist das ONE GAMING GRID perfekt f\u00fcr den allt\u00e4glichen Gebrauch.<\/span><\/p>\n<p>&nbsp;<\/p>\n<p>&nbsp;<\/p>\n","protected":false},"excerpt":{"rendered":"<p>Das ONE GAMING GRID ist eigens f\u00fcr Gamer entworfen worden aber nat\u00fcrlich auch f\u00fcr all diejenigen, die glatte und ebenm\u00e4\u00dfige Mausbewegungen genie\u00dfen wollen. Mit seinen Abma\u00dfen von\u00a0\u00a0 350 mm (L) x 450 mm (B) x 3 mm (H) kann es m\u00fchelos in jeden Arbeitsbereich eingef\u00fcgt werden. Eine aus rutschfestem Naturkautschuk bestehende Unterseite bietet den perfekten [&hellip;]<\/p>\n","protected":false},"featured_media":2902,"comment_status":"open","ping_status":"closed","template":"","meta":{"_acf_changed":false},"product_cat":[228],"product_tag":[],"acf":[],"jetpack_sharing_enabled":true,"_links":{"self":[{"href":"http:\/\/pc-direkthandel.de\/wordpress\/wp-json\/wp\/v2\/product\/2901"}],"collection":[{"href":"http:\/\/pc-direkthandel.de\/wordpress\/wp-json\/wp\/v2\/product"}],"about":[{"href":"http:\/\/pc-direkthandel.de\/wordpress\/wp-json\/wp\/v2\/types\/product"}],"replies":[{"embeddable":true,"href":"http:\/\/pc-direkthandel.de\/wordpress\/wp-json\/wp\/v2\/comments?post=2901"}],"wp:featuredmedia":[{"embeddable":true,"href":"http:\/\/pc-direkthandel.de\/wordpress\/wp-json\/wp\/v2\/media\/2902"}],"wp:attachment":[{"href":"http:\/\/pc-direkthandel.de\/wordpress\/wp-json\/wp\/v2\/media?parent=2901"}],"wp:term":[{"taxonomy":"product_cat","embeddable":true,"href":"http:\/\/pc-direkthandel.de\/wordpress\/wp-json\/wp\/v2\/product_cat?post=2901"},{"taxonomy":"product_tag","embeddable":true,"href":"http:\/\/pc-direkthandel.de\/wordpress\/wp-json\/wp\/v2\/product_tag?post=2901"}],"curies":[{"name":"wp","href":"https:\/\/api.w.org\/{rel}","templated":true}]}}