{"id":2895,"date":"2019-09-24T14:34:31","date_gmt":"2019-09-24T12:34:31","guid":{"rendered":"http:\/\/pc-direkthandel.de\/wordpress\/?post_type=product&#038;p=2895"},"modified":"2019-09-24T14:36:59","modified_gmt":"2019-09-24T12:36:59","slug":"speedlink-orios-led-gaming","status":"publish","type":"product","link":"http:\/\/pc-direkthandel.de\/wordpress\/product\/speedlink-orios-led-gaming\/","title":{"rendered":"speedlink Orios LED Gaming"},"content":{"rendered":"<div class=\"row\">\n<div class=\"col s12\">\n<p>F\u00fcr den Gamer, der nach bestem Komfort f\u00fcr sein Spielerlebnis und gleichzeitig nach einem stylishen Design sucht, ist das elegante ORIOS LED Gaming Mousepad genau das Richtige. Sein LED-beleuchteter Rand sorgt mit vier Farbmodi (rot, gr\u00fcn, blau, pulsierend) f\u00fcr abwechslungsreiche Farbeffekte im Gaming-Room. Dank der weichen, glatten Textiloberfl\u00e4che l\u00e4sst sich die Maus perfekt bewegen, die rutschfeste gummierte Unterseite garantiert sicheren Halt in jeder spannenden Situation.<\/p>\n<\/div>\n<\/div>\n<div class=\"row\">\n<div class=\"col s12\">\n<ul>\n<li>Beleuchtetes Gaming-Mausepad<\/li>\n<li>LED-beleuchteter Rand mit vier Farbmodi (rot, gr\u00fcn, blau, pulsierend)<\/li>\n<li>Weiche, glatte Textiloberfl\u00e4che f\u00fcr minimalen Widerstand<\/li>\n<li>Optimiert f\u00fcr alle optischen und Laser-Sensoren<\/li>\n<li>Rutschfeste gummierte Unterseite<\/li>\n<\/ul>\n<\/div>\n<\/div>\n<p>&nbsp;<\/p>\n","protected":false},"excerpt":{"rendered":"<p>F\u00fcr den Gamer, der nach bestem Komfort f\u00fcr sein Spielerlebnis und gleichzeitig nach einem stylishen Design sucht, ist das elegante ORIOS LED Gaming Mousepad genau das Richtige. Sein LED-beleuchteter Rand sorgt mit vier Farbmodi (rot, gr\u00fcn, blau, pulsierend) f\u00fcr abwechslungsreiche Farbeffekte im Gaming-Room. Dank der weichen, glatten Textiloberfl\u00e4che l\u00e4sst sich die Maus perfekt bewegen, die [&hellip;]<\/p>\n","protected":false},"featured_media":2896,"comment_status":"open","ping_status":"closed","template":"","meta":{"_acf_changed":false},"product_cat":[228],"product_tag":[],"acf":[],"jetpack_sharing_enabled":true,"_links":{"self":[{"href":"http:\/\/pc-direkthandel.de\/wordpress\/wp-json\/wp\/v2\/product\/2895"}],"collection":[{"href":"http:\/\/pc-direkthandel.de\/wordpress\/wp-json\/wp\/v2\/product"}],"about":[{"href":"http:\/\/pc-direkthandel.de\/wordpress\/wp-json\/wp\/v2\/types\/product"}],"replies":[{"embeddable":true,"href":"http:\/\/pc-direkthandel.de\/wordpress\/wp-json\/wp\/v2\/comments?post=2895"}],"wp:featuredmedia":[{"embeddable":true,"href":"http:\/\/pc-direkthandel.de\/wordpress\/wp-json\/wp\/v2\/media\/2896"}],"wp:attachment":[{"href":"http:\/\/pc-direkthandel.de\/wordpress\/wp-json\/wp\/v2\/media?parent=2895"}],"wp:term":[{"taxonomy":"product_cat","embeddable":true,"href":"http:\/\/pc-direkthandel.de\/wordpress\/wp-json\/wp\/v2\/product_cat?post=2895"},{"taxonomy":"product_tag","embeddable":true,"href":"http:\/\/pc-direkthandel.de\/wordpress\/wp-json\/wp\/v2\/product_tag?post=2895"}],"curies":[{"name":"wp","href":"https:\/\/api.w.org\/{rel}","templated":true}]}}