{"id":2893,"date":"2019-09-24T14:31:03","date_gmt":"2019-09-24T12:31:03","guid":{"rendered":"http:\/\/pc-direkthandel.de\/wordpress\/?post_type=product&#038;p=2893"},"modified":"2019-09-24T14:50:11","modified_gmt":"2019-09-24T12:50:11","slug":"speedlink-glorium-soft-touch","status":"publish","type":"product","link":"http:\/\/pc-direkthandel.de\/wordpress\/product\/speedlink-glorium-soft-touch\/","title":{"rendered":"speedlink Glorium Soft Touch"},"content":{"rendered":"<div class=\"contentBlock\">\n<p>Das GLORIUM Soft Touch Mousepad bereichert die Gaming-Welt. Mit seiner angenehmen Soft-Touch-Oberfl\u00e4che beg\u00fcnstigt es eine pr\u00e4zise Maus-Steuerung; ihr Kunstleder-Material l\u00e4sst sich einfach reinigen. Das Mauspad ist auch wesentlich flexibler als seine Artverwandten aus Echt-Leder. Dadurch l\u00e4sst es sich bequem aufrollen und bleibt dank seiner rutschfesten Unterseite da, wo es soll.<\/p>\n<\/div>\n<div class=\"product_title_big\">\n<p><strong>Technische Details<\/strong><\/p>\n<\/div>\n<div class=\"contentBlock\">\n<ul>\n<li>Gaming-Mauspad aus Kunstleder<\/li>\n<li>Stilvolle Kunstlederoptik<\/li>\n<li>Extra-gro\u00dfe Ma\u00dfe<\/li>\n<li>Rutschfeste Unterseite<\/li>\n<li>F\u00fcr alle optischen und Laserm\u00e4use geeignet<\/li>\n<li>Weiches Oberfl\u00e4chenmaterial<\/li>\n<li>Bequem aufzurollen<\/li>\n<li>Leicht zu reinigen<\/li>\n<li>380mm lang, 300mm breit, 3,2mm dick<\/li>\n<\/ul>\n<\/div>\n<p>&nbsp;<\/p>\n","protected":false},"excerpt":{"rendered":"<p>Das GLORIUM Soft Touch Mousepad bereichert die Gaming-Welt. Mit seiner angenehmen Soft-Touch-Oberfl\u00e4che beg\u00fcnstigt es eine pr\u00e4zise Maus-Steuerung; ihr Kunstleder-Material l\u00e4sst sich einfach reinigen. Das Mauspad ist auch wesentlich flexibler als seine Artverwandten aus Echt-Leder. Dadurch l\u00e4sst es sich bequem aufrollen und bleibt dank seiner rutschfesten Unterseite da, wo es soll. Technische Details Gaming-Mauspad aus Kunstleder [&hellip;]<\/p>\n","protected":false},"featured_media":2894,"comment_status":"open","ping_status":"closed","template":"","meta":{"_acf_changed":false},"product_cat":[228],"product_tag":[],"acf":[],"jetpack_sharing_enabled":true,"_links":{"self":[{"href":"http:\/\/pc-direkthandel.de\/wordpress\/wp-json\/wp\/v2\/product\/2893"}],"collection":[{"href":"http:\/\/pc-direkthandel.de\/wordpress\/wp-json\/wp\/v2\/product"}],"about":[{"href":"http:\/\/pc-direkthandel.de\/wordpress\/wp-json\/wp\/v2\/types\/product"}],"replies":[{"embeddable":true,"href":"http:\/\/pc-direkthandel.de\/wordpress\/wp-json\/wp\/v2\/comments?post=2893"}],"wp:featuredmedia":[{"embeddable":true,"href":"http:\/\/pc-direkthandel.de\/wordpress\/wp-json\/wp\/v2\/media\/2894"}],"wp:attachment":[{"href":"http:\/\/pc-direkthandel.de\/wordpress\/wp-json\/wp\/v2\/media?parent=2893"}],"wp:term":[{"taxonomy":"product_cat","embeddable":true,"href":"http:\/\/pc-direkthandel.de\/wordpress\/wp-json\/wp\/v2\/product_cat?post=2893"},{"taxonomy":"product_tag","embeddable":true,"href":"http:\/\/pc-direkthandel.de\/wordpress\/wp-json\/wp\/v2\/product_tag?post=2893"}],"curies":[{"name":"wp","href":"https:\/\/api.w.org\/{rel}","templated":true}]}}