{"id":2887,"date":"2019-09-24T14:19:02","date_gmt":"2019-09-24T12:19:02","guid":{"rendered":"http:\/\/pc-direkthandel.de\/wordpress\/?post_type=product&#038;p=2887"},"modified":"2019-09-24T14:22:13","modified_gmt":"2019-09-24T12:22:13","slug":"one-ultra-complete-bundle","status":"publish","type":"product","link":"http:\/\/pc-direkthandel.de\/wordpress\/product\/one-ultra-complete-bundle\/","title":{"rendered":"ONE Ultra Complete Bundle"},"content":{"rendered":"<div class=\"tab--container has--content\">\n<div id=\"tab-Inklusive\" class=\"tab--content\">\n<div class=\"content--description\">\n<div class=\"product--inclusive\">\n<p><strong><span class=\"stdblack\"> ENTHALTENE ARTIKEL <\/span><\/strong><\/p>\n<\/div>\n<\/div>\n<\/div>\n<\/div>\n<div class=\"tab--container has--content\">\n<div id=\"tab-Beschreibung\" class=\"tab--content\">\n<div class=\"content--description\">\n<div class=\"row\">\n<div class=\"col s12\">\n<p><strong>Gembird Lightning Detonator V2 schwarz<br \/>\n<\/strong><\/p>\n<ul>\n<li>5 programmierbare Makro-Tasten + 12 Multimedia-Tasten<\/li>\n<li>Anti-Ghosting-Effekt<\/li>\n<li>Einfache Aufzeichnung von Makros &#8211; keine zus\u00e4tzliche Software oder Treiber notwendig<\/li>\n<li>Beleuchtete Tasten in 7 unterschiedlichen Farben einstellbar<\/li>\n<li>mit variabler Helligkeit und pulsierendem Effekt<\/li>\n<\/ul>\n<p><strong>Blackhawk-Ultragrip RGB Maus<br \/>\n<\/strong><\/p>\n<p>Die Blackhawk-Ultragrip RGB ist eine ergonomische Maus, die durch ihre Individuell anpassbare RGB Beleuchtung mit 16.8 Millionen Farben, welche 4 konfigurierbare Beleuchtungsmodi bietet, ganz bestimmt in deinem Gaming-Setup auff\u00e4llt. Die Oberfl\u00e4che der Maus ist vollst\u00e4ndig gummiert und bietet dir den besten Halt, auch wenn die Gaming-Session mal l\u00e4nger dauert.<\/p>\n<p>Die 4000 DPI und bis zu 1000Hz Sendeleistung erm\u00f6glichen dir eine Pr\u00e4zision, mit der du jeden deiner Gegner besiegen kannst.<\/p>\n<p>Bei allen 7 Tasten kannst du entscheiden, welche Funktionen diese haben sollen. Dazu kannst du deine eigenen Makros auch aufnehmen und einer beliebigen Taste zuweisen. Damit du f\u00fcr jedes Spiel deine eigene Konfiguration perfekt einstellen und anpassen kannst, bietet die Blackhawk-Ultragrip bis zu 5 komplett anpassbare Profile.<\/p>\n<p><strong>Beleuchtungsmodi<\/strong><\/p>\n<p>Steady: W\u00e4hle deine Farbe aus, welche durchgehend leuchten soll<\/p>\n<p>Breath: Die Maus pulsiert in ausgew\u00e4hlten Sequenzen<\/p>\n<p>Blink+Effekt: Die Maus leuchtet auf, wenn du deine DPI \u00e4nderst und wechselt dann in den ausgew\u00e4hlten Modus<\/p>\n<p>Steady+Effekt: Die Maus beh\u00e4lt nach dem DPI Wechsel ihr Farbschema bei, erst danach wird der ausgew\u00e4hlte Effekt aktiv<\/p>\n<p><strong>Speedlink MAXTER 7.1 SURROUND USB Gaming Headset\u00a0<\/strong><\/p>\n<ul>\n<li>\u00a07.1 Surround Gaming Headset f\u00fcr den PC<\/li>\n<li>Gepolsterte, ohrumschlie\u00dfende Ohrmuscheln<\/li>\n<li>Stylishes Design<\/li>\n<li>Brillanter 7.1 Surround Sound<\/li>\n<li>Tiefe, volumin\u00f6se B\u00e4sse<\/li>\n<li>Mehrfarbig beleuchtete Ohrmuscheln<\/li>\n<li>Vibrationseinheiten<\/li>\n<li>Verbindung: USB-ATreibereinheiten: 50mm<\/li>\n<li>Kopfh\u00f6rer-Frequenzgang: 20Hz \u2013 20kHz<\/li>\n<li>Kopfh\u00f6rer-Impedanz: 32\u03a9<\/li>\n<li>Schalldruckpegel: 110dB \u00b1 3dB bei 1kHz<\/li>\n<li>Leistung: 20mW max.<\/li>\n<li>Mikrofon-Frequenzgang: 100Hz-10kHz<\/li>\n<li>Empfindlichkeit: -38dB \u00b1 3dB bei 1kHz<\/li>\n<li>Mikrofon-Impedanz: 2,2k\u03a9<\/li>\n<li>Richt-Charakteristik: Omnidirektional<\/li>\n<\/ul>\n<\/div>\n<\/div>\n<\/div>\n<\/div>\n<\/div>\n","protected":false},"excerpt":{"rendered":"<p>ENTHALTENE ARTIKEL Gembird Lightning Detonator V2 schwarz 5 programmierbare Makro-Tasten + 12 Multimedia-Tasten Anti-Ghosting-Effekt Einfache Aufzeichnung von Makros &#8211; keine zus\u00e4tzliche Software oder Treiber notwendig Beleuchtete Tasten in 7 unterschiedlichen Farben einstellbar mit variabler Helligkeit und pulsierendem Effekt Blackhawk-Ultragrip RGB Maus Die Blackhawk-Ultragrip RGB ist eine ergonomische Maus, die durch ihre Individuell anpassbare RGB Beleuchtung [&hellip;]<\/p>\n","protected":false},"featured_media":2888,"comment_status":"open","ping_status":"closed","template":"","meta":{"_acf_changed":false},"product_cat":[226],"product_tag":[],"acf":[],"jetpack_sharing_enabled":true,"_links":{"self":[{"href":"http:\/\/pc-direkthandel.de\/wordpress\/wp-json\/wp\/v2\/product\/2887"}],"collection":[{"href":"http:\/\/pc-direkthandel.de\/wordpress\/wp-json\/wp\/v2\/product"}],"about":[{"href":"http:\/\/pc-direkthandel.de\/wordpress\/wp-json\/wp\/v2\/types\/product"}],"replies":[{"embeddable":true,"href":"http:\/\/pc-direkthandel.de\/wordpress\/wp-json\/wp\/v2\/comments?post=2887"}],"wp:featuredmedia":[{"embeddable":true,"href":"http:\/\/pc-direkthandel.de\/wordpress\/wp-json\/wp\/v2\/media\/2888"}],"wp:attachment":[{"href":"http:\/\/pc-direkthandel.de\/wordpress\/wp-json\/wp\/v2\/media?parent=2887"}],"wp:term":[{"taxonomy":"product_cat","embeddable":true,"href":"http:\/\/pc-direkthandel.de\/wordpress\/wp-json\/wp\/v2\/product_cat?post=2887"},{"taxonomy":"product_tag","embeddable":true,"href":"http:\/\/pc-direkthandel.de\/wordpress\/wp-json\/wp\/v2\/product_tag?post=2887"}],"curies":[{"name":"wp","href":"https:\/\/api.w.org\/{rel}","templated":true}]}}