{"id":2881,"date":"2019-09-24T14:10:30","date_gmt":"2019-09-24T12:10:30","guid":{"rendered":"http:\/\/pc-direkthandel.de\/wordpress\/?post_type=product&#038;p=2881"},"modified":"2019-09-24T14:13:25","modified_gmt":"2019-09-24T12:13:25","slug":"logitech-mk270-wireless-desktop","status":"publish","type":"product","link":"http:\/\/pc-direkthandel.de\/wordpress\/product\/logitech-mk270-wireless-desktop\/","title":{"rendered":"LOGITECH MK270 Wireless Desktop"},"content":{"rendered":"<div class=\"row\">\n<div class=\"col s12\">\n<p class=\"feature-title\"><strong>Kabellose Logitech\u00ae Advanced 2,4-GHz-Verbindung mit einer Reichweite von bis zu 10 Metern<\/strong><\/p>\n<div class=\"feature-content\">\n<div class=\"feature-description skip-animation\">\n<div class=\"feature-description-inner\">Bietet eine schnelle, zuverl\u00e4ssige und sichere Verbindung mit 128-Bit-AES-Tastaturverschl\u00fcsselung. Auch in Bereichen mit starker WLAN-Nutzung sind Verz\u00f6gerungen und Ausf\u00e4lle nahezu ausgeschlossen, so dass eine komfortable Nutzung im gesamten B\u00fcro, einschlie\u00dflich des Konferenzraums, gew\u00e4hrleistet ist.<\/div>\n<div class=\"feature-description-inner\"><\/div>\n<div class=\"feature-description-inner\">\n<p class=\"feature-title\"><strong>Kompakt-Maus<\/strong><\/p>\n<div class=\"feature-content\">\n<div class=\"feature-description\">\n<div class=\"feature-description-inner\">Nehmen Sie die Maus mit. Geht Ihr Rechner auf Reisen, reist diese komfortable Maus in der Notebook- oder Jackentasche ganz einfach mit.<\/div>\n<div class=\"feature-description-inner\"><\/div>\n<div class=\"feature-description-inner\">\n<p class=\"feature-title\"><strong>L\u00e4ngere Batterielebensdauer<\/strong><\/p>\n<div class=\"feature-content\">\n<div class=\"feature-description\">\n<div class=\"feature-description-inner\">\n<p>Dank der Batterielebensdauer von 36\u00a0Monaten f\u00fcr die Tastatur bzw. 12\u00a0Monaten f\u00fcr die Maus sowie dem sinnvollen Ein-\/Ausschalter ersparen Sie sich \u00fcber Monate die l\u00e4stigen Batteriewechsel.*<\/p>\n<p><em>* Die Berechnung der Batterielebensdauer f\u00fcr die Tastatur basiert auf einer gesch\u00e4tzten Anzahl von zwei Millionen Anschl\u00e4gen pro Jahr in einer B\u00fcroumgebung. Individuelle Abweichungen sind m\u00f6glich. Die Lebensdauer der Mausbatterien ist von Nutzungs- und Umgebungsbedingungen abh\u00e4ngig.<\/em><\/p>\n<p class=\"feature-title\"><strong>Acht Sondertasten<\/strong><\/p>\n<div class=\"feature-content\">\n<div class=\"feature-description\">\n<div class=\"feature-description-inner\">Ein Tastendruck und sofort besteht Zugriff auf die Mediensteuerung: Filme, Musik, Internet, E-Mail, Play\/Pause, Lautst\u00e4rke usw.<\/div>\n<\/div>\n<\/div>\n<\/div>\n<\/div>\n<\/div>\n<\/div>\n<\/div>\n<\/div>\n<\/div>\n<\/div>\n<\/div>\n<\/div>\n<\/div>\n","protected":false},"excerpt":{"rendered":"<p>Kabellose Logitech\u00ae Advanced 2,4-GHz-Verbindung mit einer Reichweite von bis zu 10 Metern Bietet eine schnelle, zuverl\u00e4ssige und sichere Verbindung mit 128-Bit-AES-Tastaturverschl\u00fcsselung. Auch in Bereichen mit starker WLAN-Nutzung sind Verz\u00f6gerungen und Ausf\u00e4lle nahezu ausgeschlossen, so dass eine komfortable Nutzung im gesamten B\u00fcro, einschlie\u00dflich des Konferenzraums, gew\u00e4hrleistet ist. Kompakt-Maus Nehmen Sie die Maus mit. Geht Ihr Rechner [&hellip;]<\/p>\n","protected":false},"featured_media":2882,"comment_status":"open","ping_status":"closed","template":"","meta":{"_acf_changed":false},"product_cat":[224],"product_tag":[],"acf":[],"jetpack_sharing_enabled":true,"_links":{"self":[{"href":"http:\/\/pc-direkthandel.de\/wordpress\/wp-json\/wp\/v2\/product\/2881"}],"collection":[{"href":"http:\/\/pc-direkthandel.de\/wordpress\/wp-json\/wp\/v2\/product"}],"about":[{"href":"http:\/\/pc-direkthandel.de\/wordpress\/wp-json\/wp\/v2\/types\/product"}],"replies":[{"embeddable":true,"href":"http:\/\/pc-direkthandel.de\/wordpress\/wp-json\/wp\/v2\/comments?post=2881"}],"wp:featuredmedia":[{"embeddable":true,"href":"http:\/\/pc-direkthandel.de\/wordpress\/wp-json\/wp\/v2\/media\/2882"}],"wp:attachment":[{"href":"http:\/\/pc-direkthandel.de\/wordpress\/wp-json\/wp\/v2\/media?parent=2881"}],"wp:term":[{"taxonomy":"product_cat","embeddable":true,"href":"http:\/\/pc-direkthandel.de\/wordpress\/wp-json\/wp\/v2\/product_cat?post=2881"},{"taxonomy":"product_tag","embeddable":true,"href":"http:\/\/pc-direkthandel.de\/wordpress\/wp-json\/wp\/v2\/product_tag?post=2881"}],"curies":[{"name":"wp","href":"https:\/\/api.w.org\/{rel}","templated":true}]}}