{"id":2879,"date":"2019-09-24T14:04:10","date_gmt":"2019-09-24T12:04:10","guid":{"rendered":"http:\/\/pc-direkthandel.de\/wordpress\/?post_type=product&#038;p=2879"},"modified":"2019-09-24T14:13:21","modified_gmt":"2019-09-24T12:13:21","slug":"logitech-mk330-wireless-desktop","status":"publish","type":"product","link":"http:\/\/pc-direkthandel.de\/wordpress\/product\/logitech-mk330-wireless-desktop\/","title":{"rendered":"LOGITECH MK330 Wireless Desktop"},"content":{"rendered":"<div class=\"row\">\n<div class=\"col s12\">\n<div class=\"row\">\n<div class=\"row\">\n<div class=\"col s12\">\n<p><strong>Auf Ihre Vorlieben abgestimmt<\/strong><\/p>\n<p>Dank der elf Sondertasten haben Sie sofort Zugriff auf Facebook oder YouTube. Ihre Lieblings-Websites, Musik und Filme sind nur einen Tastendruck entfernt.<\/p>\n<p><strong>Komfort f\u00fcr Ihre H\u00e4nde<\/strong><\/p>\n<p>Die ultraflachen, fl\u00fcsterleisen Tasten bieten beim Schreiben von Chatnachrichten, E-Mails usw. ein optimales Tipperlebnis.<\/p>\n<p><strong>Ein kleines Wunder: die kabellose Maus<\/strong><\/p>\n<p>Die mobile und komfortable Maus ist \u00fcberall dabei, egal wo Sie Ihren Computer benutzen. Dank des winzigen USB-Nano-Empf\u00e4ngers, der st\u00e4ndig in Ihrem Notebook eingesteckt bleiben kann, ist sie jederzeit einsatzbereit.<\/p>\n<\/div>\n<\/div>\n<div class=\"row\">\n<div class=\"col s12\">\n<p class=\"feature-title\"><strong>Multimedia-Sondertasten<\/strong><\/p>\n<div class=\"feature-content\">\n<div class=\"feature-description\">\n<div class=\"feature-description-inner\">\n<p>\u00dcberspringen Sie einen Song. Halten Sie ein Video an. Drehen Sie richtig auf. \u00dcber elf Multimedia-Sondertasten k\u00f6nnen Sie die Wiedergabe starten und anhalten, zum vorherigen oder n\u00e4chsten Titel springen, die Lautst\u00e4rke anpassen und die Lautsprecher stummschalten.<\/p>\n<\/div>\n<div class=\"feature-description-inner\">\n<p class=\"feature-title\"><strong>Elegantes, komfortables Design<\/strong><\/p>\n<div class=\"feature-content\">\n<div class=\"feature-description\">\n<div class=\"feature-description-inner\">\n<p>Diese elegante Tastatur mit flachen, fl\u00fcsterleisen Tasten bietet ein komfortableres Tipperlebnis als Notebook- oder Netbook-Tastaturen.<\/p>\n<\/div>\n<div class=\"feature-description-inner\">\n<p class=\"feature-title\"><strong>Mobile kabellose Maus<\/strong><\/p>\n<div class=\"feature-content\">\n<div class=\"feature-description\">\n<div class=\"feature-description-inner\">\n<p>Wenn Sie mit Ihrem Notebook unterwegs sind, ist die schicke Maus immer dabei. Sie k\u00f6nnen den Nano-Empf\u00e4nger im Notebook eingesteckt lassen oder in einem in der Maus integrierten Fach aufbewahren.<\/p>\n<\/div>\n<div class=\"feature-description-inner\">\n<p class=\"feature-title\"><strong>L\u00e4ngere Batterielebensdauer<\/strong><\/p>\n<div class=\"feature-content\">\n<div class=\"feature-description\">\n<div class=\"feature-description-inner\">\n<p>Dank der Batterielebensdauer von 24\u00a0Monaten f\u00fcr die Tastatur und 12\u00a0Monaten f\u00fcr die Maus k\u00f6nnen Sie monatelang ohne l\u00e4stiges Batteriewechseln arbeiten.<\/p>\n<\/div>\n<\/div>\n<\/div>\n<\/div>\n<\/div>\n<\/div>\n<\/div>\n<\/div>\n<\/div>\n<\/div>\n<\/div>\n<\/div>\n<\/div>\n<\/div>\n<div class=\"row\">\n<div class=\"col s12\">\n<p><strong>Kabellose Advanced 2,4-GHz-Technologie<\/strong><\/p>\n<div class=\"feature-content\">Sie k\u00f6nnen \u00fcberall arbeiten und spielen, sogar bequem auf dem Sofa. Dank der zuverl\u00e4ssigen kabellosen Verbindung mit einer Reichweite von bis zu zehn Metern** gibt es nahezu keine Verz\u00f6gerungen, Ausf\u00e4lle oder St\u00f6rungen.<\/div>\n<div class=\"feature-content\"><\/div>\n<div class=\"feature-content\">\n<p><strong>Plug&amp;Play-Komfort<\/strong><\/p>\n<div class=\"feature-content\">Die Einrichtung ist ein Kinderspiel: Stecken Sie einfach den kabellosen Empf\u00e4nger in einen USB-Anschluss Ihres Computers und schon k\u00f6nnen Sie bei YouTube auf Entdeckungsreise gehen, Online einkaufen oder \u00fcber Google das Web durchsuchen \u2013 ganz ohne Software zu installieren.<\/div>\n<div class=\"feature-content\"><\/div>\n<div class=\"feature-content\">\n<p><strong>10 programmierbare Tasten<\/strong><\/p>\n<div class=\"feature-content\">Die 4 Funktionstasten (F-Tasten) und 6 Sondertasten k\u00f6nnen Sie ganz einfach nach Ihren W\u00fcnschen programmieren, um mit einem Tastendruck auf h\u00e4ufig verwendete Anwendungen, Ordner oder Webseiten zuzugreifen.<\/div>\n<div class=\"feature-content\"><\/div>\n<div class=\"feature-content\">\n<p><strong>Logitech Unifying-Empf\u00e4nger<\/strong><\/p>\n<div class=\"feature-content\">Der Empf\u00e4nger ist so winzig, dass er selbst dann unbesch\u00e4digt in Ihrem Notebook eingesteckt bleiben kann, wenn Sie das Notebook transportieren. Und \u00fcber denselben Empf\u00e4nger k\u00f6nnen Sie ganz einfach eine weitere kompatible kabellose Maus, Tastatur oder einen Nummernblock anschlie\u00dfen.<\/div>\n<div class=\"feature-content\"><\/div>\n<div class=\"feature-content\"><em>* Die Berechnung der Batterielebensdauer f\u00fcr die Tastatur basiert auf einer gesch\u00e4tzten Anzahl von zwei Millionen Anschl\u00e4gen pro Jahr in einer B\u00fcroumgebung. Individuelle Abweichungen sind m\u00f6glich. Die Lebensdauer der Mausbatterien ist von Nutzungs- und Umgebungsbedingungen abh\u00e4ngig.<br \/>\n** Die kabellose Reichweite ist von Nutzungs- und Umgebungsbedingungen abh\u00e4ngig.<\/em><\/div>\n<\/div>\n<\/div>\n<\/div>\n<\/div>\n<\/div>\n<\/div>\n<\/div>\n<\/div>\n","protected":false},"excerpt":{"rendered":"<p>Auf Ihre Vorlieben abgestimmt Dank der elf Sondertasten haben Sie sofort Zugriff auf Facebook oder YouTube. Ihre Lieblings-Websites, Musik und Filme sind nur einen Tastendruck entfernt. Komfort f\u00fcr Ihre H\u00e4nde Die ultraflachen, fl\u00fcsterleisen Tasten bieten beim Schreiben von Chatnachrichten, E-Mails usw. ein optimales Tipperlebnis. Ein kleines Wunder: die kabellose Maus Die mobile und komfortable Maus [&hellip;]<\/p>\n","protected":false},"featured_media":2880,"comment_status":"open","ping_status":"closed","template":"","meta":{"_acf_changed":false},"product_cat":[224],"product_tag":[],"acf":[],"jetpack_sharing_enabled":true,"_links":{"self":[{"href":"http:\/\/pc-direkthandel.de\/wordpress\/wp-json\/wp\/v2\/product\/2879"}],"collection":[{"href":"http:\/\/pc-direkthandel.de\/wordpress\/wp-json\/wp\/v2\/product"}],"about":[{"href":"http:\/\/pc-direkthandel.de\/wordpress\/wp-json\/wp\/v2\/types\/product"}],"replies":[{"embeddable":true,"href":"http:\/\/pc-direkthandel.de\/wordpress\/wp-json\/wp\/v2\/comments?post=2879"}],"wp:featuredmedia":[{"embeddable":true,"href":"http:\/\/pc-direkthandel.de\/wordpress\/wp-json\/wp\/v2\/media\/2880"}],"wp:attachment":[{"href":"http:\/\/pc-direkthandel.de\/wordpress\/wp-json\/wp\/v2\/media?parent=2879"}],"wp:term":[{"taxonomy":"product_cat","embeddable":true,"href":"http:\/\/pc-direkthandel.de\/wordpress\/wp-json\/wp\/v2\/product_cat?post=2879"},{"taxonomy":"product_tag","embeddable":true,"href":"http:\/\/pc-direkthandel.de\/wordpress\/wp-json\/wp\/v2\/product_tag?post=2879"}],"curies":[{"name":"wp","href":"https:\/\/api.w.org\/{rel}","templated":true}]}}