{"id":2875,"date":"2019-09-23T21:29:23","date_gmt":"2019-09-23T19:29:23","guid":{"rendered":"http:\/\/pc-direkthandel.de\/wordpress\/?post_type=product&#038;p=2875"},"modified":"2019-09-23T21:34:57","modified_gmt":"2019-09-23T19:34:57","slug":"bullitt-land-rover-explore","status":"publish","type":"product","link":"http:\/\/pc-direkthandel.de\/wordpress\/product\/bullitt-land-rover-explore\/","title":{"rendered":"BULLITT Land Rover Explore"},"content":{"rendered":"<p><b>Sorgenfreie Abenteuerlust<\/b><\/p>\n<p>Zerbrochene Displays und kaputte Handys geh\u00f6ren ab sofort der Vergangenheit an.<br \/>\nDieses langlebige Smartphone wurde f\u00fcr den Outdoor-Lifestyle entwickelt. Es wurde unter allen Bedingungen getestet und bringt Sie bei jedem Wetter voran &#8211; es trotzt selbst den st\u00e4rksten Elementen.<\/p>\n<p>Das Land Rover Explore h\u00e4lt der t\u00e4glichen Benutzung im Freien stand. Es ist so wasserdicht, dass es untergetaucht werden kann (sogar in Salzwasser), besteht Sturztests und trotzt extremen und schnell wechselnden Temperaturen. Sie k\u00f6nnen sicher sein, dass Ihr Smartphone auch bei starken Regenf\u00e4llen oder auf schlammigen Wegen einwandfrei funktioniert, damit Sie jederzeit verbunden bleiben.<br \/>\nDas Explore hat sich seinen Platz in Ihrer Outdoor-Ausr\u00fcstung verdient.<\/p>\n<p><b>Akkulaufzeit<\/b><\/p>\n<p>Entdecke mehr und bleibe noch l\u00e4nger drau\u00dfen unterwegs mit dem richtigen Akku, den Sie daf\u00fcr brauchen. Der gro\u00dfe eingebaute Akku des Explore (4.000 mAh) erm\u00f6glicht ohne Probleme zwei Tage typischen Telefongebrauchs.<\/p>\n<p>Wenn Sie mit extremeren Umgebungen konfrontiert werden, die normalerweise die Batterie entladen, wie z.B. extreme H\u00f6he oder sehr kalte Temperaturen, k\u00f6nnen diese den Tag auch bei laufendem GPS und st\u00e4ndig eingeschaltetem Bildschirm \u00fcberstehen.<\/p>\n<p>Aber wir wissen, dass dies f\u00fcr einige immer noch nicht genug ist, also liefern wir ein Adventure Pack KOSTENLOS mit jedem Explore mit. Befestige es einfach an der R\u00fcckseite Deines Telefons, um Ihre Akkulaufzeit zu verdoppeln.<br \/>\nEs enth\u00e4lt auch eine zus\u00e4tzliche Keramik-Patch-GPS-Antenne, wie Sie sie sonst nur in f\u00fchrenden GPS-Handheld-Ger\u00e4ten findest, so dass Sie genau wissen, wo Sie Sich gerade befinden. Sie m\u00fcssen Ihr Abenteuer nicht abbrechen.<\/p>\n<p><b>Mapping<\/b><\/p>\n<p>AUF DEM RICHTIGEN WEG BLEIBEN<br \/>\nGehe nie wieder verloren. Mit ViewRanger, das im Lieferumfang des Land Rover Explore enthalten ist, haben Sie einen Guide in Ihrer Tasche, mit dem Sie Zugang zu Premium-Karten erhalten. Au\u00dferdem erhalten Sie einen Gutschein f\u00fcr topografische Karten f\u00fcr den gew\u00e4hlten Standort.<\/p>\n<p>Finde neue Routen, Tracks, Trails und Pfade. Sie wissen ganz genau, was Sich erwartet. Gehe raus und genie\u00dfe die Natur. Sie k\u00f6nnen schnell und einfach von den Smartphone-Anwendungen zu einer dedizierten Mapping-Funktionalit\u00e4t wechseln.<\/p>\n<p>Explore hilft Ihnen dabei, auf der Strecke zu bleiben oder im Gel\u00e4nde zu fahren &#8211; ganz wie Sie es w\u00fcnschen.<\/p>\n<p><b>Apps<\/b><\/p>\n<p>Der Startbildschirm verf\u00fcgt \u00fcber ein anpassbares Outdoor-Dashboard f\u00fcr den sofortigen Zugriff auf Wetterinformationen und Sensordaten vom Ger\u00e4t.<\/p>\n<p>Das Explore Hub ist ein kuratiertes App-Portal mit einem f\u00fcr viele Outdoor-Aktivit\u00e4ten relevanten Content-Katalog.<\/p>\n<p>Plus n\u00fctzlichen Zusatzfunktionen wie einer handlichen SOS-Taschenlampe und einem Rot-Filter-Modus zur Reduzierung der Blendung durch den Bildschirm in der Nacht &#8211; diese sorgen daf\u00fcr dass das Land Rover Explore perfekt ist f\u00fcr alle mit einer Leidenschaft f\u00fcr die Natur.<\/p>\n<p><b>Design<\/b><\/p>\n<p>Ein robustes Telefon, das auch stilvoll ist. Entwickelt in enger Zusammenarbeit mit Land Rover. Das Smartphone besticht durch subtile Anleihen vom leistungsf\u00e4higen und extrem vielseitigen Design des Land Rover Discovery.<\/p>\n<p>Inspiriert vom Frontgrilldesign \u00fcber die Scheinwerferarchitektur bis hin zur R\u00e4ndelung der Innenzifferbl\u00e4tter spiegelt es elegant die Essenz und Integrit\u00e4t der Marke Land Rover wider.<\/p>\n<p>Es ist ein robustes Smartphone in einem stilvollen Design, das sowohl im B\u00fcro als auch im Freien gut funktioniert.<\/p>\n<p><b>Kamera<\/b><\/p>\n<p>Wir haben die Kamera im Explore so konzipiert, dass sie auch unter den widrigsten Bedingungen funktioniert.<\/p>\n<p>Die wasserdichte, sturzsichere 16-Megapixel-Kamera und die 8-Megapixel-Frontkamera des Explore k\u00f6nnen sowohl mit Handschuhen verwendet werden, als auch wenn der Bildschirm nass ist.<\/p>\n<p>Sie ist so konstruiert, dass sie schnell und einfach gro\u00dfe Momente von Ihren Abenteuern festhalten kann. Und da sie sturzsicher ist, muss man sich keine Sorgen machen.<\/p>\n<p><b>Adventure-Pack<\/b><\/p>\n<p>Mit dem Adventure-Pack erhalten Sie zudem topographisches Mapping, eine GPS Signalverst\u00e4rkung und zus\u00e4tzliche Akkuleistung, mit denen Sie weiter kommen und l\u00e4nger von der freien Natur profitieren.<\/p>\n","protected":false},"excerpt":{"rendered":"<p>Sorgenfreie Abenteuerlust Zerbrochene Displays und kaputte Handys geh\u00f6ren ab sofort der Vergangenheit an. Dieses langlebige Smartphone wurde f\u00fcr den Outdoor-Lifestyle entwickelt. Es wurde unter allen Bedingungen getestet und bringt Sie bei jedem Wetter voran &#8211; es trotzt selbst den st\u00e4rksten Elementen. Das Land Rover Explore h\u00e4lt der t\u00e4glichen Benutzung im Freien stand. Es ist so [&hellip;]<\/p>\n","protected":false},"featured_media":2876,"comment_status":"open","ping_status":"closed","template":"","meta":{"_acf_changed":false},"product_cat":[222],"product_tag":[],"acf":[],"jetpack_sharing_enabled":true,"_links":{"self":[{"href":"http:\/\/pc-direkthandel.de\/wordpress\/wp-json\/wp\/v2\/product\/2875"}],"collection":[{"href":"http:\/\/pc-direkthandel.de\/wordpress\/wp-json\/wp\/v2\/product"}],"about":[{"href":"http:\/\/pc-direkthandel.de\/wordpress\/wp-json\/wp\/v2\/types\/product"}],"replies":[{"embeddable":true,"href":"http:\/\/pc-direkthandel.de\/wordpress\/wp-json\/wp\/v2\/comments?post=2875"}],"wp:featuredmedia":[{"embeddable":true,"href":"http:\/\/pc-direkthandel.de\/wordpress\/wp-json\/wp\/v2\/media\/2876"}],"wp:attachment":[{"href":"http:\/\/pc-direkthandel.de\/wordpress\/wp-json\/wp\/v2\/media?parent=2875"}],"wp:term":[{"taxonomy":"product_cat","embeddable":true,"href":"http:\/\/pc-direkthandel.de\/wordpress\/wp-json\/wp\/v2\/product_cat?post=2875"},{"taxonomy":"product_tag","embeddable":true,"href":"http:\/\/pc-direkthandel.de\/wordpress\/wp-json\/wp\/v2\/product_tag?post=2875"}],"curies":[{"name":"wp","href":"https:\/\/api.w.org\/{rel}","templated":true}]}}