{"id":2873,"date":"2019-09-23T21:24:06","date_gmt":"2019-09-23T19:24:06","guid":{"rendered":"http:\/\/pc-direkthandel.de\/wordpress\/?post_type=product&#038;p=2873"},"modified":"2019-09-23T21:28:35","modified_gmt":"2019-09-23T19:28:35","slug":"motorola-moto-g5s-plus","status":"publish","type":"product","link":"http:\/\/pc-direkthandel.de\/wordpress\/product\/motorola-moto-g5s-plus\/","title":{"rendered":"Motorola Moto G5S Plus"},"content":{"rendered":"<p><strong>doppelt<\/strong>\u00a0<strong>fotografiert besser<br \/>\n<\/strong>Wir haben die Kamera nicht nur verbessert, sondern von Grund auf neu konzipiert: mit der 13-MP-Dual-Kamera und smarter Software hast du die Power einer professionellen Spiegelreflexkamera buchst\u00e4blich in der Hand. Nimm brillante Fotos auf und f\u00fcge einen Unsch\u00e4rfe-Effekt hinzu, der deine Portraits noch plastischer wirken l\u00e4sst. Setze bei Schwarz-Wei\u00df-Fotos mit farbigen Details spannende Akzente.\u2020 Oder tausche den Hintergrund durch ein beliebiges Bild aus deinem Google Fotos-Archiv aus.\u2020\u2020\u2020 Wechsle zur 8-MP-Weitwinkel-Front-Kamera mit LED-Blitz f\u00fcr perfekte Selfies bei Tag und Nacht. Und wenn du den Panorama-Modus aktivierst, bekommst du noch mehr vom malerischen Hintergrund aufs Bild.<\/p>\n<p><strong>edles metall<br \/>\n<\/strong>Bewundernde Blicke inklusive: das neue Unibody-Vollmetallgeh\u00e4use wurde hochpr\u00e4zise aus einem einzigen St\u00fcck Aluminium gefertigt, diamantgeschliffen und makellos poliert. Atemberaubend sch\u00f6n und so robust wie nie zuvor. Entscheide dich f\u00fcr Lunar Gray oder Blush Gold.<\/p>\n<p><strong>m\u00f6ge das kino mit dir sein<br \/>\n<\/strong>Die lange Filmnacht kannst du jetzt \u00fcberall starten. Erwecke Blockbuster zum Leben auf einem beeindruckenden 5,5\u2018\u2018-Full-HD-Display, das Farben so brillant und Details so gestochen scharf darstellt, wie man es sonst nur von Premium-Smartphones erwarten w\u00fcrde. Dank ultraschnellem Qualcomm\u00ae Snapdragon\u2122 2,0-GHz-Octa-Core-Prozessor, leistungsstarken Grafikf\u00e4higkeiten und 4G LTE-Unterst\u00fctzung sind l\u00e4stige Unterbrechungen und lange Ladezeiten endlich pass\u00e9.<\/p>\n<p><strong>power-kombi<br \/>\n<\/strong>Bleib unabh\u00e4ngig! Der 3000-mAh-Akku bringt die Power, die du f\u00fcr einen vollgepackten Tag brauchst. Noch mehr Energie gef\u00e4llig? Das mitgelieferte turbopower\u2122-Ladeger\u00e4t liefert bis zu 6 Stunden Akku-Laufzeit nach nur 15 Minuten.<\/p>\n<p><strong>dein finger ist der schl\u00fcssel<br \/>\n<\/strong>Vergiss dein Passwort! Beim Moto G5S Plus entsperrst du das Smartphone per Fingerabdruck. Zus\u00e4tzlich kannst du bis zu 5 weitere Fingerabdr\u00fccke speichern, um auch anderen Personen Zugriff zu gew\u00e4hren.<\/p>\n<p><strong>navigiere mit einem Touch<br \/>\n<\/strong>Durch die neue One-Touch-Navigation verschwinden die herk\u00f6mmlichen Displaytasten und du hast einfach mehr im Blick. Nutze den Fingerabdrucksensor zur Navigation: Wische nach links f\u00fcr zur\u00fcck und nach rechts, um deine k\u00fcrzlich verwendeten Apps aufzurufen. Tippe kurz, um zum Homescreen zu gelangen oder l\u00e4nger zum Sperren bzw. Entsperren.<\/p>\n<p><strong>clever bezahlen per fingertipp<br \/>\n<\/strong>Das Moto G5S Plus macht mobiles Bezahlen leichter. Halte einfach dein Smartphone in die N\u00e4he eines kompatiblen NFC-Terminals und benutze deinen Fingerabdruck \u2013 Bargeld und Karten k\u00f6nnen zuhause bleiben. Sogar auf Google Play und bei dutzenden Apps kannst du ganz ohne Passwort shoppen.<\/p>\n","protected":false},"excerpt":{"rendered":"<p>doppelt\u00a0fotografiert besser Wir haben die Kamera nicht nur verbessert, sondern von Grund auf neu konzipiert: mit der 13-MP-Dual-Kamera und smarter Software hast du die Power einer professionellen Spiegelreflexkamera buchst\u00e4blich in der Hand. Nimm brillante Fotos auf und f\u00fcge einen Unsch\u00e4rfe-Effekt hinzu, der deine Portraits noch plastischer wirken l\u00e4sst. Setze bei Schwarz-Wei\u00df-Fotos mit farbigen Details spannende [&hellip;]<\/p>\n","protected":false},"featured_media":2874,"comment_status":"open","ping_status":"closed","template":"","meta":{"_acf_changed":false},"product_cat":[199],"product_tag":[],"acf":[],"jetpack_sharing_enabled":true,"_links":{"self":[{"href":"http:\/\/pc-direkthandel.de\/wordpress\/wp-json\/wp\/v2\/product\/2873"}],"collection":[{"href":"http:\/\/pc-direkthandel.de\/wordpress\/wp-json\/wp\/v2\/product"}],"about":[{"href":"http:\/\/pc-direkthandel.de\/wordpress\/wp-json\/wp\/v2\/types\/product"}],"replies":[{"embeddable":true,"href":"http:\/\/pc-direkthandel.de\/wordpress\/wp-json\/wp\/v2\/comments?post=2873"}],"wp:featuredmedia":[{"embeddable":true,"href":"http:\/\/pc-direkthandel.de\/wordpress\/wp-json\/wp\/v2\/media\/2874"}],"wp:attachment":[{"href":"http:\/\/pc-direkthandel.de\/wordpress\/wp-json\/wp\/v2\/media?parent=2873"}],"wp:term":[{"taxonomy":"product_cat","embeddable":true,"href":"http:\/\/pc-direkthandel.de\/wordpress\/wp-json\/wp\/v2\/product_cat?post=2873"},{"taxonomy":"product_tag","embeddable":true,"href":"http:\/\/pc-direkthandel.de\/wordpress\/wp-json\/wp\/v2\/product_tag?post=2873"}],"curies":[{"name":"wp","href":"https:\/\/api.w.org\/{rel}","templated":true}]}}