{"id":2822,"date":"2019-09-23T19:06:34","date_gmt":"2019-09-23T17:06:34","guid":{"rendered":"http:\/\/pc-direkthandel.de\/wordpress\/?post_type=product&#038;p=2822"},"modified":"2019-09-23T19:11:48","modified_gmt":"2019-09-23T17:11:48","slug":"speedlink-orios-rgb-opto-mechanical-gaming-keyboard","status":"publish","type":"product","link":"http:\/\/pc-direkthandel.de\/wordpress\/product\/speedlink-orios-rgb-opto-mechanical-gaming-keyboard\/","title":{"rendered":"speedlink Orios RGB Opto-Mechanical Gaming Keyboard"},"content":{"rendered":"<div class=\"row\">\n<div class=\"col s12\">\n<p>Stimmungsgeladene Farbeffekte, beste Reaktionsgeschwindigkeit und Komfort bei langen Gaming-Sessions: Das ORIOS RGB Opto-mechanical Gaming Keyboard bietet begeisterten Gamern ein Maximum an professionellen Eigenschaften. F\u00fcr Rahmen und Tasten lassen sich auch schon ohne Software neun stylishe Beleuchtungsmodi einstellen \u2013 ganz nach gew\u00fcnschter Stimmung. Die opto-mechanischen Tasten erstrahlen nicht nur in coolem Licht, sondern sorgen auch f\u00fcr Langlebigkeit der Tastatur und vor allem blitzschnelles Ausf\u00fchren von Befehlen, nicht zuletzt bedingt durch das N-Tasten-Rollover. Per Software programmieren Sie die Tasten dann ganz individuell in 16.7 Millionen Farben und erstellen komplexe Makros, sodass Sie f\u00fcr alle Situationen perfekt gewappnet sind. Die rutschfeste Unterseite sorgt f\u00fcr sicheren Halt, die abnehmbare Handballenauflage f\u00fcr anpassbaren Komfort. So kann die in RGB-Licht getauchte Nacht auch gerne mal durchgezockt werden.<\/p>\n<\/div>\n<\/div>\n<div class=\"row\">\n<div class=\"col s12\">\n<ul>\n<li>Professionelle opto-mechanische Tastatur mit RGB-Beleuchtung<\/li>\n<li>Opto-mechanische Tasten f\u00fcr Langlebigkeit und schnelleres Ausf\u00fchren von Befehlen<\/li>\n<li>Harter Tastenanschlag<\/li>\n<li>9 Beleuchtungsmodi f\u00fcr Tasten und Rahmen (auch ohne Software konfigurierbar)<\/li>\n<li>16,7 Millionen Farben<\/li>\n<li>Makros- und Tastenprogrammierung per Software<\/li>\n<li>Perfektes Anti-Ghosting mit N-Tasten-Rollover<\/li>\n<li>Rutschfeste Unterseite<\/li>\n<li>Robuste und widerstandsf\u00e4hige Metall-Oberfl\u00e4che<\/li>\n<li>Abnehmbare Handballenauflage<\/li>\n<li>Inklusive Keycap Remover<\/li>\n<\/ul>\n<\/div>\n<\/div>\n","protected":false},"excerpt":{"rendered":"<p>Stimmungsgeladene Farbeffekte, beste Reaktionsgeschwindigkeit und Komfort bei langen Gaming-Sessions: Das ORIOS RGB Opto-mechanical Gaming Keyboard bietet begeisterten Gamern ein Maximum an professionellen Eigenschaften. F\u00fcr Rahmen und Tasten lassen sich auch schon ohne Software neun stylishe Beleuchtungsmodi einstellen \u2013 ganz nach gew\u00fcnschter Stimmung. Die opto-mechanischen Tasten erstrahlen nicht nur in coolem Licht, sondern sorgen auch f\u00fcr [&hellip;]<\/p>\n","protected":false},"featured_media":2823,"comment_status":"open","ping_status":"closed","template":"","meta":{"_acf_changed":false},"product_cat":[213],"product_tag":[],"acf":[],"jetpack_sharing_enabled":true,"_links":{"self":[{"href":"http:\/\/pc-direkthandel.de\/wordpress\/wp-json\/wp\/v2\/product\/2822"}],"collection":[{"href":"http:\/\/pc-direkthandel.de\/wordpress\/wp-json\/wp\/v2\/product"}],"about":[{"href":"http:\/\/pc-direkthandel.de\/wordpress\/wp-json\/wp\/v2\/types\/product"}],"replies":[{"embeddable":true,"href":"http:\/\/pc-direkthandel.de\/wordpress\/wp-json\/wp\/v2\/comments?post=2822"}],"wp:featuredmedia":[{"embeddable":true,"href":"http:\/\/pc-direkthandel.de\/wordpress\/wp-json\/wp\/v2\/media\/2823"}],"wp:attachment":[{"href":"http:\/\/pc-direkthandel.de\/wordpress\/wp-json\/wp\/v2\/media?parent=2822"}],"wp:term":[{"taxonomy":"product_cat","embeddable":true,"href":"http:\/\/pc-direkthandel.de\/wordpress\/wp-json\/wp\/v2\/product_cat?post=2822"},{"taxonomy":"product_tag","embeddable":true,"href":"http:\/\/pc-direkthandel.de\/wordpress\/wp-json\/wp\/v2\/product_tag?post=2822"}],"curies":[{"name":"wp","href":"https:\/\/api.w.org\/{rel}","templated":true}]}}