{"id":2804,"date":"2019-09-23T18:19:37","date_gmt":"2019-09-23T16:19:37","guid":{"rendered":"http:\/\/pc-direkthandel.de\/wordpress\/?post_type=product&#038;p=2804"},"modified":"2019-09-23T18:23:20","modified_gmt":"2019-09-23T16:23:20","slug":"speedlink-accusor-advanced-gaming","status":"publish","type":"product","link":"http:\/\/pc-direkthandel.de\/wordpress\/product\/speedlink-accusor-advanced-gaming\/","title":{"rendered":"speedlink Accusor Advanced Gaming"},"content":{"rendered":"<div class=\"row\">\n<div class=\"col s12\">\n<p>Um den virtuellen Gegner zu knacken, m\u00fcssen Taktik und Ausr\u00fcstung mit Bedacht gew\u00e4hlt werden. Deswegen bietet das ACCUSOR Gaming Keyboard ambitionierten Gamern eine Vielzahl an Einstellungsm\u00f6glichkeiten \u2013 aktivieren Sie schlagartig beinharte Befehlsketten und erringen Sie dank ausgefeilter Profile eindrucksvolle Triumphe. Mit Features wie dem umfangreichen Makro-Editor und zahlreichen Zusatzfunktionen maximiert das ACCUSOR Ihre Siegeschancen im Spielgeschehen deutlich. Seine extrovertierte Next-Gen-Optik \u2013 allem voran die Beleuchtung \u2013 sieht nicht nur stylish und kraftvoll aus; auch beim Tippen im Dunkeln bleiben die einzelnen Tasten optimal erkennbar. Das ACCUSOR ist sofort einsatzbereit, sodass sich Veteranen und Neueinsteiger direkt in wilde Mehrspieler-Gefechte st\u00fcrzen k\u00f6nnen.<\/p>\n<\/div>\n<\/div>\n<div class=\"row\">\n<div class=\"col s12\">\n<ul>\n<li>Professionelle PC-Gaming-Tastatur<\/li>\n<li>LED-Tastenbeleuchtung in drei Farben mit einstellbarer Intensit\u00e4t<\/li>\n<li>3 Profilwahl-Tasten mit LED-Indikator<\/li>\n<li>6 frei programmierbare Makro-Tasten plus 9 Multimedia-Tasten<\/li>\n<li>Progressiver Gaming-Modus mit tauschbaren WASD- und Pfeiltasten und abgeschalteter Windows-Taste<\/li>\n<li>M\u00e4chtiger Makro-Editor im Treiber<\/li>\n<li>Frei konfigurierbare Tastenfunktionen<\/li>\n<li>16 Tasten mit Zusatzfunktionen via \u201eFn\u201c-Taste<\/li>\n<li>Bis zu 18-Tasten-Rollover-Technik<\/li>\n<li>Automatischer Profilaufruf bei Spielstart<\/li>\n<li>W\u00e4hlbare USB-Polling-Rate bis 1.000Hz (Ultrapolling)<\/li>\n<li>W\u00e4hlbare Response Time ab mindestens 1 Millisekunde<\/li>\n<li>Interner Profilspeicher (64 kbit) f\u00fcr im- und exportierbare Profile<\/li>\n<li>Membrantechnik f\u00fcr bis zu 10 Millionen Tastenanschl\u00e4ge<\/li>\n<li>Vollformat-Tastenfeld inklusive Pfeil- und Ziffernblock<\/li>\n<li>Flexibles USB-Kabel mit widerstandsf\u00e4higer Ummantelung (1,8m)<\/li>\n<li>Ma\u00dfe: 506 \u00d7 213 \u00d7 30 mm (B \u00d7 T \u00d7 H)<\/li>\n<li>Gewicht: ca. 810 g<\/li>\n<\/ul>\n<\/div>\n<\/div>\n","protected":false},"excerpt":{"rendered":"<p>Um den virtuellen Gegner zu knacken, m\u00fcssen Taktik und Ausr\u00fcstung mit Bedacht gew\u00e4hlt werden. Deswegen bietet das ACCUSOR Gaming Keyboard ambitionierten Gamern eine Vielzahl an Einstellungsm\u00f6glichkeiten \u2013 aktivieren Sie schlagartig beinharte Befehlsketten und erringen Sie dank ausgefeilter Profile eindrucksvolle Triumphe. Mit Features wie dem umfangreichen Makro-Editor und zahlreichen Zusatzfunktionen maximiert das ACCUSOR Ihre Siegeschancen im [&hellip;]<\/p>\n","protected":false},"featured_media":2805,"comment_status":"open","ping_status":"closed","template":"","meta":{"_acf_changed":false},"product_cat":[213],"product_tag":[],"acf":[],"jetpack_sharing_enabled":true,"_links":{"self":[{"href":"http:\/\/pc-direkthandel.de\/wordpress\/wp-json\/wp\/v2\/product\/2804"}],"collection":[{"href":"http:\/\/pc-direkthandel.de\/wordpress\/wp-json\/wp\/v2\/product"}],"about":[{"href":"http:\/\/pc-direkthandel.de\/wordpress\/wp-json\/wp\/v2\/types\/product"}],"replies":[{"embeddable":true,"href":"http:\/\/pc-direkthandel.de\/wordpress\/wp-json\/wp\/v2\/comments?post=2804"}],"wp:featuredmedia":[{"embeddable":true,"href":"http:\/\/pc-direkthandel.de\/wordpress\/wp-json\/wp\/v2\/media\/2805"}],"wp:attachment":[{"href":"http:\/\/pc-direkthandel.de\/wordpress\/wp-json\/wp\/v2\/media?parent=2804"}],"wp:term":[{"taxonomy":"product_cat","embeddable":true,"href":"http:\/\/pc-direkthandel.de\/wordpress\/wp-json\/wp\/v2\/product_cat?post=2804"},{"taxonomy":"product_tag","embeddable":true,"href":"http:\/\/pc-direkthandel.de\/wordpress\/wp-json\/wp\/v2\/product_tag?post=2804"}],"curies":[{"name":"wp","href":"https:\/\/api.w.org\/{rel}","templated":true}]}}