{"id":2796,"date":"2019-09-23T18:04:10","date_gmt":"2019-09-23T16:04:10","guid":{"rendered":"http:\/\/pc-direkthandel.de\/wordpress\/?post_type=product&#038;p=2796"},"modified":"2019-09-23T18:08:24","modified_gmt":"2019-09-23T16:08:24","slug":"speedlink-niala","status":"publish","type":"product","link":"http:\/\/pc-direkthandel.de\/wordpress\/product\/speedlink-niala\/","title":{"rendered":"speedlink Niala"},"content":{"rendered":"<div class=\"row\">\n<div class=\"col s12\">\n<div class=\"row\">Arbeiten, chatten oder auch spielen: Der PC ist ein vielseitiges Ger\u00e4t, und das NIALA USB Keyboard ist s\u00e4mtlichen Aufgaben des Computeralltags gewachsen. Sein \u00fcbersichtliches Vollformat-Tastenfeld und die flachen Tasten mit angenehmem Anschlag erm\u00f6glichen komfortables Arbeiten \u2013 dank robuster Technik f\u00fcr lange Zeit.<\/p>\n<\/div>\n<\/div>\n<\/div>\n<div class=\"row\">\n<div class=\"col s12\">\n<ul>\n<li>Flache, kabelgebundene PC-Tastatur mit USB-Anschluss<\/li>\n<li>Zuverl\u00e4ssige Technik f\u00fcr professionelles Arbeiten<\/li>\n<li>Ergonomische Tastenform<\/li>\n<li>Einfache Inbetriebnahme<\/li>\n<li>Vollformat-Tastenfeld inklusive Pfeil- und Ziffernblock<\/li>\n<li>Rutschfeste Gummif\u00fc\u00dfe f\u00fcr sicheren Stand<\/li>\n<li>Treiberlose Plug-and-play-Installation<\/li>\n<\/ul>\n<\/div>\n<\/div>\n<p>&nbsp;<\/p>\n","protected":false},"excerpt":{"rendered":"<p>Arbeiten, chatten oder auch spielen: Der PC ist ein vielseitiges Ger\u00e4t, und das NIALA USB Keyboard ist s\u00e4mtlichen Aufgaben des Computeralltags gewachsen. Sein \u00fcbersichtliches Vollformat-Tastenfeld und die flachen Tasten mit angenehmem Anschlag erm\u00f6glichen komfortables Arbeiten \u2013 dank robuster Technik f\u00fcr lange Zeit. Flache, kabelgebundene PC-Tastatur mit USB-Anschluss Zuverl\u00e4ssige Technik f\u00fcr professionelles Arbeiten Ergonomische Tastenform Einfache [&hellip;]<\/p>\n","protected":false},"featured_media":2797,"comment_status":"open","ping_status":"closed","template":"","meta":{"_acf_changed":false},"product_cat":[213],"product_tag":[],"acf":[],"jetpack_sharing_enabled":true,"_links":{"self":[{"href":"http:\/\/pc-direkthandel.de\/wordpress\/wp-json\/wp\/v2\/product\/2796"}],"collection":[{"href":"http:\/\/pc-direkthandel.de\/wordpress\/wp-json\/wp\/v2\/product"}],"about":[{"href":"http:\/\/pc-direkthandel.de\/wordpress\/wp-json\/wp\/v2\/types\/product"}],"replies":[{"embeddable":true,"href":"http:\/\/pc-direkthandel.de\/wordpress\/wp-json\/wp\/v2\/comments?post=2796"}],"wp:featuredmedia":[{"embeddable":true,"href":"http:\/\/pc-direkthandel.de\/wordpress\/wp-json\/wp\/v2\/media\/2797"}],"wp:attachment":[{"href":"http:\/\/pc-direkthandel.de\/wordpress\/wp-json\/wp\/v2\/media?parent=2796"}],"wp:term":[{"taxonomy":"product_cat","embeddable":true,"href":"http:\/\/pc-direkthandel.de\/wordpress\/wp-json\/wp\/v2\/product_cat?post=2796"},{"taxonomy":"product_tag","embeddable":true,"href":"http:\/\/pc-direkthandel.de\/wordpress\/wp-json\/wp\/v2\/product_tag?post=2796"}],"curies":[{"name":"wp","href":"https:\/\/api.w.org\/{rel}","templated":true}]}}