{"id":2740,"date":"2019-09-23T15:33:53","date_gmt":"2019-09-23T13:33:53","guid":{"rendered":"http:\/\/pc-direkthandel.de\/wordpress\/?post_type=product&#038;p=2740"},"modified":"2019-09-23T15:36:47","modified_gmt":"2019-09-23T13:36:47","slug":"logitech-g305-lightspeed","status":"publish","type":"product","link":"http:\/\/pc-direkthandel.de\/wordpress\/product\/logitech-g305-lightspeed\/","title":{"rendered":"LOGITECH G305 Lightspeed"},"content":{"rendered":"<div class=\"row\">\n<div class=\"col s12\">\n<p><strong>LIGHTSPEED \u2013 Kabellose Konnektivit\u00e4t f\u00fcr alle<\/strong><\/p>\n<p>Die G305 ist eine kabellose LIGHTSPEED Gaming-Maus f\u00fcr maximale Performance dank neuester Technologie zu einem erschwinglichen Preis. Kabelloses Gaming der n\u00e4chsten Generation wird jetzt f\u00fcr alle Gamer zur Realit\u00e4t.<\/p>\n<p><strong>HERO-Sensor<\/strong><\/p>\n<p>HERO ist ein bahnbrechender neuer optischer Sensor von Logitech G, der erstklassige Leistung und bis zu 10-fache Energieeffizienz bietet (im Vergleich zur vorherigen Generation). Der HERO-Sensor liefert au\u00dfergew\u00f6hnlich pr\u00e4zise und konsistente Leistung im gesamten DPI-Spektrum ohne Gl\u00e4ttung, Filterung oder Beschleunigung im Bereich von 200 bis 12.000 DPI. Die G305 kann bis zu 5 Profile mit jeweils bis zu 5 DPI-Stufen im integrierten Speicher sichern.<\/p>\n<p>Der Magic Quadrant<br \/>\nHERO ist eine echte bahnbrechende Innovation in der Sensortechnologie und bietet revolution\u00e4re Performance und Effizienz. Er ist der erste Sensor seiner Art, der eine neue Generation von leistungsstarken und langlebigen kabellosen Gaming-M\u00e4usen erm\u00f6glicht.<\/p>\n<p>10-fache Effizienz<br \/>\nHERO verwendet ein intelligentes Energieverwaltungssystem, um die Verarbeitung der Bildwiederholrate kontinuierlich an die Mausgeschwindigkeit anzupassen. Dies erm\u00f6glicht anspruchsvolle Leistung bei konstant verwaltetem und minimiertem Energieverbrauch. Das entspricht einem ununterbrochenen Betrieb von 250 Stunden mit nur einer AA-Batterie.<\/p>\n<p>HERO IN AKTION<br \/>\nHERO sorgt f\u00fcr h\u00f6chste Pr\u00e4zision bei Geschwindigkeiten von \u00fcber 400 IPS \u00fcber das gesamte DPI-Spektrum \u2013 von 200 \u2013 12.000 \u2013 hinweg, ohne jegliche Gl\u00e4ttung, Beschleunigung oder Bewegungsfilterung. Der HERO-Sensor bietet Gamern un\u00fcbertroffene Reaktionsf\u00e4higkeit, Pr\u00e4zision und Energieeffizienz.<\/p>\n<p><strong>KABELLOSE LIGHTSPEED Technologie<\/strong><\/p>\n<p>Mit durchg\u00e4ngiger Technik und l\u00fcckenlosem Design hat Logitech G eine robuste kabellose L\u00f6sung entwickelt, um die elementaren Probleme von Latenz, Stabilit\u00e4t und Konnektivit\u00e4t zu l\u00f6sen. Das Endergebnis ist LIGHTSPEED, eine professionelle kabellose L\u00f6sung, die kabelgebundenen Gaming-M\u00e4usen in nichts nachsteht.<\/p>\n<p>1 Millisekunde kabellose Leistung erreicht<br \/>\nDas Entwicklerteam von Logitech G hat die verwendete Technologie vollst\u00e4ndig optimiert, vom Sensor bis zur Firmware und vom Schaltkreis bis zu den Antennen. Unser erfahrenes Team hat jede Komponente getestet und verbessert und sich dabei auf die langsamsten konzentriert. Jetzt ist nichts mehr langsam.<\/p>\n<p><strong>Ultralange Batterielaufzeit<\/strong><\/p>\n<p>Der HERO-Sensor und die kabellose LIGHTSPEED Technologie gew\u00e4hrleisten die extrem hohe Energieeffizienz f\u00fcr monatelanges Spielen. Sie garantiert bis zu 250 Stunden ununterbrochenen Betrieb mit nur einer AA-Batterie. Im Ausdauer-Modus, der \u00fcber die Logitech Gaming Software ausgew\u00e4hlt werden kann, h\u00e4lt sie bis zu 9 Monate lang bei normalem Gebrauch.3Getestet auf dem Logitech G240 Gaming-Mauspad. Die Logitech Gaming Software sowie die Statusanzeige auf der G305 melden dir, wenn der Batteriestand bei 15 % ist.<\/p>\n<p><strong>Ultraleicht<\/strong><\/p>\n<p>Bei Logitech G muss eine kabellose Gaming-Maus kein hohes Gewicht haben. Die G305 ist mit nur 99 Gramm sehr leicht, dank des leichtgewichtigen mechanischen Designs und der ultra-effizienten Batterienutzung.<\/p>\n<p><strong>6 programmierbare Tasten<\/strong><\/p>\n<p>Die linken und rechten Prim\u00e4rschalter der G305 sind ausgelegt auf 10 Millionen Klicks. Die G305 verf\u00fcgt auch \u00fcber eine Mittelklick-Funktion, eine DPI-Taste und zwei seitliche Maustasten, die sich mithilfe der Logitech Gaming Software (LGS) ganz nach pers\u00f6nlichen Vorlieben programmieren lassen.<\/p>\n<p><strong>Mechanische Tastenfederspannung<\/strong><\/p>\n<p>Die mechanische Tastenfederspannung mit abgetrennten Tasten erm\u00f6glicht eine gleichm\u00e4\u00dfigere R\u00fcckmeldung der linken und rechten prim\u00e4ren Maustaste und ein leichtg\u00e4ngiges Klicken. So ist selbst in den anspruchsvollsten Gaming-Sessions punktgenaue und zuverl\u00e4ssige Tasten-Performance kein Problem.<\/p>\n<p><strong>Play Anywhere<\/strong><\/p>\n<p>Das robuste, leichtgewichtige Design im Kompaktformat und das integrierte Aufbewahrungsfach f\u00fcr den USB-Nano-Empf\u00e4nger machen die G305 zu einem gro\u00dfartigen Begleiter f\u00fcr unterwegs.<\/p>\n<\/div>\n<\/div>\n","protected":false},"excerpt":{"rendered":"<p>LIGHTSPEED \u2013 Kabellose Konnektivit\u00e4t f\u00fcr alle Die G305 ist eine kabellose LIGHTSPEED Gaming-Maus f\u00fcr maximale Performance dank neuester Technologie zu einem erschwinglichen Preis. Kabelloses Gaming der n\u00e4chsten Generation wird jetzt f\u00fcr alle Gamer zur Realit\u00e4t. HERO-Sensor HERO ist ein bahnbrechender neuer optischer Sensor von Logitech G, der erstklassige Leistung und bis zu 10-fache Energieeffizienz bietet [&hellip;]<\/p>\n","protected":false},"featured_media":2741,"comment_status":"open","ping_status":"closed","template":"","meta":{"_acf_changed":false},"product_cat":[201],"product_tag":[],"acf":[],"jetpack_sharing_enabled":true,"_links":{"self":[{"href":"http:\/\/pc-direkthandel.de\/wordpress\/wp-json\/wp\/v2\/product\/2740"}],"collection":[{"href":"http:\/\/pc-direkthandel.de\/wordpress\/wp-json\/wp\/v2\/product"}],"about":[{"href":"http:\/\/pc-direkthandel.de\/wordpress\/wp-json\/wp\/v2\/types\/product"}],"replies":[{"embeddable":true,"href":"http:\/\/pc-direkthandel.de\/wordpress\/wp-json\/wp\/v2\/comments?post=2740"}],"wp:featuredmedia":[{"embeddable":true,"href":"http:\/\/pc-direkthandel.de\/wordpress\/wp-json\/wp\/v2\/media\/2741"}],"wp:attachment":[{"href":"http:\/\/pc-direkthandel.de\/wordpress\/wp-json\/wp\/v2\/media?parent=2740"}],"wp:term":[{"taxonomy":"product_cat","embeddable":true,"href":"http:\/\/pc-direkthandel.de\/wordpress\/wp-json\/wp\/v2\/product_cat?post=2740"},{"taxonomy":"product_tag","embeddable":true,"href":"http:\/\/pc-direkthandel.de\/wordpress\/wp-json\/wp\/v2\/product_tag?post=2740"}],"curies":[{"name":"wp","href":"https:\/\/api.w.org\/{rel}","templated":true}]}}