{"id":2733,"date":"2019-09-23T15:23:32","date_gmt":"2019-09-23T13:23:32","guid":{"rendered":"http:\/\/pc-direkthandel.de\/wordpress\/?post_type=product&#038;p=2733"},"modified":"2019-09-23T15:25:44","modified_gmt":"2019-09-23T13:25:44","slug":"speedlink-orios-rgb","status":"publish","type":"product","link":"http:\/\/pc-direkthandel.de\/wordpress\/product\/speedlink-orios-rgb\/","title":{"rendered":"speedlink Orios RGB"},"content":{"rendered":"<div class=\"row\">\n<div class=\"col s12\">\n<p>Ein optimales Spielerlebnis, unterst\u00fctzt von farblichen Highlights: Die ORIOS RGB Gaming Mouse kombiniert umfangreiche Funktionen mit peppigem Style. Die RGB-Beleuchtung f\u00fcr Rand, Logo und Rad l\u00e4sst sich mit 16,7 Millionen Farben konfigurieren und setzt rund um die elegante schwarze Maus schicke Akzente. Mit sieben programmierbaren Tasten k\u00f6nnen Sie Ihren Gaming-Stil in f\u00fcnf verschiedenen Profilen auf das Spiel abstimmen und selbst kreierte Makros mit einem Klick entfesseln. F\u00fcr eine pr\u00e4zise Reaktionsf\u00e4higkeit sorgen der High-End-Gaming-Sensor mit 5.000 dpi (bis zu 10.000 dpi interpoliert) und die extraglatten Gleitpads an der Unterseite. Dank der gummierten Oberfl\u00e4che haben Sie die Maus auch in hitzigen Situationen sicher in der Hand.<\/p>\n<\/div>\n<\/div>\n<div class=\"row\">\n<div class=\"col s12\">\n<ul>\n<li>USB-Gaming-Maus mit RGB-Beleuchtung<\/li>\n<li>Konfigurierbare Beleuchtung f\u00fcr Rand, Logo und Rad in 16,7 Millionen Farben<\/li>\n<li>7 programmierbare, makro-f\u00e4hige Tasten<\/li>\n<li>High-End-Gaming-Sensor Pixart 3325 mit 5.000dpi (bis zu 10.000dpi interpoliert)<\/li>\n<li>1.000Hz Polling Rate<\/li>\n<li>Onboard-Speicher f\u00fcr 5 Profile<\/li>\n<li>Gummierte Oberfl\u00e4che f\u00fcr perfekten Grip<\/li>\n<li>Extraglatte Gleitpads an der Unterseite<\/li>\n<li>Dpi-Schalter<\/li>\n<\/ul>\n<\/div>\n<\/div>\n<p>&nbsp;<\/p>\n","protected":false},"excerpt":{"rendered":"<p>Ein optimales Spielerlebnis, unterst\u00fctzt von farblichen Highlights: Die ORIOS RGB Gaming Mouse kombiniert umfangreiche Funktionen mit peppigem Style. Die RGB-Beleuchtung f\u00fcr Rand, Logo und Rad l\u00e4sst sich mit 16,7 Millionen Farben konfigurieren und setzt rund um die elegante schwarze Maus schicke Akzente. Mit sieben programmierbaren Tasten k\u00f6nnen Sie Ihren Gaming-Stil in f\u00fcnf verschiedenen Profilen auf [&hellip;]<\/p>\n","protected":false},"featured_media":2734,"comment_status":"open","ping_status":"closed","template":"","meta":{"_acf_changed":false},"product_cat":[203],"product_tag":[],"acf":[],"jetpack_sharing_enabled":true,"_links":{"self":[{"href":"http:\/\/pc-direkthandel.de\/wordpress\/wp-json\/wp\/v2\/product\/2733"}],"collection":[{"href":"http:\/\/pc-direkthandel.de\/wordpress\/wp-json\/wp\/v2\/product"}],"about":[{"href":"http:\/\/pc-direkthandel.de\/wordpress\/wp-json\/wp\/v2\/types\/product"}],"replies":[{"embeddable":true,"href":"http:\/\/pc-direkthandel.de\/wordpress\/wp-json\/wp\/v2\/comments?post=2733"}],"wp:featuredmedia":[{"embeddable":true,"href":"http:\/\/pc-direkthandel.de\/wordpress\/wp-json\/wp\/v2\/media\/2734"}],"wp:attachment":[{"href":"http:\/\/pc-direkthandel.de\/wordpress\/wp-json\/wp\/v2\/media?parent=2733"}],"wp:term":[{"taxonomy":"product_cat","embeddable":true,"href":"http:\/\/pc-direkthandel.de\/wordpress\/wp-json\/wp\/v2\/product_cat?post=2733"},{"taxonomy":"product_tag","embeddable":true,"href":"http:\/\/pc-direkthandel.de\/wordpress\/wp-json\/wp\/v2\/product_tag?post=2733"}],"curies":[{"name":"wp","href":"https:\/\/api.w.org\/{rel}","templated":true}]}}