{"id":2729,"date":"2019-09-23T15:09:15","date_gmt":"2019-09-23T13:09:15","guid":{"rendered":"http:\/\/pc-direkthandel.de\/wordpress\/?post_type=product&#038;p=2729"},"modified":"2019-09-23T15:14:01","modified_gmt":"2019-09-23T13:14:01","slug":"asus-rog-gladius-ii-origin","status":"publish","type":"product","link":"http:\/\/pc-direkthandel.de\/wordpress\/product\/asus-rog-gladius-ii-origin\/","title":{"rendered":"ASUS ROG Gladius II Origin"},"content":{"rendered":"<div class=\"row\">\n<div class=\"col s12\">\n<div class=\"ccs-cc-inline-feature-content ccs-cc-inline-feature-description\">\n<p><strong>Optischer Sensor auf Gaming-Niveau<\/strong><\/p>\n<p>Jede Bewegung z\u00e4hlt. Das Herzst\u00fcck der ROG Gladius II Origin ist ein optischer Sensor, der Dir die Genauigkeit und Pr\u00e4zision bietet, die Du zum Ausschalten Deiner Gegner brauchst.<\/p>\n<\/div>\n<div class=\"ccs-cc-inline-feature-content ccs-cc-inline-feature-description\">\n<div class=\"ccs-cc-inline-feature-content ccs-cc-inline-feature-description\">\n<p><strong>Perfekte Synchronisation<\/strong><\/p>\n<div>Die ROG Gladius II Origin wurde entwickelt, um das Spiel zu dominieren \u2013 dazu passt die aggressive Optik und die ASUS-Aura-RGB-Beleuchtung. Mit sechs anpassbaren, voreingestellten Beleuchtungseffekten und einer unglaublichen Performance ist die Gladius II Origin jederzeit kampfbereit!<\/div>\n<div><\/div>\n<p>Synchronisiere die RGB-Beleuchtung Deiner Aura-Sync-f\u00e4higen Produkte und perfektioniere den Look Deiner Gaming-Station. Die Beleuchtungseffekte k\u00f6nnen mit Aktionen im Spiel, Deiner Lieblingsmusik und vielem mehr verkn\u00fcpft werden!<\/p>\n<\/div>\n<div class=\"ccs-cc-inline-feature-content ccs-cc-inline-feature-description\">\n<div class=\"ccs-cc-inline-feature-content ccs-cc-inline-feature-description\" data-order=\"0\">\n<p><strong>Schalter mit 50 Millionen Klick<\/strong><\/p>\n<p>Hochwertige Omron-Tastenschalter mit hoher Lebensdauer<\/p>\n<\/div>\n<div class=\"ccs-cc-inline-feature-content ccs-cc-inline-feature-description\" data-order=\"1\">\n<p><strong>Entkoppeltes Tastendesign<\/strong><\/p>\n<p>Das entkoppelte Tastendesign erfordert weniger Bet\u00e4tigungskraft und sorgt f\u00fcr eine schnellere Reaktion beim Klicken.<\/p>\n<\/div>\n<div class=\"ccs-cc-inline-feature-content ccs-cc-inline-feature-description\" data-order=\"2\">\n<p><strong>Gummierte Seitengriffe<\/strong><\/p>\n<p>Die gummierten Seitenfl\u00e4chen im Maya-Design garantieren einen sicheren und komfortablen Griff<\/p>\n<\/div>\n<div class=\"ccs-cc-inline-feature-content ccs-cc-inline-feature-description\" data-order=\"2\">\n<div class=\"ccs-cc-inline-feature-content ccs-cc-inline-feature-description\" data-order=\"0\">\n<p><strong>DPI-Taste<\/strong><\/p>\n<p>Spezieller Schalter zum blitzschnellen Umschalten der Mausempfindlichkeit<\/p>\n<\/div>\n<div class=\"ccs-cc-inline-feature-content ccs-cc-inline-feature-description\" data-order=\"1\">\n<p><strong>Abnehmbares Kabel<\/strong><\/p>\n<p>Abnehmbares Micro-USB-Kabel mit Schnellverschluss-Taste<\/p>\n<\/div>\n<div class=\"ccs-cc-inline-feature-content ccs-cc-inline-feature-description\" data-order=\"2\">\n<p><strong>Mausrad mit Alps-Encoder<\/strong><\/p>\n<p>Das Mausrad verf\u00fcgt \u00fcber einen integrierten Alps-Encoder und reagiert blitzschnell auf Deine Eingaben.<\/p>\n<\/div>\n<div class=\"ccs-cc-inline-feature-content ccs-cc-inline-feature-description\" data-order=\"2\">\n<div class=\"ccs-cc-inline-feature-content ccs-cc-inline-feature-description\">\n<p><strong>ROG Armoury<\/strong><\/p>\n<p>Mit der intuitiven ROG-Armoury-Software kannst Du die Einstellungen schnell und einfach an Deinen Gaming-Style anpassen. W\u00e4hle Deine eigenen Beleuchtungseffekte, passe die Performance- und Oberfl\u00e4cheneinstellungen an, programmiere und belege die Tasten, erstelle Profile und vieles mehr!<\/p>\n<\/div>\n<\/div>\n<\/div>\n<\/div>\n<\/div>\n<\/div>\n<\/div>\n<div class=\"row\">\n<div class=\"col s12\">\n<ul>\n<li>Leistungsstarker optischer Sensor mit 12.000 DPI f\u00fcr schnelles und pr\u00e4zises Zielen<\/li>\n<li>ROG-exklusives Push-Fit-Schaltersockeldesign zum Ver\u00e4ndern des Klickwiderstands und f\u00fcr eine h\u00f6here Lebensdauer der Maus<\/li>\n<li>Anpassbare Aura-RGB-Beleuchtung mit Aura-Sync-Unterst\u00fctzung<\/li>\n<li>DPI-Taste zum blitzschnellen Umschalten der Mausempfindlichkeit<\/li>\n<li>Omron-Schalter mit einer Haltbarkeit von 50 Millionen Klicks, plus zwei zus\u00e4tzliche, in Japan hergestellte Omron-Ersatzschalter mit einem unterschiedlichen Klickwiderstand<\/li>\n<li>Abnehmbares Kabel sowie eine ROG-Tasche f\u00fcr Transport und Aufbewahrung<\/li>\n<li>Intuitive ROG-Armoury-Software zum einfachen Anpassen der Tastenbelegung sowie der Performance- und Beleuchtungseinstellungen<\/li>\n<\/ul>\n<\/div>\n<\/div>\n","protected":false},"excerpt":{"rendered":"<p>Optischer Sensor auf Gaming-Niveau Jede Bewegung z\u00e4hlt. Das Herzst\u00fcck der ROG Gladius II Origin ist ein optischer Sensor, der Dir die Genauigkeit und Pr\u00e4zision bietet, die Du zum Ausschalten Deiner Gegner brauchst. Perfekte Synchronisation Die ROG Gladius II Origin wurde entwickelt, um das Spiel zu dominieren \u2013 dazu passt die aggressive Optik und die ASUS-Aura-RGB-Beleuchtung. [&hellip;]<\/p>\n","protected":false},"featured_media":2730,"comment_status":"open","ping_status":"closed","template":"","meta":{"_acf_changed":false},"product_cat":[205],"product_tag":[],"acf":[],"jetpack_sharing_enabled":true,"_links":{"self":[{"href":"http:\/\/pc-direkthandel.de\/wordpress\/wp-json\/wp\/v2\/product\/2729"}],"collection":[{"href":"http:\/\/pc-direkthandel.de\/wordpress\/wp-json\/wp\/v2\/product"}],"about":[{"href":"http:\/\/pc-direkthandel.de\/wordpress\/wp-json\/wp\/v2\/types\/product"}],"replies":[{"embeddable":true,"href":"http:\/\/pc-direkthandel.de\/wordpress\/wp-json\/wp\/v2\/comments?post=2729"}],"wp:featuredmedia":[{"embeddable":true,"href":"http:\/\/pc-direkthandel.de\/wordpress\/wp-json\/wp\/v2\/media\/2730"}],"wp:attachment":[{"href":"http:\/\/pc-direkthandel.de\/wordpress\/wp-json\/wp\/v2\/media?parent=2729"}],"wp:term":[{"taxonomy":"product_cat","embeddable":true,"href":"http:\/\/pc-direkthandel.de\/wordpress\/wp-json\/wp\/v2\/product_cat?post=2729"},{"taxonomy":"product_tag","embeddable":true,"href":"http:\/\/pc-direkthandel.de\/wordpress\/wp-json\/wp\/v2\/product_tag?post=2729"}],"curies":[{"name":"wp","href":"https:\/\/api.w.org\/{rel}","templated":true}]}}