{"id":2725,"date":"2019-09-23T15:02:49","date_gmt":"2019-09-23T13:02:49","guid":{"rendered":"http:\/\/pc-direkthandel.de\/wordpress\/?post_type=product&#038;p=2725"},"modified":"2019-09-23T15:04:47","modified_gmt":"2019-09-23T13:04:47","slug":"gembird-mechwarrior-rgb","status":"publish","type":"product","link":"http:\/\/pc-direkthandel.de\/wordpress\/product\/gembird-mechwarrior-rgb\/","title":{"rendered":"Gembird Mechwarrior RGB"},"content":{"rendered":"<div class=\"row\">\n<div class=\"col s12\">\n<p>Die Mechwarrior ist eine ergonomische Maus, die eine Individuell anpassbare RGB Beleuchtung mit 16.8 Millionen Farben, welche 4 konfigurierbare Beleuchtungsmodi bietet. Durch ihr mechanisches Designkonzept f\u00e4llt diese Maus ganz bestimmt in Deinem Gaming-Setup auf. Die Oberfl\u00e4che der Maus ist teil-gummiert und bietet dir den besten Halt, auch wenn die Gaming-Session mal l\u00e4nger dauert.<\/p>\n<p>Brauchst du hohe Genauigkeit beim Zocken? Dann stecke einfach ein paar mehr Gewichte in die Halterung an der Oberseite.<br \/>\nBist du lieber schnell unterwegs? Dann kannst Du die Gewichte einfach heraus nehmen und die Maus l\u00e4sst sich schon durch die leichtesten Man\u00f6ver bewegen.<br \/>\nDie 4000 DPI und bis zu 1000Hz Sendeleistung erm\u00f6glichen dir eine Pr\u00e4zision, mit der du jeden deiner Gegner besiegen kannst.<\/p>\n<p>Bei allen 7 Tasten kannst du entscheiden, welche Funktionen diese haben sollen. Dazu kannst du deine eigenen Makros aufnehmen und einer beliebigen Taste zuweisen. Damit du f\u00fcr jedes Spiel deine eigene Konfiguration perfekt einstellen und anpassen kannst, bietet die Mechwarrior bis zu 5 komplett anpassbare Profile.<\/p>\n<p>Beleuchtungsmodi: Steady: W\u00e4hle deine Farbe aus, welche durchgehend leuchten soll Breath: Die Maus pulsiert in ausgew\u00e4hlten Sequenzen Blink+Effekt: Die Maus leuchtet auf, wenn du deine DPI \u00e4nderst und wechselt dann in den ausgew\u00e4hlten Modus Steady+Effekt: Die Maus beh\u00e4lt nach dem DPI Wechsel ihre Farbschema bei, erst danach wird der ausgew\u00e4hlte Effekt aktiv.<\/p>\n<\/div>\n<\/div>\n","protected":false},"excerpt":{"rendered":"<p>Die Mechwarrior ist eine ergonomische Maus, die eine Individuell anpassbare RGB Beleuchtung mit 16.8 Millionen Farben, welche 4 konfigurierbare Beleuchtungsmodi bietet. Durch ihr mechanisches Designkonzept f\u00e4llt diese Maus ganz bestimmt in Deinem Gaming-Setup auf. Die Oberfl\u00e4che der Maus ist teil-gummiert und bietet dir den besten Halt, auch wenn die Gaming-Session mal l\u00e4nger dauert. Brauchst du [&hellip;]<\/p>\n","protected":false},"featured_media":2726,"comment_status":"open","ping_status":"closed","template":"","meta":{"_acf_changed":false},"product_cat":[202],"product_tag":[],"acf":[],"jetpack_sharing_enabled":true,"_links":{"self":[{"href":"http:\/\/pc-direkthandel.de\/wordpress\/wp-json\/wp\/v2\/product\/2725"}],"collection":[{"href":"http:\/\/pc-direkthandel.de\/wordpress\/wp-json\/wp\/v2\/product"}],"about":[{"href":"http:\/\/pc-direkthandel.de\/wordpress\/wp-json\/wp\/v2\/types\/product"}],"replies":[{"embeddable":true,"href":"http:\/\/pc-direkthandel.de\/wordpress\/wp-json\/wp\/v2\/comments?post=2725"}],"wp:featuredmedia":[{"embeddable":true,"href":"http:\/\/pc-direkthandel.de\/wordpress\/wp-json\/wp\/v2\/media\/2726"}],"wp:attachment":[{"href":"http:\/\/pc-direkthandel.de\/wordpress\/wp-json\/wp\/v2\/media?parent=2725"}],"wp:term":[{"taxonomy":"product_cat","embeddable":true,"href":"http:\/\/pc-direkthandel.de\/wordpress\/wp-json\/wp\/v2\/product_cat?post=2725"},{"taxonomy":"product_tag","embeddable":true,"href":"http:\/\/pc-direkthandel.de\/wordpress\/wp-json\/wp\/v2\/product_tag?post=2725"}],"curies":[{"name":"wp","href":"https:\/\/api.w.org\/{rel}","templated":true}]}}