{"id":2721,"date":"2019-09-23T14:57:43","date_gmt":"2019-09-23T12:57:43","guid":{"rendered":"http:\/\/pc-direkthandel.de\/wordpress\/?post_type=product&#038;p=2721"},"modified":"2019-09-23T14:59:45","modified_gmt":"2019-09-23T12:59:45","slug":"speedlink-kappa-wireless","status":"publish","type":"product","link":"http:\/\/pc-direkthandel.de\/wordpress\/product\/speedlink-kappa-wireless\/","title":{"rendered":"speedlink Kappa Wireless"},"content":{"rendered":"<div class=\"row\">\n<div class=\"col s12\">\n<p>G\u00f6nnen Sie sich am Schreibtisch ein wenig Komfort: Das ergonomische Geh\u00e4use der KAPPA-Maus ist perfekt an die Form der rechten Hand angepasst und erlaubt so bequemes, erm\u00fcdungsfreies Arbeiten. Dabei genie\u00dfen Sie dank zuverl\u00e4ssiger Funktechnik bis zu 8 Meter Bewegungsfreiheit \u2013 ganz ohne Kabel.<\/p>\n<\/div>\n<\/div>\n<div class=\"row\">\n<div class=\"col s12\">\n<ul>\n<li>Kabellose 3-Tasten-Maus<\/li>\n<li>2,4GHz-Funktechnik f\u00fcr bis zu 8m Reichweite<\/li>\n<li>Optischer Sensor mit pr\u00e4ziser 1.600dpi-Aufl\u00f6sung<\/li>\n<li>Dreistufig einstellbare Sensorempfindlichkeit<\/li>\n<li>Schnell und einfach zu installieren \u2013 ohne zus\u00e4tzliche Treiber<\/li>\n<li>Ergonomische Form<\/li>\n<li>Robuste Bauweise<\/li>\n<li>Kompakter Nano-Empf\u00e4nger in der Maus verstaubar<\/li>\n<li>Stromsparmodus<\/li>\n<\/ul>\n<\/div>\n<\/div>\n<p><span class=\"stdblack\">\u00a0<\/span><\/p>\n","protected":false},"excerpt":{"rendered":"<p>G\u00f6nnen Sie sich am Schreibtisch ein wenig Komfort: Das ergonomische Geh\u00e4use der KAPPA-Maus ist perfekt an die Form der rechten Hand angepasst und erlaubt so bequemes, erm\u00fcdungsfreies Arbeiten. Dabei genie\u00dfen Sie dank zuverl\u00e4ssiger Funktechnik bis zu 8 Meter Bewegungsfreiheit \u2013 ganz ohne Kabel. Kabellose 3-Tasten-Maus 2,4GHz-Funktechnik f\u00fcr bis zu 8m Reichweite Optischer Sensor mit pr\u00e4ziser [&hellip;]<\/p>\n","protected":false},"featured_media":2722,"comment_status":"open","ping_status":"closed","template":"","meta":{"_acf_changed":false},"product_cat":[203],"product_tag":[],"acf":[],"jetpack_sharing_enabled":true,"_links":{"self":[{"href":"http:\/\/pc-direkthandel.de\/wordpress\/wp-json\/wp\/v2\/product\/2721"}],"collection":[{"href":"http:\/\/pc-direkthandel.de\/wordpress\/wp-json\/wp\/v2\/product"}],"about":[{"href":"http:\/\/pc-direkthandel.de\/wordpress\/wp-json\/wp\/v2\/types\/product"}],"replies":[{"embeddable":true,"href":"http:\/\/pc-direkthandel.de\/wordpress\/wp-json\/wp\/v2\/comments?post=2721"}],"wp:featuredmedia":[{"embeddable":true,"href":"http:\/\/pc-direkthandel.de\/wordpress\/wp-json\/wp\/v2\/media\/2722"}],"wp:attachment":[{"href":"http:\/\/pc-direkthandel.de\/wordpress\/wp-json\/wp\/v2\/media?parent=2721"}],"wp:term":[{"taxonomy":"product_cat","embeddable":true,"href":"http:\/\/pc-direkthandel.de\/wordpress\/wp-json\/wp\/v2\/product_cat?post=2721"},{"taxonomy":"product_tag","embeddable":true,"href":"http:\/\/pc-direkthandel.de\/wordpress\/wp-json\/wp\/v2\/product_tag?post=2721"}],"curies":[{"name":"wp","href":"https:\/\/api.w.org\/{rel}","templated":true}]}}