{"id":2700,"date":"2019-09-23T10:04:52","date_gmt":"2019-09-23T08:04:52","guid":{"rendered":"http:\/\/pc-direkthandel.de\/wordpress\/?post_type=product&#038;p=2700"},"modified":"2019-09-23T10:17:47","modified_gmt":"2019-09-23T08:17:47","slug":"motorola-moto-x","status":"publish","type":"product","link":"http:\/\/pc-direkthandel.de\/wordpress\/product\/motorola-moto-x\/","title":{"rendered":"Motorola Moto X"},"content":{"rendered":"<p>Rasen Sie mit X-facher Geschwindigkeit \u00fcber die mobile Datenautobahn &#8211; mit dem <b>Motorola Moto X<\/b><\/p>\n<p>Das stilvolle Smartphone mit griffiger R\u00fcckseite liegt perfekt in der Hand und wird aus hochwertigen Materialien gefertigt. An der d\u00fcnnsten Stelle betr\u00e4gt die Dicke gerademal 5,7 mm, an der dicksten Stelle 10,4 mm.<\/p>\n<p>Eine der vielen Besonderheiten des Moto X ist der brillante AMOLED-Touchscreen mit 11,94 cm Bilddiagonale und <b>Active Display-Funktion<\/b>. Active Display zeigt Ihnen auch bei abgeschaltetem Touchscreen die Uhrzeit sowie eingehende Benachrichtigungen und andere Kurzinformationen an. Dabei werden nur die entsprechenden Bildpunkte beleuchtet, der Rest des Bildschirms bleibt schwarz. So ben\u00f6tigt diese praktische Funktion nur ein Minimum an Energie und belastet den Akku kaum.<\/p>\n<p>Zur weiteren Ausstattung geh\u00f6rt auch <b>Touchless Control<\/b>. Hierdurch hat das Moto X immer ein offenen Ohr f\u00fcr Sie und reagiert auf Ihre Sprachbefehle. Ob Kalendereintr\u00e4ge, Weckerzeiten, Internetsuchanfragen oder Anrufe, das Moto X versteht Sie und f\u00fchrt Ihre Befehle aus.<\/p>\n<p>Die integrierte 10 Megapixel-Kamera mit LED-Blitz eignet sich f\u00fcr hervorragende Foto- und Videoaufnahmen. Um die Kamera einsatzbereit zu machen reicht es, das Moto X zweimal kurz zu sch\u00fctteln. Ein Tippen auf eine beliebige Stelle des Displays l\u00f6st die Aufnahme aus. So vergehen nur wenige Sekunden bis Ihr spontaner Schnappschuss im Kasten ist.<\/p>\n<p>Mit Motorola Assist wei\u00df das Moto X, wie es sich in bestimmten Situationen zu verhalten hat und schaltet z.B. zur Nachtzeit oder bei Meetings, die im Kalender eingetragen sind automatisch auf Lautlos.<\/p>\n<p>Dank Motorola Connect lassen sich im Googe Chrome Browser SMS lesen und beantworten oder auch sehen, wer gerade Anruft, ohne, dass Sie das Smartphone in die Hand nehmen m\u00fcssen.<\/p>\n","protected":false},"excerpt":{"rendered":"<p>Rasen Sie mit X-facher Geschwindigkeit \u00fcber die mobile Datenautobahn &#8211; mit dem Motorola Moto X Das stilvolle Smartphone mit griffiger R\u00fcckseite liegt perfekt in der Hand und wird aus hochwertigen Materialien gefertigt. An der d\u00fcnnsten Stelle betr\u00e4gt die Dicke gerademal 5,7 mm, an der dicksten Stelle 10,4 mm. Eine der vielen Besonderheiten des Moto X [&hellip;]<\/p>\n","protected":false},"featured_media":2701,"comment_status":"open","ping_status":"closed","template":"","meta":{"_acf_changed":false},"product_cat":[199],"product_tag":[],"acf":[],"jetpack_sharing_enabled":true,"_links":{"self":[{"href":"http:\/\/pc-direkthandel.de\/wordpress\/wp-json\/wp\/v2\/product\/2700"}],"collection":[{"href":"http:\/\/pc-direkthandel.de\/wordpress\/wp-json\/wp\/v2\/product"}],"about":[{"href":"http:\/\/pc-direkthandel.de\/wordpress\/wp-json\/wp\/v2\/types\/product"}],"replies":[{"embeddable":true,"href":"http:\/\/pc-direkthandel.de\/wordpress\/wp-json\/wp\/v2\/comments?post=2700"}],"wp:featuredmedia":[{"embeddable":true,"href":"http:\/\/pc-direkthandel.de\/wordpress\/wp-json\/wp\/v2\/media\/2701"}],"wp:attachment":[{"href":"http:\/\/pc-direkthandel.de\/wordpress\/wp-json\/wp\/v2\/media?parent=2700"}],"wp:term":[{"taxonomy":"product_cat","embeddable":true,"href":"http:\/\/pc-direkthandel.de\/wordpress\/wp-json\/wp\/v2\/product_cat?post=2700"},{"taxonomy":"product_tag","embeddable":true,"href":"http:\/\/pc-direkthandel.de\/wordpress\/wp-json\/wp\/v2\/product_tag?post=2700"}],"curies":[{"name":"wp","href":"https:\/\/api.w.org\/{rel}","templated":true}]}}