{"id":2669,"date":"2019-09-22T21:09:06","date_gmt":"2019-09-22T19:09:06","guid":{"rendered":"http:\/\/pc-direkthandel.de\/wordpress\/?post_type=product&#038;p=2669"},"modified":"2019-09-22T21:11:34","modified_gmt":"2019-09-22T19:11:34","slug":"speedlink-dark-tornado-flightstick","status":"publish","type":"product","link":"http:\/\/pc-direkthandel.de\/wordpress\/product\/speedlink-dark-tornado-flightstick\/","title":{"rendered":"speedlink Dark Tornado Flightstick"},"content":{"rendered":"<div class=\"row\">\n<div class=\"col s12\">\n<p>Bereit f\u00fcr H\u00f6henfl\u00fcge: Mit dem DARK TORNADO Flight Stick haben Sie jeden Flieger perfekt unter Kontrolle. Schubregler und schnell erreichbare Feuertasten geben Ihnen den entscheidenden Vorsprung gegen\u00fcber dem virtuellen Gegner \u2013 und Sie entscheiden auch h\u00e4rteste Dogfights \u00fcber den Wolken f\u00fcr sich.<\/p>\n<\/div>\n<\/div>\n<div class=\"row\">\n<div class=\"col s12\">\n<ul>\n<li>PC-Joystick mit USB-Anschluss<\/li>\n<li>pr\u00e4zise analoge Flugsteuerung<\/li>\n<li>acht schnell erreichbare digitale Feuertasten<\/li>\n<li>stufenloser Schubregler an der Basis f\u00fcr kontrollierte Beschleunigung<\/li>\n<li>einstellbare Force-Vibration-Funktion f\u00fcr realistische R\u00fctteleffekte<\/li>\n<li>DirectInput-Unterst\u00fctzung<\/li>\n<li>ergonomisch geformter Stick<\/li>\n<li>vier Saugn\u00e4pfe f\u00fcr festen Halt<\/li>\n<\/ul>\n<\/div>\n<\/div>\n<p>&nbsp;<\/p>\n","protected":false},"excerpt":{"rendered":"<p>Bereit f\u00fcr H\u00f6henfl\u00fcge: Mit dem DARK TORNADO Flight Stick haben Sie jeden Flieger perfekt unter Kontrolle. Schubregler und schnell erreichbare Feuertasten geben Ihnen den entscheidenden Vorsprung gegen\u00fcber dem virtuellen Gegner \u2013 und Sie entscheiden auch h\u00e4rteste Dogfights \u00fcber den Wolken f\u00fcr sich. PC-Joystick mit USB-Anschluss pr\u00e4zise analoge Flugsteuerung acht schnell erreichbare digitale Feuertasten stufenloser Schubregler [&hellip;]<\/p>\n","protected":false},"featured_media":2670,"comment_status":"open","ping_status":"closed","template":"","meta":{"_acf_changed":false},"product_cat":[196],"product_tag":[],"acf":[],"jetpack_sharing_enabled":true,"_links":{"self":[{"href":"http:\/\/pc-direkthandel.de\/wordpress\/wp-json\/wp\/v2\/product\/2669"}],"collection":[{"href":"http:\/\/pc-direkthandel.de\/wordpress\/wp-json\/wp\/v2\/product"}],"about":[{"href":"http:\/\/pc-direkthandel.de\/wordpress\/wp-json\/wp\/v2\/types\/product"}],"replies":[{"embeddable":true,"href":"http:\/\/pc-direkthandel.de\/wordpress\/wp-json\/wp\/v2\/comments?post=2669"}],"wp:featuredmedia":[{"embeddable":true,"href":"http:\/\/pc-direkthandel.de\/wordpress\/wp-json\/wp\/v2\/media\/2670"}],"wp:attachment":[{"href":"http:\/\/pc-direkthandel.de\/wordpress\/wp-json\/wp\/v2\/media?parent=2669"}],"wp:term":[{"taxonomy":"product_cat","embeddable":true,"href":"http:\/\/pc-direkthandel.de\/wordpress\/wp-json\/wp\/v2\/product_cat?post=2669"},{"taxonomy":"product_tag","embeddable":true,"href":"http:\/\/pc-direkthandel.de\/wordpress\/wp-json\/wp\/v2\/product_tag?post=2669"}],"curies":[{"name":"wp","href":"https:\/\/api.w.org\/{rel}","templated":true}]}}