{"id":2666,"date":"2019-09-22T21:03:13","date_gmt":"2019-09-22T19:03:13","guid":{"rendered":"http:\/\/pc-direkthandel.de\/wordpress\/?post_type=product&#038;p=2666"},"modified":"2019-09-22T21:08:31","modified_gmt":"2019-09-22T19:08:31","slug":"logitech-driving-force-shifter","status":"publish","type":"product","link":"http:\/\/pc-direkthandel.de\/wordpress\/product\/logitech-driving-force-shifter\/","title":{"rendered":"LOGITECH Driving Force Shifter"},"content":{"rendered":"<p><strong>Konzipiert als Zubeh\u00f6r f\u00fcr LOGITECH Driving Force-Rennlenkrad G29\/G920<\/strong><\/p>\n<div class=\"row\">\n<div class=\"col s12\">\n<div class=\"row\">\n<div class=\"col s6\">\n<h5>Schalte zur richtigen Zeit den richtigen Gang ein.<\/h5>\n<p>Der Driving Force\u2122-Schalthebel ist f\u00fcr die Driving Force-Rennlenkr\u00e4der G29 und G920 konzipiert und f\u00fcr die neuesten Rennspiele f\u00fcr PC und Konsole optimiert. Erg\u00e4nze dein Rennlenkrad um den Driving Force-Schalthebel, um deinen Racing Rig zu vervollst\u00e4ndigen und realistischere Rennman\u00f6ver zu erleben.<\/p>\n<\/div>\n<div class=\"col s6\"><img loading=\"lazy\" decoding=\"async\" class=\"alignnone\" src=\"https:\/\/i0.wp.com\/www.one.de\/pimimages\/pimtextpics\/33545\/82fa5244bdb877f57717a560cacd30f1.jpg?resize=438%2C215&#038;ssl=1\" alt=\"\" width=\"438\" height=\"215\" data-recalc-dims=\"1\" \/><\/div>\n<\/div>\n<div class=\"row\">\n<div class=\"col s6\"><img decoding=\"async\" src=\"https:\/\/i0.wp.com\/www.one.de\/pimimages\/pimtextpics\/33545\/2e10867f32738d328cc6dea98b8156ea.jpg?ssl=1\" alt=\"\" data-recalc-dims=\"1\" \/><\/div>\n<div class=\"col s6\">\n<h4>Hochwertige Ausf\u00fchrung<\/h4>\n<h5>Komfort und Zuverl\u00e4ssigkeit bei Rennspielen<\/h5>\n<p>Mit einer Lenkradwelle aus massivem Stahl bietet der Driving Force-Schalthebel pr\u00e4zises Racing und langlebige Zuverl\u00e4ssigkeit. Schaltknauf und -balg sind mit hochwertigem, handgen\u00e4htem Leder bezogen, was dem Schalthebel das Aussehen eines Hochleistungsschalthebels verleiht und ebenso zu deinem Komfort wie zur Langlebigkeit des Produkts beitr\u00e4gt.<\/p>\n<\/div>\n<\/div>\n<div class=\"row\">\n<div class=\"col s6\">\n<h4>GANGSCHALTUNG MIT SECHS VORW\u00c4RTSG\u00c4NGEN UND PUSH-DOWN-R\u00dcCKW\u00c4RTSGANG<\/h4>\n<h5>Beschleunigung in allen G\u00e4ngen beibehalten<\/h5>\n<p>Der Sechs-Gang-Schalthebel mit H-Schaltmuster erm\u00f6glicht fl\u00fcssige und exakte Gangwechsel, die f\u00fcr geschmeidige, pr\u00e4zise \u00dcberg\u00e4nge zwischen scharf geschnittenen Kurven und langen Geraden sorgen.<\/p>\n<\/div>\n<div class=\"col s6\"><img loading=\"lazy\" decoding=\"async\" class=\"alignnone\" src=\"https:\/\/i0.wp.com\/www.one.de\/pimimages\/pimtextpics\/33545\/dd41e99b4331c123654bf2eb644bb256.jpg?resize=438%2C215&#038;ssl=1\" alt=\"\" width=\"438\" height=\"215\" data-recalc-dims=\"1\" \/><\/div>\n<\/div>\n<\/div>\n<\/div>\n<div class=\"row\">\n<div class=\"col s12 m12 l12\"><span class=\"stdbold\">\u00a0<\/span><\/div>\n<\/div>\n","protected":false},"excerpt":{"rendered":"<p>Konzipiert als Zubeh\u00f6r f\u00fcr LOGITECH Driving Force-Rennlenkrad G29\/G920 Schalte zur richtigen Zeit den richtigen Gang ein. Der Driving Force\u2122-Schalthebel ist f\u00fcr die Driving Force-Rennlenkr\u00e4der G29 und G920 konzipiert und f\u00fcr die neuesten Rennspiele f\u00fcr PC und Konsole optimiert. Erg\u00e4nze dein Rennlenkrad um den Driving Force-Schalthebel, um deinen Racing Rig zu vervollst\u00e4ndigen und realistischere Rennman\u00f6ver zu [&hellip;]<\/p>\n","protected":false},"featured_media":2667,"comment_status":"open","ping_status":"closed","template":"","meta":{"_acf_changed":false},"product_cat":[195],"product_tag":[],"acf":[],"jetpack_sharing_enabled":true,"_links":{"self":[{"href":"http:\/\/pc-direkthandel.de\/wordpress\/wp-json\/wp\/v2\/product\/2666"}],"collection":[{"href":"http:\/\/pc-direkthandel.de\/wordpress\/wp-json\/wp\/v2\/product"}],"about":[{"href":"http:\/\/pc-direkthandel.de\/wordpress\/wp-json\/wp\/v2\/types\/product"}],"replies":[{"embeddable":true,"href":"http:\/\/pc-direkthandel.de\/wordpress\/wp-json\/wp\/v2\/comments?post=2666"}],"wp:featuredmedia":[{"embeddable":true,"href":"http:\/\/pc-direkthandel.de\/wordpress\/wp-json\/wp\/v2\/media\/2667"}],"wp:attachment":[{"href":"http:\/\/pc-direkthandel.de\/wordpress\/wp-json\/wp\/v2\/media?parent=2666"}],"wp:term":[{"taxonomy":"product_cat","embeddable":true,"href":"http:\/\/pc-direkthandel.de\/wordpress\/wp-json\/wp\/v2\/product_cat?post=2666"},{"taxonomy":"product_tag","embeddable":true,"href":"http:\/\/pc-direkthandel.de\/wordpress\/wp-json\/wp\/v2\/product_tag?post=2666"}],"curies":[{"name":"wp","href":"https:\/\/api.w.org\/{rel}","templated":true}]}}