{"id":2663,"date":"2019-09-22T21:02:05","date_gmt":"2019-09-22T19:02:05","guid":{"rendered":"http:\/\/pc-direkthandel.de\/wordpress\/?post_type=product&#038;p=2663"},"modified":"2019-09-22T21:02:08","modified_gmt":"2019-09-22T19:02:08","slug":"gembird-jpd-udv-01-pc-dual-shock-gamepad","status":"publish","type":"product","link":"http:\/\/pc-direkthandel.de\/wordpress\/product\/gembird-jpd-udv-01-pc-dual-shock-gamepad\/","title":{"rendered":"Gembird JPD-UDV-01 PC Dual-Shock Gamepad"},"content":{"rendered":"<div class=\"row\">\n<div class=\"col s12\">\n<ul class=\"red-list\">\n<li>FOR TRUE GAMERS<\/li>\n<li>Force Feedback f\u00fcr ein realistisches Spielerlebnis<\/li>\n<li>Ergonomisches Design f\u00fcr komfortables Spielgef\u00fchl \u00fcber Stunden<\/li>\n<\/ul>\n<\/div>\n<\/div>\n<div class=\"row\">\n<div class=\"col s12\">\n<ul class=\"red-list\">\n<li>Dual Gamepad mit Vibration und mit USB-Anschluss<\/li>\n<li>10 Aktions-Tasten, 2 Sticks und 4-Wege D-Pad<\/li>\n<li>Digitaler und analoger Modus<\/li>\n<li>Kompatibel mit allen Spielen, die Gamepad Input unterst\u00fctzen<\/li>\n<\/ul>\n<\/div>\n<\/div>\n","protected":false},"excerpt":{"rendered":"<p>FOR TRUE GAMERS Force Feedback f\u00fcr ein realistisches Spielerlebnis Ergonomisches Design f\u00fcr komfortables Spielgef\u00fchl \u00fcber Stunden Dual Gamepad mit Vibration und mit USB-Anschluss 10 Aktions-Tasten, 2 Sticks und 4-Wege D-Pad Digitaler und analoger Modus Kompatibel mit allen Spielen, die Gamepad Input unterst\u00fctzen<\/p>\n","protected":false},"featured_media":2664,"comment_status":"open","ping_status":"closed","template":"","meta":{"_acf_changed":false},"product_cat":[193],"product_tag":[],"acf":[],"jetpack_sharing_enabled":true,"_links":{"self":[{"href":"http:\/\/pc-direkthandel.de\/wordpress\/wp-json\/wp\/v2\/product\/2663"}],"collection":[{"href":"http:\/\/pc-direkthandel.de\/wordpress\/wp-json\/wp\/v2\/product"}],"about":[{"href":"http:\/\/pc-direkthandel.de\/wordpress\/wp-json\/wp\/v2\/types\/product"}],"replies":[{"embeddable":true,"href":"http:\/\/pc-direkthandel.de\/wordpress\/wp-json\/wp\/v2\/comments?post=2663"}],"wp:featuredmedia":[{"embeddable":true,"href":"http:\/\/pc-direkthandel.de\/wordpress\/wp-json\/wp\/v2\/media\/2664"}],"wp:attachment":[{"href":"http:\/\/pc-direkthandel.de\/wordpress\/wp-json\/wp\/v2\/media?parent=2663"}],"wp:term":[{"taxonomy":"product_cat","embeddable":true,"href":"http:\/\/pc-direkthandel.de\/wordpress\/wp-json\/wp\/v2\/product_cat?post=2663"},{"taxonomy":"product_tag","embeddable":true,"href":"http:\/\/pc-direkthandel.de\/wordpress\/wp-json\/wp\/v2\/product_tag?post=2663"}],"curies":[{"name":"wp","href":"https:\/\/api.w.org\/{rel}","templated":true}]}}