{"id":2144,"date":"2019-09-18T16:36:03","date_gmt":"2019-09-18T14:36:03","guid":{"rendered":"http:\/\/pc-direkthandel.de\/wordpress\/?post_type=product&#038;p=2144"},"modified":"2019-10-17T11:32:37","modified_gmt":"2019-10-17T09:32:37","slug":"microsoft-windows-10-professional-oem-key","status":"publish","type":"product","link":"http:\/\/pc-direkthandel.de\/wordpress\/product\/microsoft-windows-10-professional-oem-key\/","title":{"rendered":"Microsoft Windows 10 Professional (OEM Key)"},"content":{"rendered":"<p>Windows 10 Pro ist das neue Betriebssystem von Microsoft, welches speziell f\u00fcr professionelle Benutzer und Unternehmen entwickelt wurde. Neben den \u00fcblichen Ger\u00e4ten wie PCs und Laptops ist das Betriebssystem Windows 10 Pro auch auf kompatiblen Tablets lauff\u00e4hig. Somit bietet Microsoft Windows 10 Pro auf jeder kompatiblen Plattform mit seinen Funktionen die optimalen Bedingungen, die ein professioneller Benutzer ben\u00f6tigt.<\/p>\n<p>Das neue Betriebssystem Windows 10 Pro bietet vor allem fortgeschrittenen Benutzern aber auch Unternehmen eine optimale Computerunterst\u00fctzung. Das Windows 10 Pro Betriebssystem gl\u00e4nzt, genauso wie die bisherigen Microsoft &#8222;Pro&#8220;-Varianten, mit einer benutzerfreundlichen und modernen Oberfl\u00e4che. Microsoft Windows 10 Pro passt sich zudem auch an jedes Ger\u00e4t und dessen Eigenschaften an. Was die Systemanforderungen f\u00fcr das Windows 10 Pro Betriebssystem angeht, haben sich diese im Vergleich zu den beiden Vorg\u00e4ngerversionen Windows 7 und 8.1 kaum ver\u00e4ndert. Deshalb kommen auch etwas \u00e4ltere Rechner ohne Probleme mit Windows 10 Pro klar, was bei einer Umstellung in einem Unternehmen stark von Vorteil ist.<\/p>\n<p><strong>Neue Features im Betriebssystem Windows 10 Pro<\/strong><\/p>\n<p>Das Betriebssystem Windows 10 Pro bietet seinen Benutzern sogenannte &#8222;Business-Funktionen&#8220; wie Dom\u00e4nenbeitritt, Gruppenrichtlinienverwaltung, BitLocker, der Unternehmensmodus f\u00fcr den Internet Explorer EMIE, Remotedesktop, ein zugewiesener Zugriff 8.1, sowie einem Hyper-V-Client. Au\u00dferdem bringt das Windows 10 Pro Betriebssystem neben den professionellen Funktionen auch allgemeine neue Features und Programme mit sich:<\/p>\n<ul>\n<li>Cortana: Sprachassistent zur intuitiven Bedienung des Systems<\/li>\n<li>Microsoft Edge: Der neue Internetbrowser ersetzt den bisherigen Internet Explorer<\/li>\n<li>Gesichts- und Fingerabdruckerkennung f\u00fcr mehr Sicherheit (entsprechende Ger\u00e4te m\u00fcssen vorhanden sein)<\/li>\n<li>Continuum: Auf den Tablet-Modus umschalten um Touch-Ger\u00e4te besser nutzen zu k\u00f6nnen<\/li>\n<li>Windows Holographic: Anwendungsplattform f\u00fcr die dazugeh\u00f6rige HoloLens-Datenbrille (erweiterte Realit\u00e4t)<\/li>\n<\/ul>\n<p>\u00dcbliche Programme f\u00fcr Mail, Kalender, Musik, Fotos und Videos sowie auch das neue DirectX 12 zur Grafikoptimierung sind ebenfalls im Betriebssystem Windows 10 Pro enthalten. Dar\u00fcber hinaus besteht bei der Microsoft Windows 10 Pro &#8211; Version die M\u00f6glichkeit dem cloudbasierten Verzeichnis- und Identit\u00e4tsverwaltungsdienst Azure Active Directory beizutreten. Mit Hilfe einer einmaligen Anmeldung erhalten Benutzer damit Zugriff auf zahlreiche Cloud-SaaS-Anwendungen wie DropBox, Office 365 und Concur.<\/p>\n<p><strong>Funktionserneuerungen im Betriebssystem Windows 10 Pro<\/strong><\/p>\n<p>In Microsoft Windows 10 Pro wurde, wie auch in der Home-Edition, das Startmen\u00fc \u00fcberarbeitet. Es bietet nun einen Bereich mit Kacheln, welcher mit verschiedenen Funktionen individuell eingerichtet werden kann. Auch der Desktop vom Windows 10 Pro Betriebssystem verf\u00fcgt \u00fcber die neue Funktion, mehrere virtuelle Desktops f\u00fcr unterschiedliche Verwendungszwecke erstellen zu k\u00f6nnen. Microsoft Windows 10 Pro bietet zudem zus\u00e4tzlich Zugriff auf einen Business-Store.<\/p>\n<p><strong>Sicherheit und Datenschutz<\/strong><\/p>\n<p>Der Standard 2.0 der FIDO-Allianz wird auch beim Betriebssystem Windows 10 Pro zur Internetauthentifizierung unterst\u00fctzt. Au\u00dferdem wurde &#8222;Microsoft Hello&#8220;, die biometrische Benutzerauthentifizierung zur passwortfreien Anmeldung, im Zuge dessen ebenfalls eingef\u00fchrt. In Puncto Datenschutz beinhaltet die Microsoft Windows 10 Pro &#8211; Version Enterprise Data Protection zur plattform\u00fcbergreifenden Datenverwaltung.<\/p>\n<p><strong>Professionelle Computerunterst\u00fctzung durch Microsoft Windows 10 Pro<\/strong><\/p>\n<p>Windows soll in Zukunft nur mehr als Service fungieren, weshalb nach Windows 10 keine weiteren Versionen mehr geplant sind. Damit fokussiert sich Microsoft aber nicht nur noch auf Systemoptimierung und Fehlerbehebung. Das Prinzip &#8222;Windows as a Service&#8220; beinhaltet dann auch neue Features, die zum Kaufzeitpunkt noch nicht enthalten waren. Somit wird Windows 10 stetig erweitert und verbessert.<\/p>\n","protected":false},"excerpt":{"rendered":"<p>Windows 10 Pro ist das neue Betriebssystem von Microsoft, welches speziell f\u00fcr professionelle Benutzer und Unternehmen entwickelt wurde. Neben den \u00fcblichen Ger\u00e4ten wie PCs und Laptops ist das Betriebssystem Windows 10 Pro auch auf kompatiblen Tablets lauff\u00e4hig. Somit bietet Microsoft Windows 10 Pro auf jeder kompatiblen Plattform mit seinen Funktionen die optimalen Bedingungen, die ein [&hellip;]<\/p>\n","protected":false},"featured_media":2145,"comment_status":"open","ping_status":"closed","template":"","meta":{"_acf_changed":false},"product_cat":[153],"product_tag":[],"acf":[],"jetpack_sharing_enabled":true,"_links":{"self":[{"href":"http:\/\/pc-direkthandel.de\/wordpress\/wp-json\/wp\/v2\/product\/2144"}],"collection":[{"href":"http:\/\/pc-direkthandel.de\/wordpress\/wp-json\/wp\/v2\/product"}],"about":[{"href":"http:\/\/pc-direkthandel.de\/wordpress\/wp-json\/wp\/v2\/types\/product"}],"replies":[{"embeddable":true,"href":"http:\/\/pc-direkthandel.de\/wordpress\/wp-json\/wp\/v2\/comments?post=2144"}],"wp:featuredmedia":[{"embeddable":true,"href":"http:\/\/pc-direkthandel.de\/wordpress\/wp-json\/wp\/v2\/media\/2145"}],"wp:attachment":[{"href":"http:\/\/pc-direkthandel.de\/wordpress\/wp-json\/wp\/v2\/media?parent=2144"}],"wp:term":[{"taxonomy":"product_cat","embeddable":true,"href":"http:\/\/pc-direkthandel.de\/wordpress\/wp-json\/wp\/v2\/product_cat?post=2144"},{"taxonomy":"product_tag","embeddable":true,"href":"http:\/\/pc-direkthandel.de\/wordpress\/wp-json\/wp\/v2\/product_tag?post=2144"}],"curies":[{"name":"wp","href":"https:\/\/api.w.org\/{rel}","templated":true}]}}