{"id":2142,"date":"2019-09-18T16:30:44","date_gmt":"2019-09-18T14:30:44","guid":{"rendered":"http:\/\/pc-direkthandel.de\/wordpress\/?post_type=product&#038;p=2142"},"modified":"2019-09-18T16:32:23","modified_gmt":"2019-09-18T14:32:23","slug":"age-of-wonders","status":"publish","type":"product","link":"http:\/\/pc-direkthandel.de\/wordpress\/product\/age-of-wonders\/","title":{"rendered":"Age of Wonders"},"content":{"rendered":"<p>Willkommen bei Age of Wonders, dem runden-basierenden Fantasy-Stategie Klassiker, welches den Beginn der ganzen Erfolgsserie darstellt. Die vertrauliche Atmosph\u00e4re, untermalt von malerischer Grafik ist es, was Age of Wonders auch heute noch auszeichnet. Das Spiel ist bereits vollkommen aktualisiert, beginnen Sie schon heute Ihr Fantasy-K\u00f6nigreich zu bauen!Age of Wonders spielt in einem fr\u00fcheren Zeitalter voller Magie und Frieden. Ein Zeitalter, in den uners\u00e4ttlichen Sturm des Chaos gest\u00fcrzt, durch eine einzige, unerw\u00fcnschte Rasse: Dem Menschen. Die zerbrechliche Balance, welche zwischen den alten Rassen Elfen, Zwergen, Orcs und Anderen existierte, hat sich in einen Kampf um Macht und \u00dcberleben verwandelt, ausgel\u00f6st durch die Unruhen, die der Mensch in das Reich brachte. Bereiten Sie sich auf ein Abenteuer vor, in welchem Sie antike Artefakte, wundervolle magische Kr\u00e4fte und Geheimnisse eines zerr\u00fctteten Reiches entdecken werden. Schlie\u00dfen Sie sich mit den Kr\u00e4ften des Lichts oder der Dunkelheit zusammen und bestimmten Sie das Schicksal der Welt von World of Wonders!<\/p>\n<p>Bei uns bekommen Sie den Serial Code Key f\u00fcr die Aktivierung des Spiels von innerhalb der oben angegebenen Lieferzeit direkt per Email zugesendet.<\/p>\n<p>Willkommen bei Age of Wonders, dem runden-basierenden Fantasy-Stategie Klassiker, welches den Beginn der ganzen Erfolgsserie darstellt!<\/p>\n<p>Ihren Key k\u00f6nnen Sie <a href=\"https:\/\/secure.gog.com\/redeem\" rel=\"nofollow\">hier<\/a> bei GOG einl\u00f6sen. Den Spiel-Client k\u00f6nnen Sie dort nach der Aktivierung herunterladen.<\/p>\n","protected":false},"excerpt":{"rendered":"<p>Willkommen bei Age of Wonders, dem runden-basierenden Fantasy-Stategie Klassiker, welches den Beginn der ganzen Erfolgsserie darstellt. Die vertrauliche Atmosph\u00e4re, untermalt von malerischer Grafik ist es, was Age of Wonders auch heute noch auszeichnet. Das Spiel ist bereits vollkommen aktualisiert, beginnen Sie schon heute Ihr Fantasy-K\u00f6nigreich zu bauen!Age of Wonders spielt in einem fr\u00fcheren Zeitalter voller [&hellip;]<\/p>\n","protected":false},"featured_media":2143,"comment_status":"open","ping_status":"closed","template":"","meta":{"_acf_changed":false},"product_cat":[167],"product_tag":[],"acf":[],"jetpack_sharing_enabled":true,"_links":{"self":[{"href":"http:\/\/pc-direkthandel.de\/wordpress\/wp-json\/wp\/v2\/product\/2142"}],"collection":[{"href":"http:\/\/pc-direkthandel.de\/wordpress\/wp-json\/wp\/v2\/product"}],"about":[{"href":"http:\/\/pc-direkthandel.de\/wordpress\/wp-json\/wp\/v2\/types\/product"}],"replies":[{"embeddable":true,"href":"http:\/\/pc-direkthandel.de\/wordpress\/wp-json\/wp\/v2\/comments?post=2142"}],"wp:featuredmedia":[{"embeddable":true,"href":"http:\/\/pc-direkthandel.de\/wordpress\/wp-json\/wp\/v2\/media\/2143"}],"wp:attachment":[{"href":"http:\/\/pc-direkthandel.de\/wordpress\/wp-json\/wp\/v2\/media?parent=2142"}],"wp:term":[{"taxonomy":"product_cat","embeddable":true,"href":"http:\/\/pc-direkthandel.de\/wordpress\/wp-json\/wp\/v2\/product_cat?post=2142"},{"taxonomy":"product_tag","embeddable":true,"href":"http:\/\/pc-direkthandel.de\/wordpress\/wp-json\/wp\/v2\/product_tag?post=2142"}],"curies":[{"name":"wp","href":"https:\/\/api.w.org\/{rel}","templated":true}]}}