{"id":2140,"date":"2019-09-18T16:28:15","date_gmt":"2019-09-18T14:28:15","guid":{"rendered":"http:\/\/pc-direkthandel.de\/wordpress\/?post_type=product&#038;p=2140"},"modified":"2019-09-18T16:30:13","modified_gmt":"2019-09-18T14:30:13","slug":"the-witcher-3-wild-hunt-expansion-pass","status":"publish","type":"product","link":"http:\/\/pc-direkthandel.de\/wordpress\/product\/the-witcher-3-wild-hunt-expansion-pass\/","title":{"rendered":"The Witcher 3 &#8211; Wild Hunt (Expansion Pass)"},"content":{"rendered":"<p>Der Expansion Pass umfasst zwei epische Abenteuer in der lebendigen Welt des Monsterj\u00e4gers Geralt von Riva.<\/p>\n<p>In HEARTS OF STONE erlebt Geralt ein neues 10-st\u00fcndiges Abenteuer in der Wildnis des Niemandslands und in den Gassen von Oxenfurt, wo er versucht, den Auftrag des mysteri\u00f6sen Mannes des Glases zu erf\u00fcllen. Viel Lug und Trug erwarten Geralt, der all seinen Verstand und seine St\u00e4rke brauchen wird, um das R\u00e4tsel zu l\u00f6sen und unbeschadet zu \u00fcberstehen.<\/p>\n<p>BLOOD AND WINE ist eine 20-st\u00fcndige Geschichte in der neuen Spielregion Toussaint, die vom Krieg unber\u00fchrt ist und in der eine Atmosph\u00e4re von sorglosem Genuss und ritterlicher Gepflogenheiten ein uraltes blutiges Geheimnis verbirgt.<\/p>\n<p>Die kommenden Erweiterungen bieten neue Inhalte, Gegenst\u00e4nde und Gegner &#8211; stets mit gr\u00f6\u00dftem Augenmerk auf Detail und Qualit\u00e4t &#8211; und es wird zu Begegnungen mit unbekannten sowie mit schmerzlich vermissten Charakteren kommen.<\/p>\n<p>Bei uns bekommen Sie den Serial Code Key f\u00fcr die Aktivierung des Expansion Pass von CD Projekt innerhalb der oben angegebenen Lieferzeit direkt per Email zugesendet.<\/p>\n<p>Der Expansion Pass umfasst zwei zus\u00e4tzliche epische Abenteuer in der lebendigen Welt des Monsterj\u00e4gers Geralt von Riva.<\/p>\n<p>Mit dem Key k\u00f6nnen Sie sich den Expansion Pass \u00fcber GOG kostenlos herunterladen und installieren.<\/p>\n<p>Details \u00fcber den Download erhalten Sie zusammen mit dem Key.<\/p>\n<p>Das Originalspiel The Witcher 3: Wild Hunt (nicht in diesem Angebot enthalten) wird ben\u00f6tigt, um die Inhalte des Expansion Pass verwenden bzw. spielen zu k\u00f6nnen.<\/p>\n","protected":false},"excerpt":{"rendered":"<p>Der Expansion Pass umfasst zwei epische Abenteuer in der lebendigen Welt des Monsterj\u00e4gers Geralt von Riva. In HEARTS OF STONE erlebt Geralt ein neues 10-st\u00fcndiges Abenteuer in der Wildnis des Niemandslands und in den Gassen von Oxenfurt, wo er versucht, den Auftrag des mysteri\u00f6sen Mannes des Glases zu erf\u00fcllen. Viel Lug und Trug erwarten Geralt, [&hellip;]<\/p>\n","protected":false},"featured_media":2141,"comment_status":"open","ping_status":"closed","template":"","meta":{"_acf_changed":false},"product_cat":[167],"product_tag":[],"acf":[],"jetpack_sharing_enabled":true,"_links":{"self":[{"href":"http:\/\/pc-direkthandel.de\/wordpress\/wp-json\/wp\/v2\/product\/2140"}],"collection":[{"href":"http:\/\/pc-direkthandel.de\/wordpress\/wp-json\/wp\/v2\/product"}],"about":[{"href":"http:\/\/pc-direkthandel.de\/wordpress\/wp-json\/wp\/v2\/types\/product"}],"replies":[{"embeddable":true,"href":"http:\/\/pc-direkthandel.de\/wordpress\/wp-json\/wp\/v2\/comments?post=2140"}],"wp:featuredmedia":[{"embeddable":true,"href":"http:\/\/pc-direkthandel.de\/wordpress\/wp-json\/wp\/v2\/media\/2141"}],"wp:attachment":[{"href":"http:\/\/pc-direkthandel.de\/wordpress\/wp-json\/wp\/v2\/media?parent=2140"}],"wp:term":[{"taxonomy":"product_cat","embeddable":true,"href":"http:\/\/pc-direkthandel.de\/wordpress\/wp-json\/wp\/v2\/product_cat?post=2140"},{"taxonomy":"product_tag","embeddable":true,"href":"http:\/\/pc-direkthandel.de\/wordpress\/wp-json\/wp\/v2\/product_tag?post=2140"}],"curies":[{"name":"wp","href":"https:\/\/api.w.org\/{rel}","templated":true}]}}