{"id":2138,"date":"2019-09-18T16:25:06","date_gmt":"2019-09-18T14:25:06","guid":{"rendered":"http:\/\/pc-direkthandel.de\/wordpress\/?post_type=product&#038;p=2138"},"modified":"2019-09-18T16:27:51","modified_gmt":"2019-09-18T14:27:51","slug":"the-witcher-3-wild-hunt","status":"publish","type":"product","link":"http:\/\/pc-direkthandel.de\/wordpress\/product\/the-witcher-3-wild-hunt\/","title":{"rendered":"The Witcher 3 &#8211; Wild Hunt"},"content":{"rendered":"<p>&#8222;The Witcher 3: Wild Hunt&#8220; ist die abschlie\u00dfende Episode der preisgekr\u00f6nten RPG-Reihe und der letzte Teil der Legende Geralt von Rivas. Der Titel wird das robusteste, atemberaubendste aller CD Projekt RED-Spiele. Das freie Erkunden der offenen Welt ist ein Abenteuer an sich \u2013 der Spieler wird kriegsverheerte Landstriche vorfinden, neblige Gew\u00e4sser durchsegeln und gegen Geld gef\u00e4hrliche Bestien zur Strecke bringen. Ein verbessertes Kampfsystem wird ihm gestatten, als echter Monsterj\u00e4ger zu agieren, als Hexer, der mit seinen besonderen Hexersinnen und \u00fcberlegenen Kampffertigkeiten in einer d\u00fcsteren Fantasywelt \u00fcberlebt, um schlie\u00dflich seine Mission zu erf\u00fcllen und diejenigen zu retten, die er liebt. Die Spielmechanik von The Witcher 3 gestattet ein vollst\u00e4ndiges Eintauchen in die Hexerwelt. Quicktime-Events gibt es nicht \u2013 nur intuitives RPG-Gameplay.<\/p>\n<p>The Witcher 3: Wilde Jagd ist ein Rollenspiel der n\u00e4chsten Generation mit packender Story und offener Welt, in einem grafisch atemberaubenden Fantasy-Universum voller folgenreicher Entscheidungen und einschneidender Konsequenzen. In The Witcher schl\u00fcpft der Spieler in die Rolle des Geralt von Riva, dessen Aufgabe es ist, in einer riesigen offenen Welt voller Handelsst\u00e4dte, Wikinger-Pirateninseln, gef\u00e4hrlicher Gebirgsp\u00e4sse und vergessener Kavernen das Kind aus einer Prophezeiung zu finden.<\/p>\n<p>Spiele einen speziell ausgebildeten Auftrags-Monsterschl\u00e4chter: Hexer sind von Kindesbeinen an ausgebildete und Mutationen unterzogene K\u00e4mpfer mit \u00fcbermenschlichen F\u00e4higkeiten, Kr\u00e4ften und Reflexen &#8211; und damit die Antwort auf eine Welt voller Monster.<\/p>\n<ul>\n<li>Besiege als spezialisierter J\u00e4ger f\u00fcrchterliche Gegner. F\u00fchre eine Auswahl von Nah- und Fernkampfwaffen, die sich noch verbessern lassen, sowie Mutationstr\u00e4nke und Kampfmagie ins Feld.<\/li>\n<li>Bring diverse exotische Monster zur Strecke \u2500 von der wilden Bestie auf dem Gebirgspass bis zum verschlagenen \u00fcbernat\u00fcrlichen Raubwesen, das in den Schatten dicht besiedelter St\u00e4dte lauert.<\/li>\n<li>Investiere deinen Lohn in ma\u00dfgefertigte R\u00fcstungen und die Verbesserung deiner Waffen. Oder bring ihn bei Pferderennen, Kartenspielen, Faustk\u00e4mpfen und anderen Lustbarkeiten der Nacht durch.<\/li>\n<\/ul>\n<p>Erkunde eine moralisch indifferente Fantasywelt: Die weitl\u00e4ufige offene Welt von The Witcher setzt hinsichtlich Dimensionen, Tiefe und Komplexit\u00e4t neue Ma\u00dfst\u00e4be und l\u00e4dt zu endlosen Abenteuern ein.<\/p>\n<ul>\n<li>Reise durch eine fantastische offene Welt, erkunde vergessene Ruinen, H\u00f6hlen und Schiffswracks, feilsche in den St\u00e4dten mit Kaufleuten und Zwergenschmieden, jage auf den weiten Ebenen, den Gebirgen und Meeren.<\/li>\n<li>Werde mit verr\u00e4terischen Gener\u00e4len, hinterlistigen Hexen und korrupten Adligen fertig, die dunkle, gef\u00e4hrliche Aufgaben f\u00fcr dich haben.<\/li>\n<li>Triff Entscheidungen jenseits von gut und b\u00f6se und trage deren weitreichende Konsequenzen.<\/li>\n<\/ul>\n<p>Finde das Kind aus einer Prophezeiung: Bew\u00e4ltige den wichtigsten Auftrag und finde das Kind aus einer Prophezeiung, den Schl\u00fcssel zur Rettung oder Zerst\u00f6rung der Welt.<\/p>\n<ul>\n<li>Finde in Kriegszeiten das Kind aus einer Prophezeiung, eine lebendige Waffe der Kraft, die von alten Elfenlegenden geweissagt wurde.<\/li>\n<li>K\u00e4mpfe gegen grimmige Herrscher, gegen Geister der Wildnis und sogar gegen jene au\u00dferweltliche Bedrohung, die die Herrschaft \u00fcber diese Welt anstrebt.<\/li>\n<li>W\u00e4hle dein Schicksal in einer Welt, die der Rettung vielleicht nicht wert ist.<\/li>\n<\/ul>\n<p>Voll realisierte n\u00e4chste Generation!<\/p>\n<ul>\n<li>Exklusiv f\u00fcr Hardware der n\u00e4chsten Generation entwickelt gibt die REDengine 3 die Welt von The Witcher visuell nuanciert und lebendig wieder, gleich einer Realit\u00e4t gewordenen Fantasie.<\/li>\n<li>Ein dynamisches Wettersystem sowie Tag-und-Nacht-Zyklen beeinflussen die Welt und das Verhalten der vielf\u00e4ltigen Bewohner.<\/li>\n<li>Eine Storyline, deren Haupt- als auch Nebenhandlungen mit Entscheidungen gespickt sind, erm\u00f6glicht eine nie zuvor gekannte Einflussnahme der Spieler auf diese gro\u00dfe offene Welt.<\/li>\n<\/ul>\n<p><iframe loading=\"lazy\" title=\"The Witcher 3 Wild Hunt - Gameplay Trailer HD\" width=\"500\" height=\"281\" src=\"https:\/\/www.youtube.com\/embed\/HDyIsVkINYw?feature=oembed\" frameborder=\"0\" allow=\"accelerometer; autoplay; clipboard-write; encrypted-media; gyroscope; picture-in-picture; web-share\" referrerpolicy=\"strict-origin-when-cross-origin\" allowfullscreen><\/iframe><\/p>\n<p>Bei uns bekommen Sie den Serial Code Key f\u00fcr die Aktivierung des Spiels von CD Projekt innerhalb der oben angegebenen Lieferzeit direkt per Email zugesendet.<\/p>\n<p>Ein Rollenspiel der n\u00e4chsten Generation mit packender Story und offener Welt, in einem grafisch atemberaubenden Fantasy-Universum.<\/p>\n<p>Ihren Key k\u00f6nnen Sie <a href=\"https:\/\/secure.gog.com\/redeem\" rel=\"nofollow\">hier<\/a> bei GOG einl\u00f6sen. Den Spiel-Client k\u00f6nnen Sie dort nach der Aktivierung herunterladen.<\/p>\n","protected":false},"excerpt":{"rendered":"<p>&#8222;The Witcher 3: Wild Hunt&#8220; ist die abschlie\u00dfende Episode der preisgekr\u00f6nten RPG-Reihe und der letzte Teil der Legende Geralt von Rivas. Der Titel wird das robusteste, atemberaubendste aller CD Projekt RED-Spiele. Das freie Erkunden der offenen Welt ist ein Abenteuer an sich \u2013 der Spieler wird kriegsverheerte Landstriche vorfinden, neblige Gew\u00e4sser durchsegeln und gegen Geld [&hellip;]<\/p>\n","protected":false},"featured_media":2139,"comment_status":"open","ping_status":"closed","template":"","meta":{"_acf_changed":false},"product_cat":[167],"product_tag":[],"acf":[],"jetpack_sharing_enabled":true,"_links":{"self":[{"href":"http:\/\/pc-direkthandel.de\/wordpress\/wp-json\/wp\/v2\/product\/2138"}],"collection":[{"href":"http:\/\/pc-direkthandel.de\/wordpress\/wp-json\/wp\/v2\/product"}],"about":[{"href":"http:\/\/pc-direkthandel.de\/wordpress\/wp-json\/wp\/v2\/types\/product"}],"replies":[{"embeddable":true,"href":"http:\/\/pc-direkthandel.de\/wordpress\/wp-json\/wp\/v2\/comments?post=2138"}],"wp:featuredmedia":[{"embeddable":true,"href":"http:\/\/pc-direkthandel.de\/wordpress\/wp-json\/wp\/v2\/media\/2139"}],"wp:attachment":[{"href":"http:\/\/pc-direkthandel.de\/wordpress\/wp-json\/wp\/v2\/media?parent=2138"}],"wp:term":[{"taxonomy":"product_cat","embeddable":true,"href":"http:\/\/pc-direkthandel.de\/wordpress\/wp-json\/wp\/v2\/product_cat?post=2138"},{"taxonomy":"product_tag","embeddable":true,"href":"http:\/\/pc-direkthandel.de\/wordpress\/wp-json\/wp\/v2\/product_tag?post=2138"}],"curies":[{"name":"wp","href":"https:\/\/api.w.org\/{rel}","templated":true}]}}